{"id":12668,"date":"2016-05-29T14:13:30","date_gmt":"2016-05-29T14:13:30","guid":{"rendered":"http:\/\/abioniv.com\/?page_id=12668&#038;lang=en"},"modified":"2017-05-01T09:00:43","modified_gmt":"2017-05-01T09:00:43","slug":"terms-and-conditions","status":"publish","type":"page","link":"https:\/\/abioniv.com\/en\/terms-and-conditions\/","title":{"rendered":"Terms and Conditions"},"content":{"rendered":"<h2>Allgemeine Gesch\u00e4ftsbedingungen f\u00fcr Verkauf Online-Produkte<\/h2>\n<ol>\n<h3>\n<li>Geltungsbereich<\/li>\n<\/h3>\n<ol>\n<li>Diese allgemeinen Gesch\u00e4ftsbedingungen gelten f\u00fcr alle Bestellungen, die Kunden \u00fcber den Online-Shop der Firma Abioniv GmbH, Place des Sciences 1, 2822 Courroux, UID: CHE-462.607.360, nachfolgend ABCD AG genannt, t\u00e4tigen.<\/li>\n<li>Mit der best\u00e4tigten Bestellung gelten diese allgemeinen Gesch\u00e4ftsbedingungen als vom Besteller akzeptiert.<\/li>\n<\/ol>\n<h3>\n<li>Angebot und Vertragsschluss<\/li>\n<\/h3>\n<ol>\n<li>Die Darstellung der Produkte im Online-Shop stellt kein rechtlich bindendes Angebot, sondern eine Aufforderung zur Bestellung dar.<\/li>\n<li>Durch Anklicken des Buttons (Bestellen) gibt der Kunde eine verbindliche Bestellung aller auf der Bestellseite aufgelisteten Produkte ab.<\/li>\n<li>Unmittelbar nach Erhalt der Bestellung best\u00e4tigt ABCD AG die Bestellung per E-Mail. Der Kaufvertrag kommt bei nicht physischen Waren sofort zustande, bei physischen Waren durch deren Auslieferung.<\/li>\n<\/ol>\n<h3>\n<li>Preise und Versandkosten<\/li>\n<\/h3>\n<ol>\n<li>Die auf der Produktseite genannten Preise sind exklusiv gesetzliche Mehrwertsteuer und sonstige Preisbestandteile (Porto, Verpackung) und verstehen sich in Schweizer Franken (CHF). Die genauen Versandkosten werden dem Kunden im Bestellprozess angezeigt.<\/li>\n<li>Weitere Steuern und Kosten fallen (mit Ausnahme von Z\u00f6llen bei Lieferungen ins Ausland) nicht an.<\/li>\n<li>Der Anbieter beh\u00e4lt sich das Recht vor, die Preise jederzeit zu \u00e4ndern. F\u00fcr die Kunden gelten die am Bestelldatum auf der Webseite ver\u00f6ffentlichten Preise.<\/li>\n<\/ol>\n<h3>\n<li>Lieferbedingungen<\/li>\n<\/h3>\n<ol>\n<li>Die Lieferung physischer Waren erfolgt innerhalb der Schweiz und der EU.<\/li>\n<li>Die Lieferzeit betr\u00e4gt, sofern nicht beim Angebot anders angegeben, f\u00fcr die Schweiz und Liechtenstein 1 bis 2 Werktage. Bei Lieferungen in die EU betr\u00e4gt die Lieferzeit zwischen 5 und 10 Werktagen. Ist eine l\u00e4ngere Lieferfrist notwendig, wird der Kunde sp\u00e4testens nach Ablauf dieser Zeit informiert. Sollte keine Information erfolgen, ist der Kunde berechtigt, auf die Lieferung zu verzichten.<\/li>\n<li>Sollten nicht alle bestellten Produkte vorr\u00e4tig sein, ist die ABCD AG zu Teillieferungen berechtigt.<\/li>\n<li>Sollte die Zustellung der Ware durch Verschulden des Kunden trotz dreimaligem Auslieferungsversuchs scheitern, kann die ABCD AG vom Vertrag zur\u00fccktreten. Gegebenenfalls geleistete Zahlungen werden unverz\u00fcglich zur\u00fcckerstattet.<\/li>\n<\/ol>\n<h3>\n<li>Zahlungsbedingungen<\/li>\n<\/h3>\n<ol>\n<li>Die Zahlung erfolgt f\u00fcr Kunden in der Schweiz wahlweise per Rechnung, \u00dcberweisung oder per Paypal. F\u00fcr Kunden in der EU erfolgt die Zahlung ausschliesslich per \u00dcberweisung, per Paypal.<\/li>\n<li>Bei der Zahlung per Rechnung betr\u00e4gt die Zahlungsfrist 30 Tage. Bleibt die Bezahlung aus, so wird der Zugriff f\u00fcr die Arbeitsplatz-L\u00f6sungen gesperrt, bis die Geb\u00fchr beglichen ist. Die ABCD AG ist berechtigt, ihre Aufwendungen im Mahnwesen an den s\u00e4umigen Kunden weiter zu verrechnen. Betreibungsrechtliche Schritte bleiben vorbehalten.<\/li>\n<li>Bei der Zahlung per Paypal erfolgt die Belastung des Kontos des Kunden zum Zeitpunkt der Bestellung.<\/li>\n<li>Eine Verrechnung mit nicht anerkannten oder nicht rechtskr\u00e4ftig festgestellten Gegenforderungen des Kunden ist ausgeschlossen.<\/li>\n<li>Der Kunde kann ein Zur\u00fcckbehaltungsrecht nur aus\u00fcben, soweit die Anspr\u00fcche auf dem gleichen Vertragsverh\u00e4ltnis beruhen.<\/li>\n<\/ol>\n<h3>\n<li>Eigentumsvorbehalt<\/li>\n<\/h3>\n<p>Die Ware bleibt bis zur vollst\u00e4ndigen Zahlung im Eigentum der ABCDAG. Vor \u00dcbergang des Eigentums ist eine Verpf\u00e4ndung, Sicherungs\u00fcbereignung, Verarbeitung oder Umgestaltung ohne Zustimmung der ABCD AG nicht gestattet.<\/p>\n<h3>\n<li>Widerrufsrecht<\/li>\n<\/h3>\n<ol>\n<li>Konsumenten haben das Recht, die Vertragserkl\u00e4rung innerhalb von 14 Tagen nach Erhalt der Ware zu widerrufen. Der Widerruf ist der ABCD AG schriftlich per E-Mail, Fax oder Brief zuzustellen. F\u00fcr die Wahrung der Frist ist der Zeitpunkt der Absendung des Widerrufs massgebend. Eine Begr\u00fcndung des Widerrufs ist nicht erforderlich. Die Widerrufserkl\u00e4rung ist zu richten an:<br \/>\nAbioniv GmbH, <div class=\"fusion-fullwidth fullwidth-box fusion-builder-row-1 hundred-percent-fullwidth non-hundred-percent-height-scrolling\" style=\"--awb-border-radius-top-left:0px;--awb-border-radius-top-right:0px;--awb-border-radius-bottom-right:0px;--awb-border-radius-bottom-left:0px;--awb-overflow:visible;--awb-flex-wrap:wrap;\" ><div class=\"fusion-builder-row fusion-row\"><div class=\"fusion-layout-column fusion_builder_column fusion-builder-column-0 fusion_builder_column_1_1 1_1 fusion-one-full fusion-column-first fusion-column-last fusion-column-no-min-height\" style=\"--awb-bg-size:cover;--awb-margin-bottom:0px;\"><div class=\"fusion-column-wrapper fusion-flex-column-wrapper-legacy\">[Place des Sciences 1, 2822 Courroux, e: info@abioniv.com, t: +41 22 346 0033.]<\/li>\n<li>Die Aus\u00fcbung des Widerrufsrechts f\u00fchrt zur Umwandlung des Kaufvertrags in ein R\u00fcckabwicklungsverh\u00e4ltnis, wonach die im Rahmen des Kaufvertrags empfangenen Leistungen zur\u00fcck erstattet werden m\u00fcssen.  Der Konsument muss die erhaltenen Waren mit der Originalverpackung innert 14 Tagen nach Erkl\u00e4rung des Widerrufs an die ABCD AG zur\u00fccksenden. Die Kosten f\u00fcr die R\u00fccksendung tr\u00e4gt der Konsument.<\/li>\n<li>Nach Eingang der Ware wird der Kaufpreis, sofern bereits bezahlt,  dem Konsumenten umgehend zur\u00fcckerstattet. Vorbehalten bleibt ein Abzug des zu erstattenden Kaufpreises f\u00fcr m\u00f6gliche Besch\u00e4digungen oder \u00fcberm\u00e4ssige Abnutzung der Ware. Kein Abzug erfolgt, wenn der Wertverlust auf einen zur Feststellung der Art, Beschaffenheit und Funktionst\u00fcchtigkeit der Ware notwendigen Umgang mit ihr zur\u00fcckzuf\u00fchren ist. Die ABCD AG kann die R\u00fcckzahlung verweigern, bis die Waren zur\u00fcckerhalten wurden bzw. bis der Konsument den Nachweis erbracht hat, dass er die Waren zur\u00fcckgeschickt hat, je nachdem, welches der fr\u00fchere Zeitpunkt ist.<\/li>\n<li>Das Widerrufsrecht ist ausgeschlossen f\u00fcr folgende Punkte:<br \/>\nIndividuelle Firmenl\u00f6sungen, die eindeutig auf die pers\u00f6nlichen Bed\u00fcrfnisse des Kunden zugeschnitten werden<br \/>\nDigitale Inhalte, deren Ausf\u00fchrung gleichzeitig mit der Bestellung erfolgt und die nicht auf materiellen Datentr\u00e4gern geliefert werden<br \/>\nDienstleistungen, die bereits vollst\u00e4ndig erbracht wurden oder deren Ausf\u00fchrung bereits begonnen hat<\/li>\n<\/ol>\n<h3>\n<li>Gew\u00e4hrleistung und Haftung<\/li>\n<\/h3>\n<ol>\n<li>ABCD AG gew\u00e4hrt dass die Ware den zugesicherten Eigenschaften entspricht, keine ihren Wert oder Tauglichkeit zum vorausgesetzten Gebrauch beeintr\u00e4chtigende M\u00e4ngel hat sowie den vorgeschriebenen Leistungen und Spezifikationen entspricht. ABCD AG beh\u00e4lt sich vor, im Sinne einer Nachbesserung oder Ersatzlieferung, einen bestehenden Mangel zu beseitigen oder eine mangelfreie Sache nachzuliefern.<\/li>\n<li>Der K\u00e4ufer hat die gelieferte Ware so rasch wie m\u00f6glich zu pr\u00fcfen und M\u00e4ngel sofort zu melden. Unseren zust\u00e4ndigen Kundendienst finden Sie unter [info@abioniv.com].<\/li>\n<li>Schlagen Nachbesserung oder Nachlieferung fehl, ist der Kunde zum R\u00fccktritt vom Vertrag berechtigt. Dies gilt nicht f\u00fcr unerhebliche M\u00e4ngel. Ein Recht des Kunden auf Minderung ist ausgeschlossen.<\/li>\n<\/ol>\n<h3>\n<li>Vertragsdauer, Berechtigungen und K\u00fcndigung bei Abonnementen<\/h3>\n<\/li>\n<p>Abonnemente werden auf eine bestimmte Dauer abgeschlossen. Im Normalfall betr\u00e4gt diese Dauer 6 oder 12 Monate. Jedes Abonnement berechtigt eine Person, falls nicht anders vereinbart,  zur uneingeschr\u00e4nkten Nutzung w\u00e4hrend der Laufzeit des Vertrags. Vor Ablauf des Abonnements erh\u00e4lt der Kunde eine Rechnung f\u00fcr die Verl\u00e4ngerung des Vertrages um den gleichen Zeitraum. Eine K\u00fcndigung ist der ABCD AG innert 30 Tagen ab diesem Zeitpunkt schriftlich mitzuteilen. Gleichzeitig mit der K\u00fcndigung erlischt die Zugriffsberechtigung.<\/p>\n<h3>\n<li>Passw\u00f6rter \/ Geheimhaltung<\/h3>\n<\/li>\n<p>Der Kunde verpflichtet sich bei online zur Verf\u00fcgung gestellten Produkten, die \u00fcberlassenen Zugangsdaten zum System sowie dazu eingerichtete Passw\u00f6rter streng vertraulich und mit \u00e4usserster Sorgfalt zu behandeln. Die ABCD AG beh\u00e4lt sich vor, bei Entdecken der multiplen Benutzung von Zugangsdaten eines Einzelberechtigten, die Nutzungsberechtigung unverz\u00fcglich zu beenden.<\/p>\n<h3>\n<li>Urheberrecht \/ Copyright<\/li>\n<\/h3>\n<p>Inhalt und Struktur der durch die ABCD AG publizierten Produkte und das gesamte Internetangebot sind urheberrechtlich gesch\u00fctzt. Die Verwendung von Beitr\u00e4gen und Arbeitshilfen zum Eigengebrauch durch den Kunden ist gestattet, jedoch bedarf eine vollst\u00e4ndige oder teilweise kommerzielle Verbreitung der ausdr\u00fccklichen Zustimmung der ABCD AG.<\/p>\n<h3>\n<li>Haftung<\/li>\n<\/h3>\n<p>Die ABCD AG schliesst die Haftung f\u00fcr leicht fahrl\u00e4ssige Vertragsverletzungen aus. Gleiches gilt f\u00fcr Vertragsverletzungen von Hilfspersonen und Substituten. Die ABCD AG \u00fcbernimmt keine Verantwortung f\u00fcr Fehler, die nicht in ihrem Verantwortungsbereich, namentlich bei Betreibern von Telekommunikationsdiensten, dem Hosting Provider oder sonstigen Drittdienstleistern liegen.<\/li>\n<h3>\n<li>Gerichtsstand und anwendbares Recht<\/li>\n<\/h3>\n<p>Die Vertragsbeziehungen zwischen dem Kunden und der ABCD AG unterstehen dem materiellen schweizerischen Recht unter Ausschluss des \u00dcbereinkommens der Vereinten Nationen \u00fcber den internationalen Warenkauf vom 11. April 1980. F\u00fcr aus diesen Vertragsbeziehungen resultierende Streitigkeiten ist das ordentliche Gericht in Z\u00fcrich zust\u00e4ndig.<\/p>\n<h3>\n<li>Schlussbestimmungen<\/li>\n<\/h3>\n<p>Falls Teile dieser allgemeinen Gesch\u00e4ftsbedingungen unwirksam sein sollten, wird dadurch die G\u00fcltigkeit der \u00fcbrigen Bestimmungen nicht ber\u00fchrt. Anstelle der unwirksamen Bestimmungen treten sinngem\u00e4ss die einschl\u00e4gigen gesetzlichen Bestimmungen.\n<\/ol>\n<div class=\"fusion-clearfix\"><\/div><\/div><\/div><\/div><\/div><\/p>\n","protected":false},"excerpt":{"rendered":"<p>Allgemeine Gesch\u00e4ftsbedingungen f\u00fcr Verkauf Online-Produkte Geltungsbereich Diese allgemeinen Gesch\u00e4ftsbedingungen gelten [&hellip;]<\/p>\n","protected":false},"author":1,"featured_media":0,"parent":0,"menu_order":0,"comment_status":"closed","ping_status":"closed","template":"","meta":{"_mi_skip_tracking":false,"footnotes":""},"yoast_head":"<!-- This site is optimized with the Yoast SEO Premium plugin v18.8 (Yoast SEO v24.1) - https:\/\/yoast.com\/wordpress\/plugins\/seo\/ -->\n<title>Terms and Conditions - Abioniv - Biotechnolgy Solutions<\/title>\n<meta name=\"robots\" content=\"index, follow, max-snippet:-1, max-image-preview:large, max-video-preview:-1\" \/>\n<link rel=\"canonical\" href=\"https:\/\/abioniv.com\/en\/terms-and-conditions\/\" \/>\n<meta property=\"og:locale\" content=\"en_US\" \/>\n<meta property=\"og:type\" content=\"article\" \/>\n<meta property=\"og:title\" content=\"Terms and Conditions\" \/>\n<meta property=\"og:description\" content=\"Allgemeine Gesch\u00e4ftsbedingungen f\u00fcr Verkauf Online-Produkte Geltungsbereich Diese allgemeinen Gesch\u00e4ftsbedingungen gelten [&hellip;]\" \/>\n<meta property=\"og:url\" content=\"https:\/\/abioniv.com\/en\/terms-and-conditions\/\" \/>\n<meta property=\"og:site_name\" content=\"Abioniv - Biotechnolgy Solutions\" \/>\n<meta property=\"article:publisher\" content=\"https:\/\/www.facebook.com\/myabioniv\/\" \/>\n<meta property=\"article:modified_time\" content=\"2017-05-01T09:00:43+00:00\" \/>\n<meta property=\"og:image\" content=\"https:\/\/abioniv.com\/wp-content\/uploads\/2017\/05\/Pieds-non-malades.png\" \/>\n\t<meta property=\"og:image:width\" content=\"250\" \/>\n\t<meta property=\"og:image:height\" content=\"249\" \/>\n\t<meta property=\"og:image:type\" content=\"image\/png\" \/>\n<meta name=\"twitter:card\" content=\"summary_large_image\" \/>\n<meta name=\"twitter:site\" content=\"@abioniv\" \/>\n<meta name=\"twitter:label1\" content=\"Est. reading time\" \/>\n\t<meta name=\"twitter:data1\" content=\"6 minutes\" \/>\n<script type=\"application\/ld+json\" class=\"yoast-schema-graph\">{\"@context\":\"https:\/\/schema.org\",\"@graph\":[{\"@type\":\"WebPage\",\"@id\":\"https:\/\/abioniv.com\/en\/terms-and-conditions\/\",\"url\":\"https:\/\/abioniv.com\/en\/terms-and-conditions\/\",\"name\":\"Terms and Conditions - Abioniv - Biotechnolgy Solutions\",\"isPartOf\":{\"@id\":\"https:\/\/abioniv.com\/#website\"},\"datePublished\":\"2016-05-29T14:13:30+00:00\",\"dateModified\":\"2017-05-01T09:00:43+00:00\",\"breadcrumb\":{\"@id\":\"https:\/\/abioniv.com\/en\/terms-and-conditions\/#breadcrumb\"},\"inLanguage\":\"en-US\",\"potentialAction\":[{\"@type\":\"ReadAction\",\"target\":[\"https:\/\/abioniv.com\/en\/terms-and-conditions\/\"]}]},{\"@type\":\"BreadcrumbList\",\"@id\":\"https:\/\/abioniv.com\/en\/terms-and-conditions\/#breadcrumb\",\"itemListElement\":[{\"@type\":\"ListItem\",\"position\":1,\"name\":\"Home\",\"item\":\"https:\/\/abioniv.com\/en\/\"},{\"@type\":\"ListItem\",\"position\":2,\"name\":\"Terms and Conditions\"}]},{\"@type\":\"WebSite\",\"@id\":\"https:\/\/abioniv.com\/#website\",\"url\":\"https:\/\/abioniv.com\/\",\"name\":\"Abioniv - The Reference in Prevention\",\"description\":\"Biotechnolgy Solutions\",\"publisher\":{\"@id\":\"https:\/\/abioniv.com\/#organization\"},\"potentialAction\":[{\"@type\":\"SearchAction\",\"target\":{\"@type\":\"EntryPoint\",\"urlTemplate\":\"https:\/\/abioniv.com\/?s={search_term_string}\"},\"query-input\":{\"@type\":\"PropertyValueSpecification\",\"valueRequired\":true,\"valueName\":\"search_term_string\"}}],\"inLanguage\":\"en-US\"},{\"@type\":\"Organization\",\"@id\":\"https:\/\/abioniv.com\/#organization\",\"name\":\"abioniv\",\"url\":\"https:\/\/abioniv.com\/\",\"logo\":{\"@type\":\"ImageObject\",\"inLanguage\":\"en-US\",\"@id\":\"https:\/\/abioniv.com\/#\/schema\/logo\/image\/\",\"url\":\"https:\/\/abioniv.com\/wp-content\/uploads\/2019\/03\/ABIO_logo_P7546-e1628608523617.jpg\",\"contentUrl\":\"https:\/\/abioniv.com\/wp-content\/uploads\/2019\/03\/ABIO_logo_P7546-e1628608523617.jpg\",\"width\":179,\"height\":72,\"caption\":\"abioniv\"},\"image\":{\"@id\":\"https:\/\/abioniv.com\/#\/schema\/logo\/image\/\"},\"sameAs\":[\"https:\/\/www.facebook.com\/myabioniv\/\",\"https:\/\/x.com\/abioniv\",\"https:\/\/www.linkedin.com\/company\/abioniv\",\"https:\/\/www.pinterest.ch\/abioniv\/\",\"https:\/\/www.youtube.com\/channel\/UCoUL2aw7cgnywbkRsI3OQBg\"]}]}<\/script>\n<!-- \/ Yoast SEO Premium plugin. -->","yoast_head_json":{"title":"Terms and Conditions - Abioniv - Biotechnolgy Solutions","robots":{"index":"index","follow":"follow","max-snippet":"max-snippet:-1","max-image-preview":"max-image-preview:large","max-video-preview":"max-video-preview:-1"},"canonical":"https:\/\/abioniv.com\/en\/terms-and-conditions\/","og_locale":"en_US","og_type":"article","og_title":"Terms and Conditions","og_description":"Allgemeine Gesch\u00e4ftsbedingungen f\u00fcr Verkauf Online-Produkte Geltungsbereich Diese allgemeinen Gesch\u00e4ftsbedingungen gelten [&hellip;]","og_url":"https:\/\/abioniv.com\/en\/terms-and-conditions\/","og_site_name":"Abioniv - Biotechnolgy Solutions","article_publisher":"https:\/\/www.facebook.com\/myabioniv\/","article_modified_time":"2017-05-01T09:00:43+00:00","og_image":[{"width":250,"height":249,"url":"https:\/\/abioniv.com\/wp-content\/uploads\/2017\/05\/Pieds-non-malades.png","type":"image\/png"}],"twitter_card":"summary_large_image","twitter_site":"@abioniv","twitter_misc":{"Est. reading time":"6 minutes"},"schema":{"@context":"https:\/\/schema.org","@graph":[{"@type":"WebPage","@id":"https:\/\/abioniv.com\/en\/terms-and-conditions\/","url":"https:\/\/abioniv.com\/en\/terms-and-conditions\/","name":"Terms and Conditions - Abioniv - Biotechnolgy Solutions","isPartOf":{"@id":"https:\/\/abioniv.com\/#website"},"datePublished":"2016-05-29T14:13:30+00:00","dateModified":"2017-05-01T09:00:43+00:00","breadcrumb":{"@id":"https:\/\/abioniv.com\/en\/terms-and-conditions\/#breadcrumb"},"inLanguage":"en-US","potentialAction":[{"@type":"ReadAction","target":["https:\/\/abioniv.com\/en\/terms-and-conditions\/"]}]},{"@type":"BreadcrumbList","@id":"https:\/\/abioniv.com\/en\/terms-and-conditions\/#breadcrumb","itemListElement":[{"@type":"ListItem","position":1,"name":"Home","item":"https:\/\/abioniv.com\/en\/"},{"@type":"ListItem","position":2,"name":"Terms and Conditions"}]},{"@type":"WebSite","@id":"https:\/\/abioniv.com\/#website","url":"https:\/\/abioniv.com\/","name":"Abioniv - The Reference in Prevention","description":"Biotechnolgy Solutions","publisher":{"@id":"https:\/\/abioniv.com\/#organization"},"potentialAction":[{"@type":"SearchAction","target":{"@type":"EntryPoint","urlTemplate":"https:\/\/abioniv.com\/?s={search_term_string}"},"query-input":{"@type":"PropertyValueSpecification","valueRequired":true,"valueName":"search_term_string"}}],"inLanguage":"en-US"},{"@type":"Organization","@id":"https:\/\/abioniv.com\/#organization","name":"abioniv","url":"https:\/\/abioniv.com\/","logo":{"@type":"ImageObject","inLanguage":"en-US","@id":"https:\/\/abioniv.com\/#\/schema\/logo\/image\/","url":"https:\/\/abioniv.com\/wp-content\/uploads\/2019\/03\/ABIO_logo_P7546-e1628608523617.jpg","contentUrl":"https:\/\/abioniv.com\/wp-content\/uploads\/2019\/03\/ABIO_logo_P7546-e1628608523617.jpg","width":179,"height":72,"caption":"abioniv"},"image":{"@id":"https:\/\/abioniv.com\/#\/schema\/logo\/image\/"},"sameAs":["https:\/\/www.facebook.com\/myabioniv\/","https:\/\/x.com\/abioniv","https:\/\/www.linkedin.com\/company\/abioniv","https:\/\/www.pinterest.ch\/abioniv\/","https:\/\/www.youtube.com\/channel\/UCoUL2aw7cgnywbkRsI3OQBg"]}]}},"_links":{"self":[{"href":"https:\/\/abioniv.com\/en\/wp-json\/wp\/v2\/pages\/12668"}],"collection":[{"href":"https:\/\/abioniv.com\/en\/wp-json\/wp\/v2\/pages"}],"about":[{"href":"https:\/\/abioniv.com\/en\/wp-json\/wp\/v2\/types\/page"}],"author":[{"embeddable":true,"href":"https:\/\/abioniv.com\/en\/wp-json\/wp\/v2\/users\/1"}],"replies":[{"embeddable":true,"href":"https:\/\/abioniv.com\/en\/wp-json\/wp\/v2\/comments?post=12668"}],"version-history":[{"count":5,"href":"https:\/\/abioniv.com\/en\/wp-json\/wp\/v2\/pages\/12668\/revisions"}],"predecessor-version":[{"id":13798,"href":"https:\/\/abioniv.com\/en\/wp-json\/wp\/v2\/pages\/12668\/revisions\/13798"}],"wp:attachment":[{"href":"https:\/\/abioniv.com\/en\/wp-json\/wp\/v2\/media?parent=12668"}],"curies":[{"name":"wp","href":"https:\/\/api.w.org\/{rel}","templated":true}]}}