{"id":12463,"date":"2016-05-13T14:26:26","date_gmt":"2016-05-13T14:26:26","guid":{"rendered":"http:\/\/abioniv.com\/?post_type=product&#038;p=12463"},"modified":"2021-11-16T15:29:24","modified_gmt":"2021-11-16T15:29:24","slug":"tacit-haende-desinfektionsgel","status":"publish","type":"product","link":"https:\/\/abioniv.com\/de\/produkt\/tacit-haende-desinfektionsgel\/","title":{"rendered":"TACIT \u2013 H\u00e4nde Desinfektionsgel"},"content":{"rendered":"<p>Dies ist ein hydro-alkoholisches Gel, das wie eine Handcreme angewendet wird. Das Gel hinterl\u00e4sst ein angenehm weiches Gef\u00fchl auf der Haut. Sie f\u00fchlen sich umh\u00fcllt von Wohlbefinden.<\/p>\n<h3>Wirksamkeitstests<\/h3>\n<p>Dieses Produkt wurde mit Hilfe einer anerkannten Methode von einem hierf\u00fcr autorisierten Schweizer Labor gepr\u00fcft.<\/p>\n<h3>Anwendungshinweis<\/h3>\n<p>Die H\u00e4nde sollten trocken sein. Verteilen Sie das Gel auf den H\u00e4nden, indem Sie eine etwa erbsengro\u00dfe Menge (3g) mit einem Hub dem Spender entnehmen. Massieren das Gel etwa 30 Sekunden lang ein und wiederholen Sie den Vorgang nach 15 Sekunden mit etwa der H\u00e4lfte der Menge an Gel. Drehen Sie nach Benutzung die Spender\u00f6ffnung wieder in die Position \u201eSTOP\u201c, um das Entweichen von Alkoholbestandteilen zu vermeiden.<\/p>\n<h3>Hautvertr\u00e4glichkeit<\/h3>\n<p>TACIT wird von der Haut sehr gut vertragen. TACIT sollte auf einer intakten Haut ohne Wunden oder Absch\u00fcrfungen angewendet werden.<\/p>\n<h3>Empfehlung f\u00fcr eine sichere Anwendung<\/h3>\n<p>Achtung &#8211; entz\u00fcndbares Gel oder D\u00e4mpfe. Fern halten von Hitze\/Funken\/Feuer\/hei\u00dfen Oberfl\u00e4chen.<br \/>\nNicht inhalieren.<br \/>\nProdukt von Kindern fernhalten. Nicht einnehmen. Kann zu Augenreizungen f\u00fchren.<\/p>\n<h3>Erste Hilfe<\/h3>\n<p>Wenn das Produkt mit den Augen in Kontakt gekommen ist: f\u00fcr ein paar Minuten mit klarem Wasser aussp\u00fclen: im Falle, dass Sie Kontaktlinsen tragen: diese entfernen, wenn diese sich ohne Weiteres entfernen lassen; fahren Sie fort, mit Wasser zu sp\u00fclen.<\/p>\n<h3>Aufbewahrung<\/h3>\n<p>Flasche verschlossen halten. Vor Sonneneinstrahlung sch\u00fctzen (das Produkt darf bei der Anwendung Sonnenlicht ausgesetzt werden), k\u00fchl aufbewahren. Produkt nicht Hitze oder Flammen aussetzen.<\/p>\n<h3>Umweltschutz<\/h3>\n<p>Der Beh\u00e4lter besteht aus PET und kann mit \u00e4hnlichen Produkten entsorgt werden.<\/p>\n<h3>Zusammensetzung<\/h3>\n<p>Aktive Substanzen: Ethanol: 700g\/kg<br \/>\nIsopropanol: 0.35 g\/kg<\/p>\n","protected":false},"excerpt":{"rendered":"<p>TACIT | Wellness | Gel Desinfektionsmittel f\u00fcr H\u00e4nde<\/p>\n<p><em>Wirkt in 30 Sekunden<\/em><\/p>\n<p><b>Produkt-Branche:<\/b> Wellnessindustrie, Praxen, Intensive Pflege, Krankenh\u00e4user<\/p>\n<p>Die R\u00e4umlichkeiten in Wellnessanlagen sind speziell dazu konzipiert, eine Aura von Sch\u00f6nheit und Wohlbefinden auszustrahlen. Die hier angewandten Produkte tragen dazu bei, dass der Kunde das \u00e4sthetische Ambiente als angenehm empfindet. W\u00e4hrend Desinfektionsmittel f\u00fcr H\u00e4nde normalerweise in solch einer Umgebung unpassend erscheinen, ist dennoch die Notwendigkeit der Vorbeugung auch hier real.<\/p>\n<p>Abioniv hat zu diesem Zweck TACIT entwickelt, ein Desinfektionsmittel f\u00fcr H\u00e4nde, das bereits von seiner Verpackung her sehr attraktiv erscheint und sich hervorragend in das Ambiente einer als luxuri\u00f6s empfundenen Umgebung einf\u00fcgt.<\/p>\n","protected":false},"featured_media":13383,"comment_status":"closed","ping_status":"closed","template":"","meta":{"_mi_skip_tracking":false},"product_cat":[193],"product_tag":[],"yoast_head":"<!-- This site is optimized with the Yoast SEO Premium plugin v18.8 (Yoast SEO v24.1) - https:\/\/yoast.com\/wordpress\/plugins\/seo\/ -->\n<title>TACIT \u2013 H\u00e4nde Desinfektionsgel - Abioniv - Biotechnolgy Solutions<\/title>\n<meta name=\"robots\" content=\"index, follow, max-snippet:-1, max-image-preview:large, max-video-preview:-1\" \/>\n<link rel=\"canonical\" href=\"https:\/\/abioniv.com\/de\/produkt\/tacit-haende-desinfektionsgel\/\" \/>\n<meta property=\"og:locale\" content=\"de_DE\" \/>\n<meta property=\"og:type\" content=\"article\" \/>\n<meta property=\"og:title\" content=\"TACIT \u2013 H\u00e4nde Desinfektionsgel\" \/>\n<meta property=\"og:description\" content=\"TACIT | Wellness | Gel Desinfektionsmittel f\u00fcr H\u00e4nde  Wirkt in 30 Sekunden  Produkt-Branche: Wellnessindustrie, Praxen, Intensive Pflege, Krankenh\u00e4user  Die R\u00e4umlichkeiten in Wellnessanlagen sind speziell dazu konzipiert, eine Aura von Sch\u00f6nheit und Wohlbefinden auszustrahlen. Die hier angewandten Produkte tragen dazu bei, dass der Kunde das \u00e4sthetische Ambiente als angenehm empfindet. W\u00e4hrend Desinfektionsmittel f\u00fcr H\u00e4nde normalerweise in solch einer Umgebung unpassend erscheinen, ist dennoch die Notwendigkeit der Vorbeugung auch hier real.  Abioniv hat zu diesem Zweck TACIT entwickelt, ein Desinfektionsmittel f\u00fcr H\u00e4nde, das bereits von seiner Verpackung her sehr attraktiv erscheint und sich hervorragend in das Ambiente einer als luxuri\u00f6s empfundenen Umgebung einf\u00fcgt.\" \/>\n<meta property=\"og:url\" content=\"https:\/\/abioniv.com\/de\/produkt\/tacit-haende-desinfektionsgel\/\" \/>\n<meta property=\"og:site_name\" content=\"Abioniv - Biotechnolgy Solutions\" \/>\n<meta property=\"article:publisher\" content=\"https:\/\/www.facebook.com\/myabioniv\/\" \/>\n<meta property=\"article:modified_time\" content=\"2021-11-16T15:29:24+00:00\" \/>\n<meta property=\"og:image\" content=\"https:\/\/abioniv.com\/wp-content\/uploads\/2016\/04\/ABIO_packaging_TACIT_1000ml.jpg\" \/>\n\t<meta property=\"og:image:width\" content=\"370\" \/>\n\t<meta property=\"og:image:height\" content=\"469\" \/>\n\t<meta property=\"og:image:type\" content=\"image\/jpeg\" \/>\n<meta name=\"twitter:card\" content=\"summary_large_image\" \/>\n<meta name=\"twitter:site\" content=\"@abioniv\" \/>\n<meta name=\"twitter:label1\" content=\"Gesch\u00e4tzte Lesezeit\" \/>\n\t<meta name=\"twitter:data1\" content=\"2\u00a0Minuten\" \/>\n<script type=\"application\/ld+json\" class=\"yoast-schema-graph\">{\"@context\":\"https:\/\/schema.org\",\"@graph\":[{\"@type\":\"WebPage\",\"@id\":\"https:\/\/abioniv.com\/de\/produkt\/tacit-haende-desinfektionsgel\/\",\"url\":\"https:\/\/abioniv.com\/de\/produkt\/tacit-haende-desinfektionsgel\/\",\"name\":\"TACIT \u2013 H\u00e4nde Desinfektionsgel - Abioniv - Biotechnolgy Solutions\",\"isPartOf\":{\"@id\":\"https:\/\/abioniv.com\/#website\"},\"primaryImageOfPage\":{\"@id\":\"https:\/\/abioniv.com\/de\/produkt\/tacit-haende-desinfektionsgel\/#primaryimage\"},\"image\":{\"@id\":\"https:\/\/abioniv.com\/de\/produkt\/tacit-haende-desinfektionsgel\/#primaryimage\"},\"thumbnailUrl\":\"https:\/\/abioniv.com\/wp-content\/uploads\/2016\/04\/ABIO_packaging_TACIT_1000ml.jpg\",\"datePublished\":\"2016-05-13T14:26:26+00:00\",\"dateModified\":\"2021-11-16T15:29:24+00:00\",\"breadcrumb\":{\"@id\":\"https:\/\/abioniv.com\/de\/produkt\/tacit-haende-desinfektionsgel\/#breadcrumb\"},\"inLanguage\":\"de\",\"potentialAction\":[{\"@type\":\"ReadAction\",\"target\":[\"https:\/\/abioniv.com\/de\/produkt\/tacit-haende-desinfektionsgel\/\"]}]},{\"@type\":\"ImageObject\",\"inLanguage\":\"de\",\"@id\":\"https:\/\/abioniv.com\/de\/produkt\/tacit-haende-desinfektionsgel\/#primaryimage\",\"url\":\"https:\/\/abioniv.com\/wp-content\/uploads\/2016\/04\/ABIO_packaging_TACIT_1000ml.jpg\",\"contentUrl\":\"https:\/\/abioniv.com\/wp-content\/uploads\/2016\/04\/ABIO_packaging_TACIT_1000ml.jpg\",\"width\":370,\"height\":469,\"caption\":\"Abioniv - TACIT - 1l\"},{\"@type\":\"BreadcrumbList\",\"@id\":\"https:\/\/abioniv.com\/de\/produkt\/tacit-haende-desinfektionsgel\/#breadcrumb\",\"itemListElement\":[{\"@type\":\"ListItem\",\"position\":1,\"name\":\"Home\",\"item\":\"https:\/\/abioniv.com\/de\/\"},{\"@type\":\"ListItem\",\"position\":2,\"name\":\"Shop\",\"item\":\"https:\/\/abioniv.com\/de\/shop\/\"},{\"@type\":\"ListItem\",\"position\":3,\"name\":\"TACIT \u2013 H\u00e4nde Desinfektionsgel\"}]},{\"@type\":\"WebSite\",\"@id\":\"https:\/\/abioniv.com\/#website\",\"url\":\"https:\/\/abioniv.com\/\",\"name\":\"Abioniv - The Reference in Prevention\",\"description\":\"Biotechnolgy Solutions\",\"publisher\":{\"@id\":\"https:\/\/abioniv.com\/#organization\"},\"potentialAction\":[{\"@type\":\"SearchAction\",\"target\":{\"@type\":\"EntryPoint\",\"urlTemplate\":\"https:\/\/abioniv.com\/?s={search_term_string}\"},\"query-input\":{\"@type\":\"PropertyValueSpecification\",\"valueRequired\":true,\"valueName\":\"search_term_string\"}}],\"inLanguage\":\"de\"},{\"@type\":\"Organization\",\"@id\":\"https:\/\/abioniv.com\/#organization\",\"name\":\"abioniv\",\"url\":\"https:\/\/abioniv.com\/\",\"logo\":{\"@type\":\"ImageObject\",\"inLanguage\":\"de\",\"@id\":\"https:\/\/abioniv.com\/#\/schema\/logo\/image\/\",\"url\":\"https:\/\/abioniv.com\/wp-content\/uploads\/2019\/03\/ABIO_logo_P7546-e1628608523617.jpg\",\"contentUrl\":\"https:\/\/abioniv.com\/wp-content\/uploads\/2019\/03\/ABIO_logo_P7546-e1628608523617.jpg\",\"width\":179,\"height\":72,\"caption\":\"abioniv\"},\"image\":{\"@id\":\"https:\/\/abioniv.com\/#\/schema\/logo\/image\/\"},\"sameAs\":[\"https:\/\/www.facebook.com\/myabioniv\/\",\"https:\/\/x.com\/abioniv\",\"https:\/\/www.linkedin.com\/company\/abioniv\",\"https:\/\/www.pinterest.ch\/abioniv\/\",\"https:\/\/www.youtube.com\/channel\/UCoUL2aw7cgnywbkRsI3OQBg\"]}]}<\/script>\n<!-- \/ Yoast SEO Premium plugin. -->","yoast_head_json":{"title":"TACIT \u2013 H\u00e4nde Desinfektionsgel - Abioniv - Biotechnolgy Solutions","robots":{"index":"index","follow":"follow","max-snippet":"max-snippet:-1","max-image-preview":"max-image-preview:large","max-video-preview":"max-video-preview:-1"},"canonical":"https:\/\/abioniv.com\/de\/produkt\/tacit-haende-desinfektionsgel\/","og_locale":"de_DE","og_type":"article","og_title":"TACIT \u2013 H\u00e4nde Desinfektionsgel","og_description":"TACIT | Wellness | Gel Desinfektionsmittel f\u00fcr H\u00e4nde  Wirkt in 30 Sekunden  Produkt-Branche: Wellnessindustrie, Praxen, Intensive Pflege, Krankenh\u00e4user  Die R\u00e4umlichkeiten in Wellnessanlagen sind speziell dazu konzipiert, eine Aura von Sch\u00f6nheit und Wohlbefinden auszustrahlen. Die hier angewandten Produkte tragen dazu bei, dass der Kunde das \u00e4sthetische Ambiente als angenehm empfindet. W\u00e4hrend Desinfektionsmittel f\u00fcr H\u00e4nde normalerweise in solch einer Umgebung unpassend erscheinen, ist dennoch die Notwendigkeit der Vorbeugung auch hier real.  Abioniv hat zu diesem Zweck TACIT entwickelt, ein Desinfektionsmittel f\u00fcr H\u00e4nde, das bereits von seiner Verpackung her sehr attraktiv erscheint und sich hervorragend in das Ambiente einer als luxuri\u00f6s empfundenen Umgebung einf\u00fcgt.","og_url":"https:\/\/abioniv.com\/de\/produkt\/tacit-haende-desinfektionsgel\/","og_site_name":"Abioniv - Biotechnolgy Solutions","article_publisher":"https:\/\/www.facebook.com\/myabioniv\/","article_modified_time":"2021-11-16T15:29:24+00:00","og_image":[{"width":370,"height":469,"url":"https:\/\/abioniv.com\/wp-content\/uploads\/2016\/04\/ABIO_packaging_TACIT_1000ml.jpg","type":"image\/jpeg"}],"twitter_card":"summary_large_image","twitter_site":"@abioniv","twitter_misc":{"Gesch\u00e4tzte Lesezeit":"2\u00a0Minuten"},"schema":{"@context":"https:\/\/schema.org","@graph":[{"@type":"WebPage","@id":"https:\/\/abioniv.com\/de\/produkt\/tacit-haende-desinfektionsgel\/","url":"https:\/\/abioniv.com\/de\/produkt\/tacit-haende-desinfektionsgel\/","name":"TACIT \u2013 H\u00e4nde Desinfektionsgel - Abioniv - Biotechnolgy Solutions","isPartOf":{"@id":"https:\/\/abioniv.com\/#website"},"primaryImageOfPage":{"@id":"https:\/\/abioniv.com\/de\/produkt\/tacit-haende-desinfektionsgel\/#primaryimage"},"image":{"@id":"https:\/\/abioniv.com\/de\/produkt\/tacit-haende-desinfektionsgel\/#primaryimage"},"thumbnailUrl":"https:\/\/abioniv.com\/wp-content\/uploads\/2016\/04\/ABIO_packaging_TACIT_1000ml.jpg","datePublished":"2016-05-13T14:26:26+00:00","dateModified":"2021-11-16T15:29:24+00:00","breadcrumb":{"@id":"https:\/\/abioniv.com\/de\/produkt\/tacit-haende-desinfektionsgel\/#breadcrumb"},"inLanguage":"de","potentialAction":[{"@type":"ReadAction","target":["https:\/\/abioniv.com\/de\/produkt\/tacit-haende-desinfektionsgel\/"]}]},{"@type":"ImageObject","inLanguage":"de","@id":"https:\/\/abioniv.com\/de\/produkt\/tacit-haende-desinfektionsgel\/#primaryimage","url":"https:\/\/abioniv.com\/wp-content\/uploads\/2016\/04\/ABIO_packaging_TACIT_1000ml.jpg","contentUrl":"https:\/\/abioniv.com\/wp-content\/uploads\/2016\/04\/ABIO_packaging_TACIT_1000ml.jpg","width":370,"height":469,"caption":"Abioniv - TACIT - 1l"},{"@type":"BreadcrumbList","@id":"https:\/\/abioniv.com\/de\/produkt\/tacit-haende-desinfektionsgel\/#breadcrumb","itemListElement":[{"@type":"ListItem","position":1,"name":"Home","item":"https:\/\/abioniv.com\/de\/"},{"@type":"ListItem","position":2,"name":"Shop","item":"https:\/\/abioniv.com\/de\/shop\/"},{"@type":"ListItem","position":3,"name":"TACIT \u2013 H\u00e4nde Desinfektionsgel"}]},{"@type":"WebSite","@id":"https:\/\/abioniv.com\/#website","url":"https:\/\/abioniv.com\/","name":"Abioniv - The Reference in Prevention","description":"Biotechnolgy Solutions","publisher":{"@id":"https:\/\/abioniv.com\/#organization"},"potentialAction":[{"@type":"SearchAction","target":{"@type":"EntryPoint","urlTemplate":"https:\/\/abioniv.com\/?s={search_term_string}"},"query-input":{"@type":"PropertyValueSpecification","valueRequired":true,"valueName":"search_term_string"}}],"inLanguage":"de"},{"@type":"Organization","@id":"https:\/\/abioniv.com\/#organization","name":"abioniv","url":"https:\/\/abioniv.com\/","logo":{"@type":"ImageObject","inLanguage":"de","@id":"https:\/\/abioniv.com\/#\/schema\/logo\/image\/","url":"https:\/\/abioniv.com\/wp-content\/uploads\/2019\/03\/ABIO_logo_P7546-e1628608523617.jpg","contentUrl":"https:\/\/abioniv.com\/wp-content\/uploads\/2019\/03\/ABIO_logo_P7546-e1628608523617.jpg","width":179,"height":72,"caption":"abioniv"},"image":{"@id":"https:\/\/abioniv.com\/#\/schema\/logo\/image\/"},"sameAs":["https:\/\/www.facebook.com\/myabioniv\/","https:\/\/x.com\/abioniv","https:\/\/www.linkedin.com\/company\/abioniv","https:\/\/www.pinterest.ch\/abioniv\/","https:\/\/www.youtube.com\/channel\/UCoUL2aw7cgnywbkRsI3OQBg"]}]}},"_links":{"self":[{"href":"https:\/\/abioniv.com\/de\/wp-json\/wp\/v2\/product\/12463"}],"collection":[{"href":"https:\/\/abioniv.com\/de\/wp-json\/wp\/v2\/product"}],"about":[{"href":"https:\/\/abioniv.com\/de\/wp-json\/wp\/v2\/types\/product"}],"replies":[{"embeddable":true,"href":"https:\/\/abioniv.com\/de\/wp-json\/wp\/v2\/comments?post=12463"}],"wp:featuredmedia":[{"embeddable":true,"href":"https:\/\/abioniv.com\/de\/wp-json\/wp\/v2\/media\/13383"}],"wp:attachment":[{"href":"https:\/\/abioniv.com\/de\/wp-json\/wp\/v2\/media?parent=12463"}],"wp:term":[{"taxonomy":"product_cat","embeddable":true,"href":"https:\/\/abioniv.com\/de\/wp-json\/wp\/v2\/product_cat?post=12463"},{"taxonomy":"product_tag","embeddable":true,"href":"https:\/\/abioniv.com\/de\/wp-json\/wp\/v2\/product_tag?post=12463"}],"curies":[{"name":"wp","href":"https:\/\/api.w.org\/{rel}","templated":true}]}}