{"id":12462,"date":"2016-05-13T14:25:45","date_gmt":"2016-05-13T14:25:45","guid":{"rendered":"http:\/\/abioniv.com\/?post_type=product&#038;p=12462"},"modified":"2020-03-20T13:21:11","modified_gmt":"2020-03-20T13:21:11","slug":"noso-flaechen-desinfektion","status":"publish","type":"product","link":"https:\/\/abioniv.com\/de\/produkt\/noso-flaechen-desinfektion\/","title":{"rendered":"NOSO &#8211; Fl\u00e4chen Desinfektion"},"content":{"rendered":"<p>Die Kunden von Wellnessbereichen erwarten das gewisse Gef\u00fchl einer Garantieleistung f\u00fcr ihre Gesundheit. Ob in SPA-Bereichen oder in einem herk\u00f6mmlichen Raum \u2013 eine nichtdesinfizierte Oberfl\u00e4che (die jedoch sauber aussieht) kann beispielsweise sehr leicht eine Pilzinfektion der Haut hervorrufen. In der K\u00fcche eines Restaurants k\u00f6nnen zum Beispiel auf einer unzureichend desinfizierten Arbeitsfl\u00e4che zubereitete Speisen zu einer lebensmittelbedingten Krankheit der Kunden f\u00fchren. Im Falle von C. difficile haben wir es mit einem hochresistenten Bakterium zu tun, gegen das inzwischen kaum ein Desinfektionsmittel wirksam greift; eine Infektion kann hier zu einer lebensbedrohlichen Entz\u00fcndung f\u00fchren. NOSO ist in seiner Wirkung einzigartig, denn es kann sogar diesen hochgef\u00e4hrlichen Mikroorganismus sehr schnell beseitigen!<\/p>\n<h3>Anwendungshinweis<\/h3>\n<p>Spr\u00fchen Sie das Mittel auf Arbeitsfl\u00e4chen oder Oberfl\u00e4chen, die h\u00e4ufig ber\u00fchrt werden und warten Sie 30 Sekunden. Lassen Sie die Fl\u00e4che trocknen oder reiben Sie mit einem sauberen Tuch nach. Oberfl\u00e4chen, auf denen Lebensmittel verarbeitet werden, sollten danach mit klarem Wasser abgesp\u00fclt werden.<br \/>\nF\u00fcr eine Desinfektion von Fu\u00dfb\u00f6den mischen Sie die beiden NOSO Komponenten 1 und 2 zu gleichen Teilen mit demselben Ma\u00df und wischen Sie den Fu\u00dfboden mit dieser Mischung. Warten Sie 30 Sekunden \u2013 das war\u2019s!<br \/>\nSobald die Mischung von NOSO 1 und NOSO 2 hergestellt wurde, ist das Produkt nur f\u00fcr einen halben Tag lang nutzungsbereit (nicht im Vorhinein oder auf Vorrat mischen).<\/p>\n<h3>Effektivit\u00e4tstests<\/h3>\n<p>Das Produkt wurde mit Hilfe einer wirksam getesteten Methode von einem hierf\u00fcr zugelassenen Schweizer Mikrobiologischen Labor gepr\u00fcft.<\/p>\n<h3>Haltbarkeit<\/h3>\n<p>Das Produkt hat eine Haltbarkeit von 2 Jahren.<\/p>\n<h3>Empfehlungen f\u00fcr einen sicheren Umgang<\/h3>\n<p>Das Produkt von Kundern fernhalten! Zur Vermeidung von direktem Kontakt mit der Haut wird empfohlen Handschuhe zu tragen. Das Produkt darf nicht verschluckt werden. Kann heftige Augenreizungen hervorrufen.<\/p>\n<h3>Erste Hilfe<\/h3>\n<p>Im Falle, dass das Produkt in die Augen gelangt ist: Augen sofort mehrere Minuten lang mit Wasser aussp\u00fclen. Kontaktlinsen zuvor entfernen, wenn diese sich leicht entfernen lassen. Fahren Sie fort mit dem Sp\u00fclen der Augen.<\/p>\n<h3>Aufbewahrung<\/h3>\n<p>Halten Sie die Flaschen stets verschlossen. Beh\u00e4lter nicht direkter Sonneneinstrahlung aussetzen (das nutzungsfertige Produkt kann Sonnenlicht ausgesetzt werden). An einem k\u00fchlen Ort aufbewahren. Kontakt mit Hitzequellen oder offenem Feuer vermeiden.<\/p>\n<h3>Umwelthinweis<\/h3>\n<p>Die Beh\u00e4lter bestehen aus PET und k\u00f6nnen mit \u00e4hnlichen Produkten recycelt werden:<\/p>\n<p><img decoding=\"async\" class=\"size-full wp-image-13084\" src=\"http:\/\/abioniv.com\/wp-content\/uploads\/2016\/05\/abioniv-pet-1.png\" alt=\"abioniv-pet\" width=\"30\" height=\"33\" \/><\/p>\n<h3>Zusammensetzung<\/h3>\n<p>Aktive Substanzen: Nach Anfrage<\/p>\n","protected":false},"excerpt":{"rendered":"<p>NOSO | Wellness | Hochwirksames Oberfl\u00e4chen-Desinfektionsmittel<\/p>\n<p><b>Zweikomponenten-Produkt:<\/b> die Komponente 1 enth\u00e4lt den zu aktivierenden Bestandteil, die Komponente 2 aktiviert diesen.<\/p>\n<p><b>Produkt-Branche:<\/b> Wellnessindustrie, Praxen, Intensive Pflege, Krankenh\u00e4user<\/p>\n<p>Die Aufenthaltsbereiche und R\u00e4umlichkeiten in Wellnessanlagen sind speziell dazu konzipiert, eine Aura von Sch\u00f6nheit und Wohlbefinden auszustrahlen. Die hier angewandten Produkte tragen dazu bei, dass der Kunde diese \u00e4sthetischen Bereiche als angenehm empfindet.<br \/>\nWenn jedoch viele Menschen dieselben Gegenst\u00e4nde benutzen oder Oberfl\u00e4chen betreten, ist eine Infektionsvorsorge unabdingbar, um der Verbreitung von f\u00fcr den Kunden unangenehmen Infizierungen vorzubeugen.<\/p>\n<p>Die Firma Abioniv hat daher NOSO entwickelt &#8211; ein Hochwirksamkeits-Desinfektionsmittel. Das Mittel hat die Eigenschaft, extrem schnell und effektiv gegen die meisten bereits resistenten Bakterien (C. difficile) zu wirken und geh\u00f6rt somit zu den modernen Produkten aus dem Bereich der hocheffektiven Desinfektionsmittel. NOSO inaktiviert innerhalb von nur 30 Sekunden die Sporen der Baktierentypen C. difficile, die zu der Gruppe der stark resistenten Mikroorganismen z\u00e4hlen.<\/p>\n","protected":false},"featured_media":13386,"comment_status":"closed","ping_status":"closed","template":"","meta":{"_mi_skip_tracking":false},"product_cat":[193],"product_tag":[],"yoast_head":"<!-- This site is optimized with the Yoast SEO Premium plugin v18.8 (Yoast SEO v24.1) - https:\/\/yoast.com\/wordpress\/plugins\/seo\/ -->\n<title>NOSO - Fl\u00e4chen Desinfektion - Abioniv - Biotechnolgy Solutions<\/title>\n<meta name=\"robots\" content=\"index, follow, max-snippet:-1, max-image-preview:large, max-video-preview:-1\" \/>\n<link rel=\"canonical\" href=\"https:\/\/abioniv.com\/de\/produkt\/noso-flaechen-desinfektion\/\" \/>\n<meta property=\"og:locale\" content=\"de_DE\" \/>\n<meta property=\"og:type\" content=\"article\" \/>\n<meta property=\"og:title\" content=\"NOSO - Fl\u00e4chen Desinfektion\" \/>\n<meta property=\"og:description\" content=\"NOSO | Wellness | Hochwirksames Oberfl\u00e4chen-Desinfektionsmittel  Zweikomponenten-Produkt: die Komponente 1 enth\u00e4lt den zu aktivierenden Bestandteil, die Komponente 2 aktiviert diesen.  Produkt-Branche: Wellnessindustrie, Praxen, Intensive Pflege, Krankenh\u00e4user  Die Aufenthaltsbereiche und R\u00e4umlichkeiten in Wellnessanlagen sind speziell dazu konzipiert, eine Aura von Sch\u00f6nheit und Wohlbefinden auszustrahlen. Die hier angewandten Produkte tragen dazu bei, dass der Kunde diese \u00e4sthetischen Bereiche als angenehm empfindet. Wenn jedoch viele Menschen dieselben Gegenst\u00e4nde benutzen oder Oberfl\u00e4chen betreten, ist eine Infektionsvorsorge unabdingbar, um der Verbreitung von f\u00fcr den Kunden unangenehmen Infizierungen vorzubeugen.  Die Firma Abioniv hat daher NOSO entwickelt - ein Hochwirksamkeits-Desinfektionsmittel. Das Mittel hat die Eigenschaft, extrem schnell und effektiv gegen die meisten bereits resistenten Bakterien (C. difficile) zu wirken und geh\u00f6rt somit zu den modernen Produkten aus dem Bereich der hocheffektiven Desinfektionsmittel. NOSO inaktiviert innerhalb von nur 30 Sekunden die Sporen der Baktierentypen C. difficile, die zu der Gruppe der stark resistenten Mikroorganismen z\u00e4hlen.\" \/>\n<meta property=\"og:url\" content=\"https:\/\/abioniv.com\/de\/produkt\/noso-flaechen-desinfektion\/\" \/>\n<meta property=\"og:site_name\" content=\"Abioniv - Biotechnolgy Solutions\" \/>\n<meta property=\"article:publisher\" content=\"https:\/\/www.facebook.com\/myabioniv\/\" \/>\n<meta property=\"article:modified_time\" content=\"2020-03-20T13:21:11+00:00\" \/>\n<meta property=\"og:image\" content=\"https:\/\/abioniv.com\/wp-content\/uploads\/2016\/04\/ABIO_packaging_NOSO_spray.jpg\" \/>\n\t<meta property=\"og:image:width\" content=\"370\" \/>\n\t<meta property=\"og:image:height\" content=\"469\" \/>\n\t<meta property=\"og:image:type\" content=\"image\/jpeg\" \/>\n<meta name=\"twitter:card\" content=\"summary_large_image\" \/>\n<meta name=\"twitter:site\" content=\"@abioniv\" \/>\n<meta name=\"twitter:label1\" content=\"Gesch\u00e4tzte Lesezeit\" \/>\n\t<meta name=\"twitter:data1\" content=\"2\u00a0Minuten\" \/>\n<script type=\"application\/ld+json\" class=\"yoast-schema-graph\">{\"@context\":\"https:\/\/schema.org\",\"@graph\":[{\"@type\":\"WebPage\",\"@id\":\"https:\/\/abioniv.com\/de\/produkt\/noso-flaechen-desinfektion\/\",\"url\":\"https:\/\/abioniv.com\/de\/produkt\/noso-flaechen-desinfektion\/\",\"name\":\"NOSO - Fl\u00e4chen Desinfektion - Abioniv - Biotechnolgy Solutions\",\"isPartOf\":{\"@id\":\"https:\/\/abioniv.com\/#website\"},\"primaryImageOfPage\":{\"@id\":\"https:\/\/abioniv.com\/de\/produkt\/noso-flaechen-desinfektion\/#primaryimage\"},\"image\":{\"@id\":\"https:\/\/abioniv.com\/de\/produkt\/noso-flaechen-desinfektion\/#primaryimage\"},\"thumbnailUrl\":\"https:\/\/abioniv.com\/wp-content\/uploads\/2016\/04\/ABIO_packaging_NOSO_spray.jpg\",\"datePublished\":\"2016-05-13T14:25:45+00:00\",\"dateModified\":\"2020-03-20T13:21:11+00:00\",\"breadcrumb\":{\"@id\":\"https:\/\/abioniv.com\/de\/produkt\/noso-flaechen-desinfektion\/#breadcrumb\"},\"inLanguage\":\"de\",\"potentialAction\":[{\"@type\":\"ReadAction\",\"target\":[\"https:\/\/abioniv.com\/de\/produkt\/noso-flaechen-desinfektion\/\"]}]},{\"@type\":\"ImageObject\",\"inLanguage\":\"de\",\"@id\":\"https:\/\/abioniv.com\/de\/produkt\/noso-flaechen-desinfektion\/#primaryimage\",\"url\":\"https:\/\/abioniv.com\/wp-content\/uploads\/2016\/04\/ABIO_packaging_NOSO_spray.jpg\",\"contentUrl\":\"https:\/\/abioniv.com\/wp-content\/uploads\/2016\/04\/ABIO_packaging_NOSO_spray.jpg\",\"width\":370,\"height\":469,\"caption\":\"Abioniv - NOSO - 1l - spray\"},{\"@type\":\"BreadcrumbList\",\"@id\":\"https:\/\/abioniv.com\/de\/produkt\/noso-flaechen-desinfektion\/#breadcrumb\",\"itemListElement\":[{\"@type\":\"ListItem\",\"position\":1,\"name\":\"Home\",\"item\":\"https:\/\/abioniv.com\/de\/\"},{\"@type\":\"ListItem\",\"position\":2,\"name\":\"Shop\",\"item\":\"https:\/\/abioniv.com\/de\/shop\/\"},{\"@type\":\"ListItem\",\"position\":3,\"name\":\"NOSO &#8211; Fl\u00e4chen Desinfektion\"}]},{\"@type\":\"WebSite\",\"@id\":\"https:\/\/abioniv.com\/#website\",\"url\":\"https:\/\/abioniv.com\/\",\"name\":\"Abioniv - The Reference in Prevention\",\"description\":\"Biotechnolgy Solutions\",\"publisher\":{\"@id\":\"https:\/\/abioniv.com\/#organization\"},\"potentialAction\":[{\"@type\":\"SearchAction\",\"target\":{\"@type\":\"EntryPoint\",\"urlTemplate\":\"https:\/\/abioniv.com\/?s={search_term_string}\"},\"query-input\":{\"@type\":\"PropertyValueSpecification\",\"valueRequired\":true,\"valueName\":\"search_term_string\"}}],\"inLanguage\":\"de\"},{\"@type\":\"Organization\",\"@id\":\"https:\/\/abioniv.com\/#organization\",\"name\":\"abioniv\",\"url\":\"https:\/\/abioniv.com\/\",\"logo\":{\"@type\":\"ImageObject\",\"inLanguage\":\"de\",\"@id\":\"https:\/\/abioniv.com\/#\/schema\/logo\/image\/\",\"url\":\"https:\/\/abioniv.com\/wp-content\/uploads\/2019\/03\/ABIO_logo_P7546-e1628608523617.jpg\",\"contentUrl\":\"https:\/\/abioniv.com\/wp-content\/uploads\/2019\/03\/ABIO_logo_P7546-e1628608523617.jpg\",\"width\":179,\"height\":72,\"caption\":\"abioniv\"},\"image\":{\"@id\":\"https:\/\/abioniv.com\/#\/schema\/logo\/image\/\"},\"sameAs\":[\"https:\/\/www.facebook.com\/myabioniv\/\",\"https:\/\/x.com\/abioniv\",\"https:\/\/www.linkedin.com\/company\/abioniv\",\"https:\/\/www.pinterest.ch\/abioniv\/\",\"https:\/\/www.youtube.com\/channel\/UCoUL2aw7cgnywbkRsI3OQBg\"]}]}<\/script>\n<!-- \/ Yoast SEO Premium plugin. -->","yoast_head_json":{"title":"NOSO - Fl\u00e4chen Desinfektion - Abioniv - Biotechnolgy Solutions","robots":{"index":"index","follow":"follow","max-snippet":"max-snippet:-1","max-image-preview":"max-image-preview:large","max-video-preview":"max-video-preview:-1"},"canonical":"https:\/\/abioniv.com\/de\/produkt\/noso-flaechen-desinfektion\/","og_locale":"de_DE","og_type":"article","og_title":"NOSO - Fl\u00e4chen Desinfektion","og_description":"NOSO | Wellness | Hochwirksames Oberfl\u00e4chen-Desinfektionsmittel  Zweikomponenten-Produkt: die Komponente 1 enth\u00e4lt den zu aktivierenden Bestandteil, die Komponente 2 aktiviert diesen.  Produkt-Branche: Wellnessindustrie, Praxen, Intensive Pflege, Krankenh\u00e4user  Die Aufenthaltsbereiche und R\u00e4umlichkeiten in Wellnessanlagen sind speziell dazu konzipiert, eine Aura von Sch\u00f6nheit und Wohlbefinden auszustrahlen. Die hier angewandten Produkte tragen dazu bei, dass der Kunde diese \u00e4sthetischen Bereiche als angenehm empfindet. Wenn jedoch viele Menschen dieselben Gegenst\u00e4nde benutzen oder Oberfl\u00e4chen betreten, ist eine Infektionsvorsorge unabdingbar, um der Verbreitung von f\u00fcr den Kunden unangenehmen Infizierungen vorzubeugen.  Die Firma Abioniv hat daher NOSO entwickelt - ein Hochwirksamkeits-Desinfektionsmittel. Das Mittel hat die Eigenschaft, extrem schnell und effektiv gegen die meisten bereits resistenten Bakterien (C. difficile) zu wirken und geh\u00f6rt somit zu den modernen Produkten aus dem Bereich der hocheffektiven Desinfektionsmittel. NOSO inaktiviert innerhalb von nur 30 Sekunden die Sporen der Baktierentypen C. difficile, die zu der Gruppe der stark resistenten Mikroorganismen z\u00e4hlen.","og_url":"https:\/\/abioniv.com\/de\/produkt\/noso-flaechen-desinfektion\/","og_site_name":"Abioniv - Biotechnolgy Solutions","article_publisher":"https:\/\/www.facebook.com\/myabioniv\/","article_modified_time":"2020-03-20T13:21:11+00:00","og_image":[{"width":370,"height":469,"url":"https:\/\/abioniv.com\/wp-content\/uploads\/2016\/04\/ABIO_packaging_NOSO_spray.jpg","type":"image\/jpeg"}],"twitter_card":"summary_large_image","twitter_site":"@abioniv","twitter_misc":{"Gesch\u00e4tzte Lesezeit":"2\u00a0Minuten"},"schema":{"@context":"https:\/\/schema.org","@graph":[{"@type":"WebPage","@id":"https:\/\/abioniv.com\/de\/produkt\/noso-flaechen-desinfektion\/","url":"https:\/\/abioniv.com\/de\/produkt\/noso-flaechen-desinfektion\/","name":"NOSO - Fl\u00e4chen Desinfektion - Abioniv - Biotechnolgy Solutions","isPartOf":{"@id":"https:\/\/abioniv.com\/#website"},"primaryImageOfPage":{"@id":"https:\/\/abioniv.com\/de\/produkt\/noso-flaechen-desinfektion\/#primaryimage"},"image":{"@id":"https:\/\/abioniv.com\/de\/produkt\/noso-flaechen-desinfektion\/#primaryimage"},"thumbnailUrl":"https:\/\/abioniv.com\/wp-content\/uploads\/2016\/04\/ABIO_packaging_NOSO_spray.jpg","datePublished":"2016-05-13T14:25:45+00:00","dateModified":"2020-03-20T13:21:11+00:00","breadcrumb":{"@id":"https:\/\/abioniv.com\/de\/produkt\/noso-flaechen-desinfektion\/#breadcrumb"},"inLanguage":"de","potentialAction":[{"@type":"ReadAction","target":["https:\/\/abioniv.com\/de\/produkt\/noso-flaechen-desinfektion\/"]}]},{"@type":"ImageObject","inLanguage":"de","@id":"https:\/\/abioniv.com\/de\/produkt\/noso-flaechen-desinfektion\/#primaryimage","url":"https:\/\/abioniv.com\/wp-content\/uploads\/2016\/04\/ABIO_packaging_NOSO_spray.jpg","contentUrl":"https:\/\/abioniv.com\/wp-content\/uploads\/2016\/04\/ABIO_packaging_NOSO_spray.jpg","width":370,"height":469,"caption":"Abioniv - NOSO - 1l - spray"},{"@type":"BreadcrumbList","@id":"https:\/\/abioniv.com\/de\/produkt\/noso-flaechen-desinfektion\/#breadcrumb","itemListElement":[{"@type":"ListItem","position":1,"name":"Home","item":"https:\/\/abioniv.com\/de\/"},{"@type":"ListItem","position":2,"name":"Shop","item":"https:\/\/abioniv.com\/de\/shop\/"},{"@type":"ListItem","position":3,"name":"NOSO &#8211; Fl\u00e4chen Desinfektion"}]},{"@type":"WebSite","@id":"https:\/\/abioniv.com\/#website","url":"https:\/\/abioniv.com\/","name":"Abioniv - The Reference in Prevention","description":"Biotechnolgy Solutions","publisher":{"@id":"https:\/\/abioniv.com\/#organization"},"potentialAction":[{"@type":"SearchAction","target":{"@type":"EntryPoint","urlTemplate":"https:\/\/abioniv.com\/?s={search_term_string}"},"query-input":{"@type":"PropertyValueSpecification","valueRequired":true,"valueName":"search_term_string"}}],"inLanguage":"de"},{"@type":"Organization","@id":"https:\/\/abioniv.com\/#organization","name":"abioniv","url":"https:\/\/abioniv.com\/","logo":{"@type":"ImageObject","inLanguage":"de","@id":"https:\/\/abioniv.com\/#\/schema\/logo\/image\/","url":"https:\/\/abioniv.com\/wp-content\/uploads\/2019\/03\/ABIO_logo_P7546-e1628608523617.jpg","contentUrl":"https:\/\/abioniv.com\/wp-content\/uploads\/2019\/03\/ABIO_logo_P7546-e1628608523617.jpg","width":179,"height":72,"caption":"abioniv"},"image":{"@id":"https:\/\/abioniv.com\/#\/schema\/logo\/image\/"},"sameAs":["https:\/\/www.facebook.com\/myabioniv\/","https:\/\/x.com\/abioniv","https:\/\/www.linkedin.com\/company\/abioniv","https:\/\/www.pinterest.ch\/abioniv\/","https:\/\/www.youtube.com\/channel\/UCoUL2aw7cgnywbkRsI3OQBg"]}]}},"_links":{"self":[{"href":"https:\/\/abioniv.com\/de\/wp-json\/wp\/v2\/product\/12462"}],"collection":[{"href":"https:\/\/abioniv.com\/de\/wp-json\/wp\/v2\/product"}],"about":[{"href":"https:\/\/abioniv.com\/de\/wp-json\/wp\/v2\/types\/product"}],"replies":[{"embeddable":true,"href":"https:\/\/abioniv.com\/de\/wp-json\/wp\/v2\/comments?post=12462"}],"wp:featuredmedia":[{"embeddable":true,"href":"https:\/\/abioniv.com\/de\/wp-json\/wp\/v2\/media\/13386"}],"wp:attachment":[{"href":"https:\/\/abioniv.com\/de\/wp-json\/wp\/v2\/media?parent=12462"}],"wp:term":[{"taxonomy":"product_cat","embeddable":true,"href":"https:\/\/abioniv.com\/de\/wp-json\/wp\/v2\/product_cat?post=12462"},{"taxonomy":"product_tag","embeddable":true,"href":"https:\/\/abioniv.com\/de\/wp-json\/wp\/v2\/product_tag?post=12462"}],"curies":[{"name":"wp","href":"https:\/\/api.w.org\/{rel}","templated":true}]}}