{"id":12461,"date":"2016-05-13T14:25:01","date_gmt":"2016-05-13T14:25:01","guid":{"rendered":"http:\/\/abioniv.com\/?post_type=product&#038;p=12461"},"modified":"2020-03-03T16:12:21","modified_gmt":"2020-03-03T16:12:21","slug":"avi-fusspilz-desinfektion","status":"publish","type":"product","link":"https:\/\/abioniv.com\/de\/produkt\/avi-fusspilz-desinfektion\/","title":{"rendered":"AVI &#8211; Fusspilz desinfektion"},"content":{"rendered":"<h3>Worauf achten Ihre Kunden?<\/h3>\n<p>Viele Menschen infizieren sich mit Dermatophyten an ihren F\u00fc\u00dfen oder Fu\u00dfn\u00e4geln. Wussten Sie, dass 23% der Bev\u00f6lkerung in Europa an einer Pilzinfektion der Fu\u00dfn\u00e4gel leiden? Und wussten Sie, dass 22% dieser Bev\u00f6lkerungsgruppe \u00fcber eine Pilzinfektion der oberen Hautfl\u00e4chen klagen?<\/p>\n<h3>Anwendungsbereiche und \u2013 gebiete<\/h3>\n<p>AVI ist ein Hautdesinfektionsmittel, das dem Befall von Nagel- und Fu\u00dfpilzen vorbeugt. \u2028Es wurde speziell mit einer extrem schnellen Wirkungszeit entwickelt (weniger als 15 Sekunden), so dass es in der Praxis in Bereichen angewendet werden sollte, in denen der Ansteckung mit Fu\u00dfpilzen vorgebeugt werden muss. Das Mittel enth\u00e4lt aus Sicherheitsgr\u00fcnden weder Alkohol (der Gefahr von Entflammbarkeit wird entgegengewirkt), noch quart\u00e4re Ammoniumverbindungen (QAV). Das Mittel ist jodhaltig, mit einem \u00e4u\u00dferst sicheren Toxizit\u00e4tsprofil.<\/p>\n<h3>Anwendungshinweis<\/h3>\n<p>AVI wird in Schwimmbad- oder Warmwasser-Poolbereichen im Verh\u00e4ltnis von einer \u202820-25fachen Verd\u00fcnnung mit Leitungswasser vermischt und mit Hilfe einer Spr\u00fchvorrichtung angewandt oder es wird direkt in ein Becken f\u00fcr das Baden der F\u00fc\u00dfe gegeben. In einem Fu\u00dfbadbecken sollte die Mischung gewechselt werden, sobald sich die Farbe der Fl\u00fcssigkeit aufhellt.<br \/>\nIhre Kunden m\u00fcssen ihre F\u00fc\u00dfe f\u00fcr 15 Sekunden mit AVI behandeln. Wenn AVI im Gesundheitsbereich oder in SPA-Einrichtungen eingesetzt wird, sollten Ihre Kunden die F\u00fc\u00dfe kurz mit Leitungswasser absp\u00fclen, nachdem sie AVI angewandt haben. Sie verf\u00fcgen hier \u00fcber ein h\u00f6chstwirksames Mittel \u2013 Hautpilze werden sofort auf der Hautoberfl\u00e4che bek\u00e4mpft, so dass Barfu\u00dfbereiche frei von Dermatophyten sind und sich Ihre Kunden nicht anstecken k\u00f6nnen.<\/p>\n<h3>Barfu\u00dfbereiche in der Praxis<\/h3>\n<p>Der \u201e\u00dcbergang\u201c zwischen den Bereichen, in denen Ihre Kunden das Fu\u00dfbad genommen oder ihre F\u00fc\u00dfe abgespr\u00fcht haben (\u201eNa\u00dfzone\u201c \u2013 unsaubere Zone) und den pilzfreien Barfu\u00dfbereichen (\u201eTrockenzone\u201c \u2013 saubere Zone), sollte f\u00fcr Ihre Kunden erkennbar sein.<br \/>\nDie Bereiche, in denen sich die Schlie\u00dff\u00e4cher zur Aufbewahrung der pers\u00f6nlichen Gegenst\u00e4nde Ihrer Kunden befinden, sollten in eine \u201eunsaubere\u201c und eine \u201esaubere\u201c Zone aufgeteilt werden. Kunden, die den Pool benutzen m\u00f6chten, sollten diesen \u00fcber die \u201eunsaubere Zone\u201c betreten, die Kunden, die aus dem Poolbereich kommen, benutzen die \u201esaubere Zone\u201c. Die Fu\u00dfb\u00f6den sollten zur Vermeidung dieser Risikofaktoren mit einem zuverl\u00e4ssigen Desinfektionsmittel, wie z.B. NOSO von abioniv gereinigt werden.<\/p>\n<h3>Effektivit\u00e4tsstudie<\/h3>\n<p>Dieses Produkt wurde mit Hilfe der erprobten Methode eines autorisierten Schweizer Mikrobiologischen Labors getestet. AVI wurde vom Schweizer Bundesamt f\u00fcr Gesundheit f\u00fcr den Markt zugelassen.<\/p>\n<p>&nbsp;<\/p>\n<h3>Hautvertr\u00e4glichkeit<\/h3>\n<p>AVI wird sehr gut von der Haut vertragen. AVI sollte auf einer Haut ohne Wunden und Absch\u00fcrfungen angewendet werden.<\/p>\n<h3>Empfehlung zur sicheren Anwendung<\/h3>\n<p>Produkt von Kindern fernhalten. Das Produkt darf nicht innerlich angewendet werden (nicht trinken).<\/p>\n<h3>Erste Hilfe<\/h3>\n<p>Im Falle einer unbeabsichtigten Einnahme des Produkts, geben Sie der Person Milch zum Trinken; fahren Sie damit fort und geben Sie alle 15 Minuten Milch zum Trinken. Ein Arzt wird Aktivkohle oder eine entsprechende fl\u00fcssige Medikation anwenden und gegebenenfalls eine Magensp\u00fclung vornehmen.<\/p>\n<h3>Aufbewahrung<\/h3>\n<p>Beh\u00e4lter stets verschlossen aufbewahren. Vor Sonnenlicht fernhalten (das Endprodukt darf Sonnenlicht ausgesetzt werden). An einem k\u00fchlen Ort aufbewahren. Den Kontakt mit Peroxiden, Chlor und anderen oxidativen Fl\u00fcssigkeiten vermeiden.<\/p>\n<h3>Gesetzliche Vorschriften<\/h3>\n<p>AVI ist ein Biozid, das vom Schweizer Bundesamt f\u00fcr Gesundheit unter der Nummer: CHZN3884 zugelassen wurde.<\/p>\n<h3>Umwelthinweis<\/h3>\n<p>Der Beh\u00e4lter besteht aus PE-HD und kann mit \u00e4hnlichen Produkten recycelt werden.<br \/>\nSymbol: Recycling-Code 02<\/p>\n<h3>Zusammensetzung<\/h3>\n<p>Nach Anfrage<\/p>\n<h3>Anmerkungen<\/h3>\n<p><sup>1<\/sup> Dermatophyten geh\u00f6ren zu einer Gruppe von Hautpilzen, die sich gern dort ansiedeln, wo es feucht und warm ist. Diese Fadenpilze infizieren in erster Linie verhornte K\u00f6rperstellen. Sportler sind h\u00e4ufig betroffen.<\/p>\n","protected":false},"excerpt":{"rendered":"<h2>Was ist das Besondere an AVI?<\/h2>\n<h4>AVI ist ein Desinfektionsmittel, das die f\u00fcr Pilzerkrankungen verantwortlichen Dermatophyten massiv zerst\u00f6rt, z.B.:<\/h4>\n<ul>\n<li>Nagelpilz<\/li>\n<li>Sportlerfu\u00df<\/li>\n<li>Andere Hautmikosen<\/li>\n<\/ul>\n<h4>\u00a0AVI zerst\u00f6rt 100% der f\u00fcr die Mikosen verantwortlichen Pilze, dennoch ist AVI f\u00fcr die Haut v\u00f6llig vertr\u00e4glich!<\/h4>\n<h2>AVI wirkt schon nach 15 Sekunden<\/h2>\n<ul>\n<li>AVI ist ideal f\u00fcr Schwimmb\u00e4der und Spas<\/li>\n<li>Auch f\u00fcr den t\u00e4glichen Gebrauch geeignet<\/li>\n<li>Der aktive Wirkstoff ist hautschonend<\/li>\n<li>Verhindert, da\u00df die Pilze die Haut durchdringen<\/li>\n<\/ul>\n","protected":false},"featured_media":13380,"comment_status":"closed","ping_status":"closed","template":"","meta":{"_mi_skip_tracking":false},"product_brand":[],"product_cat":[193],"product_tag":[],"class_list":{"0":"post-12461","1":"product","2":"type-product","3":"status-publish","4":"has-post-thumbnail","6":"product_cat-uncategorized","8":"first","9":"instock","10":"featured","11":"taxable","12":"shipping-taxable","13":"purchasable","14":"product-type-variable"},"yoast_head":"<!-- This site is optimized with the Yoast SEO Premium plugin v18.8 (Yoast SEO v27.6) - https:\/\/yoast.com\/product\/yoast-seo-premium-wordpress\/ -->\n<title>AVI - Fusspilz desinfektion - Abioniv - Biotechnolgy Solutions<\/title>\n<meta name=\"robots\" content=\"index, follow, max-snippet:-1, max-image-preview:large, max-video-preview:-1\" \/>\n<link rel=\"canonical\" href=\"https:\/\/abioniv.com\/de\/produkt\/avi-fusspilz-desinfektion\/\" \/>\n<meta property=\"og:locale\" content=\"de_DE\" \/>\n<meta property=\"og:type\" content=\"article\" \/>\n<meta property=\"og:title\" content=\"AVI - Fusspilz desinfektion\" \/>\n<meta property=\"og:description\" content=\"Was ist das Besondere an AVI? AVI ist ein Desinfektionsmittel, das die f\u00fcr Pilzerkrankungen verantwortlichen Dermatophyten massiv zerst\u00f6rt, z.B.:   Nagelpilz  Sportlerfu\u00df  Andere Hautmikosen  \u00a0AVI zerst\u00f6rt 100% der f\u00fcr die Mikosen verantwortlichen Pilze, dennoch ist AVI f\u00fcr die Haut v\u00f6llig vertr\u00e4glich! AVI wirkt schon nach 15 Sekunden   AVI ist ideal f\u00fcr Schwimmb\u00e4der und Spas  Auch f\u00fcr den t\u00e4glichen Gebrauch geeignet  Der aktive Wirkstoff ist hautschonend  Verhindert, da\u00df die Pilze die Haut durchdringen\" \/>\n<meta property=\"og:url\" content=\"https:\/\/abioniv.com\/de\/produkt\/avi-fusspilz-desinfektion\/\" \/>\n<meta property=\"og:site_name\" content=\"Abioniv - Biotechnolgy Solutions\" \/>\n<meta property=\"article:publisher\" content=\"https:\/\/www.facebook.com\/myabioniv\/\" \/>\n<meta property=\"article:modified_time\" content=\"2020-03-03T16:12:21+00:00\" \/>\n<meta property=\"og:image\" content=\"https:\/\/abioniv.com\/wp-content\/uploads\/2016\/04\/ABIO_packaging_AVI_1l.jpg\" \/>\n\t<meta property=\"og:image:width\" content=\"370\" \/>\n\t<meta property=\"og:image:height\" content=\"469\" \/>\n\t<meta property=\"og:image:type\" content=\"image\/jpeg\" \/>\n<meta name=\"twitter:card\" content=\"summary_large_image\" \/>\n<meta name=\"twitter:site\" content=\"@abioniv\" \/>\n<meta name=\"twitter:label1\" content=\"Gesch\u00e4tzte Lesezeit\" \/>\n\t<meta name=\"twitter:data1\" content=\"3\u00a0Minuten\" \/>\n<script type=\"application\/ld+json\" class=\"yoast-schema-graph\">{\"@context\":\"https:\\\/\\\/schema.org\",\"@graph\":[{\"@type\":\"WebPage\",\"@id\":\"https:\\\/\\\/abioniv.com\\\/de\\\/produkt\\\/avi-fusspilz-desinfektion\\\/\",\"url\":\"https:\\\/\\\/abioniv.com\\\/de\\\/produkt\\\/avi-fusspilz-desinfektion\\\/\",\"name\":\"AVI - Fusspilz desinfektion - Abioniv - Biotechnolgy Solutions\",\"isPartOf\":{\"@id\":\"https:\\\/\\\/abioniv.com\\\/#website\"},\"primaryImageOfPage\":{\"@id\":\"https:\\\/\\\/abioniv.com\\\/de\\\/produkt\\\/avi-fusspilz-desinfektion\\\/#primaryimage\"},\"image\":{\"@id\":\"https:\\\/\\\/abioniv.com\\\/de\\\/produkt\\\/avi-fusspilz-desinfektion\\\/#primaryimage\"},\"thumbnailUrl\":\"https:\\\/\\\/abioniv.com\\\/wp-content\\\/uploads\\\/2016\\\/04\\\/ABIO_packaging_AVI_1l.jpg\",\"datePublished\":\"2016-05-13T14:25:01+00:00\",\"dateModified\":\"2020-03-03T16:12:21+00:00\",\"breadcrumb\":{\"@id\":\"https:\\\/\\\/abioniv.com\\\/de\\\/produkt\\\/avi-fusspilz-desinfektion\\\/#breadcrumb\"},\"inLanguage\":\"de\",\"potentialAction\":[{\"@type\":\"ReadAction\",\"target\":[\"https:\\\/\\\/abioniv.com\\\/de\\\/produkt\\\/avi-fusspilz-desinfektion\\\/\"]}]},{\"@type\":\"ImageObject\",\"inLanguage\":\"de\",\"@id\":\"https:\\\/\\\/abioniv.com\\\/de\\\/produkt\\\/avi-fusspilz-desinfektion\\\/#primaryimage\",\"url\":\"https:\\\/\\\/abioniv.com\\\/wp-content\\\/uploads\\\/2016\\\/04\\\/ABIO_packaging_AVI_1l.jpg\",\"contentUrl\":\"https:\\\/\\\/abioniv.com\\\/wp-content\\\/uploads\\\/2016\\\/04\\\/ABIO_packaging_AVI_1l.jpg\",\"width\":370,\"height\":469,\"caption\":\"Abioniv - AVI - 1l\"},{\"@type\":\"BreadcrumbList\",\"@id\":\"https:\\\/\\\/abioniv.com\\\/de\\\/produkt\\\/avi-fusspilz-desinfektion\\\/#breadcrumb\",\"itemListElement\":[{\"@type\":\"ListItem\",\"position\":1,\"name\":\"Home\",\"item\":\"https:\\\/\\\/abioniv.com\\\/de\\\/\"},{\"@type\":\"ListItem\",\"position\":2,\"name\":\"Shop\",\"item\":\"https:\\\/\\\/abioniv.com\\\/de\\\/shop\\\/\"},{\"@type\":\"ListItem\",\"position\":3,\"name\":\"AVI &#8211; Fusspilz desinfektion\"}]},{\"@type\":\"WebSite\",\"@id\":\"https:\\\/\\\/abioniv.com\\\/#website\",\"url\":\"https:\\\/\\\/abioniv.com\\\/\",\"name\":\"Abioniv - The Reference in Prevention\",\"description\":\"Biotechnolgy Solutions\",\"publisher\":{\"@id\":\"https:\\\/\\\/abioniv.com\\\/#organization\"},\"potentialAction\":[{\"@type\":\"SearchAction\",\"target\":{\"@type\":\"EntryPoint\",\"urlTemplate\":\"https:\\\/\\\/abioniv.com\\\/?s={search_term_string}\"},\"query-input\":{\"@type\":\"PropertyValueSpecification\",\"valueRequired\":true,\"valueName\":\"search_term_string\"}}],\"inLanguage\":\"de\"},{\"@type\":\"Organization\",\"@id\":\"https:\\\/\\\/abioniv.com\\\/#organization\",\"name\":\"abioniv\",\"url\":\"https:\\\/\\\/abioniv.com\\\/\",\"logo\":{\"@type\":\"ImageObject\",\"inLanguage\":\"de\",\"@id\":\"https:\\\/\\\/abioniv.com\\\/#\\\/schema\\\/logo\\\/image\\\/\",\"url\":\"https:\\\/\\\/abioniv.com\\\/wp-content\\\/uploads\\\/2019\\\/03\\\/ABIO_logo_P7546-e1628608523617.jpg\",\"contentUrl\":\"https:\\\/\\\/abioniv.com\\\/wp-content\\\/uploads\\\/2019\\\/03\\\/ABIO_logo_P7546-e1628608523617.jpg\",\"width\":179,\"height\":72,\"caption\":\"abioniv\"},\"image\":{\"@id\":\"https:\\\/\\\/abioniv.com\\\/#\\\/schema\\\/logo\\\/image\\\/\"},\"sameAs\":[\"https:\\\/\\\/www.facebook.com\\\/myabioniv\\\/\",\"https:\\\/\\\/x.com\\\/abioniv\",\"https:\\\/\\\/www.linkedin.com\\\/company\\\/abioniv\",\"https:\\\/\\\/www.pinterest.ch\\\/abioniv\\\/\",\"https:\\\/\\\/www.youtube.com\\\/channel\\\/UCoUL2aw7cgnywbkRsI3OQBg\"]}]}<\/script>\n<!-- \/ Yoast SEO Premium plugin. -->","yoast_head_json":{"title":"AVI - Fusspilz desinfektion - Abioniv - Biotechnolgy Solutions","robots":{"index":"index","follow":"follow","max-snippet":"max-snippet:-1","max-image-preview":"max-image-preview:large","max-video-preview":"max-video-preview:-1"},"canonical":"https:\/\/abioniv.com\/de\/produkt\/avi-fusspilz-desinfektion\/","og_locale":"de_DE","og_type":"article","og_title":"AVI - Fusspilz desinfektion","og_description":"Was ist das Besondere an AVI? AVI ist ein Desinfektionsmittel, das die f\u00fcr Pilzerkrankungen verantwortlichen Dermatophyten massiv zerst\u00f6rt, z.B.:   Nagelpilz  Sportlerfu\u00df  Andere Hautmikosen  \u00a0AVI zerst\u00f6rt 100% der f\u00fcr die Mikosen verantwortlichen Pilze, dennoch ist AVI f\u00fcr die Haut v\u00f6llig vertr\u00e4glich! AVI wirkt schon nach 15 Sekunden   AVI ist ideal f\u00fcr Schwimmb\u00e4der und Spas  Auch f\u00fcr den t\u00e4glichen Gebrauch geeignet  Der aktive Wirkstoff ist hautschonend  Verhindert, da\u00df die Pilze die Haut durchdringen","og_url":"https:\/\/abioniv.com\/de\/produkt\/avi-fusspilz-desinfektion\/","og_site_name":"Abioniv - Biotechnolgy Solutions","article_publisher":"https:\/\/www.facebook.com\/myabioniv\/","article_modified_time":"2020-03-03T16:12:21+00:00","og_image":[{"width":370,"height":469,"url":"https:\/\/abioniv.com\/wp-content\/uploads\/2016\/04\/ABIO_packaging_AVI_1l.jpg","type":"image\/jpeg"}],"twitter_card":"summary_large_image","twitter_site":"@abioniv","twitter_misc":{"Gesch\u00e4tzte Lesezeit":"3\u00a0Minuten"},"schema":{"@context":"https:\/\/schema.org","@graph":[{"@type":"WebPage","@id":"https:\/\/abioniv.com\/de\/produkt\/avi-fusspilz-desinfektion\/","url":"https:\/\/abioniv.com\/de\/produkt\/avi-fusspilz-desinfektion\/","name":"AVI - Fusspilz desinfektion - Abioniv - Biotechnolgy Solutions","isPartOf":{"@id":"https:\/\/abioniv.com\/#website"},"primaryImageOfPage":{"@id":"https:\/\/abioniv.com\/de\/produkt\/avi-fusspilz-desinfektion\/#primaryimage"},"image":{"@id":"https:\/\/abioniv.com\/de\/produkt\/avi-fusspilz-desinfektion\/#primaryimage"},"thumbnailUrl":"https:\/\/abioniv.com\/wp-content\/uploads\/2016\/04\/ABIO_packaging_AVI_1l.jpg","datePublished":"2016-05-13T14:25:01+00:00","dateModified":"2020-03-03T16:12:21+00:00","breadcrumb":{"@id":"https:\/\/abioniv.com\/de\/produkt\/avi-fusspilz-desinfektion\/#breadcrumb"},"inLanguage":"de","potentialAction":[{"@type":"ReadAction","target":["https:\/\/abioniv.com\/de\/produkt\/avi-fusspilz-desinfektion\/"]}]},{"@type":"ImageObject","inLanguage":"de","@id":"https:\/\/abioniv.com\/de\/produkt\/avi-fusspilz-desinfektion\/#primaryimage","url":"https:\/\/abioniv.com\/wp-content\/uploads\/2016\/04\/ABIO_packaging_AVI_1l.jpg","contentUrl":"https:\/\/abioniv.com\/wp-content\/uploads\/2016\/04\/ABIO_packaging_AVI_1l.jpg","width":370,"height":469,"caption":"Abioniv - AVI - 1l"},{"@type":"BreadcrumbList","@id":"https:\/\/abioniv.com\/de\/produkt\/avi-fusspilz-desinfektion\/#breadcrumb","itemListElement":[{"@type":"ListItem","position":1,"name":"Home","item":"https:\/\/abioniv.com\/de\/"},{"@type":"ListItem","position":2,"name":"Shop","item":"https:\/\/abioniv.com\/de\/shop\/"},{"@type":"ListItem","position":3,"name":"AVI &#8211; Fusspilz desinfektion"}]},{"@type":"WebSite","@id":"https:\/\/abioniv.com\/#website","url":"https:\/\/abioniv.com\/","name":"Abioniv - The Reference in Prevention","description":"Biotechnolgy Solutions","publisher":{"@id":"https:\/\/abioniv.com\/#organization"},"potentialAction":[{"@type":"SearchAction","target":{"@type":"EntryPoint","urlTemplate":"https:\/\/abioniv.com\/?s={search_term_string}"},"query-input":{"@type":"PropertyValueSpecification","valueRequired":true,"valueName":"search_term_string"}}],"inLanguage":"de"},{"@type":"Organization","@id":"https:\/\/abioniv.com\/#organization","name":"abioniv","url":"https:\/\/abioniv.com\/","logo":{"@type":"ImageObject","inLanguage":"de","@id":"https:\/\/abioniv.com\/#\/schema\/logo\/image\/","url":"https:\/\/abioniv.com\/wp-content\/uploads\/2019\/03\/ABIO_logo_P7546-e1628608523617.jpg","contentUrl":"https:\/\/abioniv.com\/wp-content\/uploads\/2019\/03\/ABIO_logo_P7546-e1628608523617.jpg","width":179,"height":72,"caption":"abioniv"},"image":{"@id":"https:\/\/abioniv.com\/#\/schema\/logo\/image\/"},"sameAs":["https:\/\/www.facebook.com\/myabioniv\/","https:\/\/x.com\/abioniv","https:\/\/www.linkedin.com\/company\/abioniv","https:\/\/www.pinterest.ch\/abioniv\/","https:\/\/www.youtube.com\/channel\/UCoUL2aw7cgnywbkRsI3OQBg"]}]}},"_links":{"self":[{"href":"https:\/\/abioniv.com\/de\/wp-json\/wp\/v2\/product\/12461","targetHints":{"allow":["GET"]}}],"collection":[{"href":"https:\/\/abioniv.com\/de\/wp-json\/wp\/v2\/product"}],"about":[{"href":"https:\/\/abioniv.com\/de\/wp-json\/wp\/v2\/types\/product"}],"replies":[{"embeddable":true,"href":"https:\/\/abioniv.com\/de\/wp-json\/wp\/v2\/comments?post=12461"}],"wp:featuredmedia":[{"embeddable":true,"href":"https:\/\/abioniv.com\/de\/wp-json\/wp\/v2\/media\/13380"}],"wp:attachment":[{"href":"https:\/\/abioniv.com\/de\/wp-json\/wp\/v2\/media?parent=12461"}],"wp:term":[{"taxonomy":"product_brand","embeddable":true,"href":"https:\/\/abioniv.com\/de\/wp-json\/wp\/v2\/product_brand?post=12461"},{"taxonomy":"product_cat","embeddable":true,"href":"https:\/\/abioniv.com\/de\/wp-json\/wp\/v2\/product_cat?post=12461"},{"taxonomy":"product_tag","embeddable":true,"href":"https:\/\/abioniv.com\/de\/wp-json\/wp\/v2\/product_tag?post=12461"}],"curies":[{"name":"wp","href":"https:\/\/api.w.org\/{rel}","templated":true}]}}