{"id":12537,"date":"2016-05-21T11:12:34","date_gmt":"2016-05-21T11:12:34","guid":{"rendered":"http:\/\/abioniv.com\/?page_id=12537"},"modified":"2017-02-23T05:46:20","modified_gmt":"2017-02-23T05:46:20","slug":"hotelindustrie","status":"publish","type":"page","link":"https:\/\/abioniv.com\/de\/losungen\/geschaeftskunden\/hotelindustrie\/","title":{"rendered":"Hotelindustrie"},"content":{"rendered":"<p><div class=\"fusion-fullwidth fullwidth-box fusion-builder-row-1 nonhundred-percent-fullwidth non-hundred-percent-height-scrolling\" style=\"--awb-background-position:left top;--awb-border-radius-top-left:0px;--awb-border-radius-top-right:0px;--awb-border-radius-bottom-right:0px;--awb-border-radius-bottom-left:0px;--awb-padding-top:0px;--awb-padding-bottom:20px;--awb-border-sizes-top:0px;--awb-border-sizes-bottom:0px;--awb-flex-wrap:wrap;\" ><div class=\"fusion-builder-row fusion-row\"><div class=\"fusion-layout-column fusion_builder_column fusion-builder-column-0 fusion_builder_column_1_1 1_1 fusion-one-full fusion-column-first fusion-column-last fusion-column-no-min-height\" style=\"--awb-bg-size:cover;--awb-margin-bottom:0px;\"><div class=\"fusion-column-wrapper fusion-flex-column-wrapper-legacy\"><div class=\"fusion-image-element in-legacy-container\" style=\"--awb-caption-title-font-family:var(--h2_typography-font-family);--awb-caption-title-font-weight:var(--h2_typography-font-weight);--awb-caption-title-font-style:var(--h2_typography-font-style);--awb-caption-title-size:var(--h2_typography-font-size);--awb-caption-title-transform:var(--h2_typography-text-transform);--awb-caption-title-line-height:var(--h2_typography-line-height);--awb-caption-title-letter-spacing:var(--h2_typography-letter-spacing);\"><span class=\" fusion-imageframe imageframe-none imageframe-1 hover-type-none\"><img decoding=\"async\" src=\"http:\/\/abioniv.com\/wp-content\/uploads\/2016\/05\/ABIO_web_banner_kitchen.jpg\" alt class=\"img-responsive\"\/><\/span><\/div><div class=\"fusion-text fusion-text-1\"><h2>Umgebung<\/h2>\n<p>Die Gastronomiebranche umfasst den Beherbergungssektor und den Lebensmittelsektor.<\/p>\n<p>Im Beherbergungssektor sind Badezimmer hochriskante Bereiche, wenn es um Ansteckungsgefahren geht \u2013 im Durchschnitt infiziert 1 von 5 G\u00e4sten eines Hotels (oder einer Pension) den Fu\u00dfboden und Oberfl\u00e4chen eines Raumes mit Dermatophyten (Pilze, die f\u00fcr die \u00dcbertragung des sog. \u201eAthletenfu\u00dfes\u201c verantwortlich sind) oder auch Papillomaviren, die Viren, durch die Warzen entstehen und sich ebenfalls im Fu\u00dfbodenbereich aufhalten k\u00f6nnen. Dermatophyten und Papillomaviren reagieren auf viele Desinfektionsmittel resistent. Gerade im Badezimmer h\u00e4lt man sich normalerweise barfu\u00df auf und hier k\u00f6nnen Luftfeuchtigkeit und Temperatur hoch sein, beides Faktoren, die die Gefahr einer Ansteckung erh\u00f6hen. Die Ansteckungsrisiken, aber auch wirksame L\u00f6sungen sind denen in einem SPA-Bereich sehr \u00e4hnlich.<\/p>\n<p>Im Lebensmittelbereich ist hingegen die K\u00fcche der riskanteste Ansteckungsort: dies ist die Umgebung, in der normalerweise Nahrungsmittel infiziert werden und wo es zu Lebensmittelvergiftungen kommen kann.<br \/>\nDie f\u00fcnf gef\u00e4hrlichsten Bakterien, die sich in Lebensmitteln befinden k\u00f6nnen, sind:<\/p>\n<ol>\n<li>Salmonellen<\/li>\n<li>Clostridum Perfringens<\/li>\n<li>Campylobakter spp.<\/li>\n<li>Staphylokokkus Aureus<\/li>\n<li>E. Koli<\/li>\n<\/ol>\n<p>Arbeitsoberfl\u00e4chen, Sp\u00fclbecken, Schneidebretter, Maschinen zur Zerkleinerung von Lebensmitteln und K\u00fchlschr\u00e4nke k\u00f6nnen zu Brutst\u00e4tten von Mikroorganismen werden. Die gr\u00f6\u00dfte Ansteckungsgefahr geschieht jedoch immer noch \u00fcber einen einfachen H\u00e4ndedruck!<\/p>\n<h2>Konsequenzen<\/h2>\n<p>Viele Menschen denken, dass ein Ger\u00e4t, das sauber aussieht, sicher ist. Dies ist leider jedoch nicht immer der Fall. Im Gegensatz zu Viren k\u00f6nnen sich Bakterien auch in Nahrungsmitteln vermehren. Das bedeutet, dass 1 oder sogar 10 verschiedene Bakterienarten auf einer Arbeitsoberfl\u00e4che die Nahrungsmittel verunreinigen k\u00f6nnen und somit unter den f\u00fcr diese Bakterien g\u00fcnstigen Umst\u00e4nden (z.Bsp. K\u00fchlschr\u00e4nke, die auf \u00fcber 5\u00b0C eingestellt sind oder auch fehlerhafte Beschriftungen) das Potential in sich bergen, zig Menschen ernsthaft zu gef\u00e4hrden und erkranken zu lassen \u2013 sogar bis zu einer Einweisung in eine Klinik.<br \/>\nDoch noch nicht genug \u2013 Bakterien wie z. Bsp. Clostridium erzeugen Sporen, die extrem resistent gegen die meisten Desinfektionsmittel sind und die Gefahr in sich tragen, Nahrungsmittel zu verseuchen, wodurch hochgef\u00e4hrliche Toxine entstehen k\u00f6nnen.<br \/>\nDies sind nur einige Gr\u00fcnde, warum Sie ein zuverl\u00e4ssiges Desinfektionsmittel benutzen sollten. Weil es extrem wichtig ist!<\/p>\n<h2>Unser Tip f\u00fcr G\u00e4ste<\/h2>\n<p>Scheuen Sie sich nie davor, sich dar\u00fcber zu erkundigen, ob die Unterkunft, in der Sie sich aufhalten m\u00f6chten, hohen Wert auf Sauberkeit legt. Sie m\u00f6chten sich doch entspannen und eine gewisse Zeit dort verbringen. Es ist immer besser, einmal mehr zu fragen, als sp\u00e4ter wom\u00f6glich gezwungen zu sein, sich medikament\u00f6s behandeln lassen zu m\u00fcssen!<\/p>\n<h2>Unser Tip f\u00fcr das Personal<\/h2>\n<p>Mit Hilfe von NOSO kann eine professionelle K\u00fcche vom Personal gegen die meisten bereits resistenten Bakterien desinfiziert und von ihnen befreit werden \u2013 wie im Falle von z. Bsp. Clostridium \u2013 innerhalb von nur 30 Sekunden!<br \/>\nDenken Sie einmal nach: um dies mit einem herk\u00f6mmlichen Mittel, wie z. Bsp. Bleichmittel in einer L\u00f6sung mit dem richtigen Verh\u00e4ltnis, zu erreichen, ben\u00f6tigen Sie 10 Minuten, damit die Clostridium Sporen inaktiviert werden.<br \/>\nBenutzen Sie lieber gleich NOSO \u2013 Ihre Kunden sollten es Ihnen wert sein.<br \/>\nGehen Sie kein Risiko ein!<\/p>\n<h2>Wie funktioniert es?<\/h2>\n<p>NOSO ist ein professionelles Produkt, das bereits innerhalb von Sekunden wirkt. Benutzen Sie es t\u00e4glich, um \u00dcberfl\u00e4chen zu desinfizieren und Gegenst\u00e4nde, die\u00a0in direktem Kontakt mit Nahrungsmitteln oder Ihren H\u00e4nden sein k\u00f6nnen. Sp\u00fclen Sie die Oberfl\u00e4che mit klarem Wasser ab und wischen Sie die Fl\u00e4che mit einem Schwamm oder Tuch nach.<\/p>\n<p>Falls Sie n\u00e4here Informationen w\u00fcnschen, ber\u00e4t abioniv Sie gern!<\/p>\n<\/div><div class=\"fusion-clearfix\"><\/div><\/div><\/div><\/div><\/div><div class=\"fusion-fullwidth fullwidth-box fusion-builder-row-2 hundred-percent-fullwidth non-hundred-percent-height-scrolling\" style=\"--awb-border-radius-top-left:0px;--awb-border-radius-top-right:0px;--awb-border-radius-bottom-right:0px;--awb-border-radius-bottom-left:0px;--awb-overflow:visible;--awb-flex-wrap:wrap;\" ><div class=\"fusion-builder-row fusion-row\"><div class=\"fusion-layout-column fusion_builder_column fusion-builder-column-1 fusion_builder_column_1_1 1_1 fusion-one-full fusion-column-first fusion-column-last fusion-column-no-min-height\" style=\"--awb-bg-size:cover;--awb-margin-bottom:0px;\"><div class=\"fusion-column-wrapper fusion-flex-column-wrapper-legacy\"><div class=\"fusion-button-wrapper\"><a class=\"fusion-button button-flat fusion-button-default-size button-default fusion-button-default button-1 fusion-button-default-span fusion-button-default-type\" target=\"_self\" href=\"\/shop\/\"><i class=\" fa fa-shopping-cart button-icon-left\" aria-hidden=\"true\"><\/i><span class=\"fusion-button-text\">Shop now<\/span><\/a><\/div><div class=\"fusion-clearfix\"><\/div><\/div><\/div><\/div><\/div><\/p>\n","protected":false},"excerpt":{"rendered":"","protected":false},"author":1,"featured_media":0,"parent":12469,"menu_order":4,"comment_status":"closed","ping_status":"closed","template":"side-navigation.php","meta":{"_mi_skip_tracking":false,"footnotes":""},"yoast_head":"<!-- This site is optimized with the Yoast SEO Premium plugin v18.8 (Yoast SEO v24.1) - https:\/\/yoast.com\/wordpress\/plugins\/seo\/ -->\n<title>Hotelindustrie - Abioniv - Biotechnolgy Solutions<\/title>\n<meta name=\"robots\" content=\"index, follow, max-snippet:-1, max-image-preview:large, max-video-preview:-1\" \/>\n<link rel=\"canonical\" href=\"https:\/\/abioniv.com\/de\/losungen\/geschaeftskunden\/hotelindustrie\/\" \/>\n<meta property=\"og:locale\" content=\"de_DE\" \/>\n<meta property=\"og:type\" content=\"article\" \/>\n<meta property=\"og:title\" content=\"Hotelindustrie\" \/>\n<meta property=\"og:url\" content=\"https:\/\/abioniv.com\/de\/losungen\/geschaeftskunden\/hotelindustrie\/\" \/>\n<meta property=\"og:site_name\" content=\"Abioniv - Biotechnolgy Solutions\" \/>\n<meta property=\"article:publisher\" content=\"https:\/\/www.facebook.com\/myabioniv\/\" \/>\n<meta property=\"article:modified_time\" content=\"2017-02-23T05:46:20+00:00\" \/>\n<meta property=\"og:image\" content=\"http:\/\/abioniv.com\/wp-content\/uploads\/2016\/05\/ABIO_web_banner_kitchen.jpg\" \/>\n<meta name=\"twitter:card\" content=\"summary_large_image\" \/>\n<meta name=\"twitter:site\" content=\"@abioniv\" \/>\n<meta name=\"twitter:label1\" content=\"Gesch\u00e4tzte Lesezeit\" \/>\n\t<meta name=\"twitter:data1\" content=\"5\u00a0Minuten\" \/>\n<script type=\"application\/ld+json\" class=\"yoast-schema-graph\">{\"@context\":\"https:\/\/schema.org\",\"@graph\":[{\"@type\":\"WebPage\",\"@id\":\"https:\/\/abioniv.com\/de\/losungen\/geschaeftskunden\/hotelindustrie\/\",\"url\":\"https:\/\/abioniv.com\/de\/losungen\/geschaeftskunden\/hotelindustrie\/\",\"name\":\"Hotelindustrie - Abioniv - Biotechnolgy Solutions\",\"isPartOf\":{\"@id\":\"https:\/\/abioniv.com\/#website\"},\"primaryImageOfPage\":{\"@id\":\"https:\/\/abioniv.com\/de\/losungen\/geschaeftskunden\/hotelindustrie\/#primaryimage\"},\"image\":{\"@id\":\"https:\/\/abioniv.com\/de\/losungen\/geschaeftskunden\/hotelindustrie\/#primaryimage\"},\"thumbnailUrl\":\"http:\/\/abioniv.com\/wp-content\/uploads\/2016\/05\/ABIO_web_banner_kitchen.jpg\",\"datePublished\":\"2016-05-21T11:12:34+00:00\",\"dateModified\":\"2017-02-23T05:46:20+00:00\",\"breadcrumb\":{\"@id\":\"https:\/\/abioniv.com\/de\/losungen\/geschaeftskunden\/hotelindustrie\/#breadcrumb\"},\"inLanguage\":\"de\",\"potentialAction\":[{\"@type\":\"ReadAction\",\"target\":[\"https:\/\/abioniv.com\/de\/losungen\/geschaeftskunden\/hotelindustrie\/\"]}]},{\"@type\":\"ImageObject\",\"inLanguage\":\"de\",\"@id\":\"https:\/\/abioniv.com\/de\/losungen\/geschaeftskunden\/hotelindustrie\/#primaryimage\",\"url\":\"http:\/\/abioniv.com\/wp-content\/uploads\/2016\/05\/ABIO_web_banner_kitchen.jpg\",\"contentUrl\":\"http:\/\/abioniv.com\/wp-content\/uploads\/2016\/05\/ABIO_web_banner_kitchen.jpg\"},{\"@type\":\"BreadcrumbList\",\"@id\":\"https:\/\/abioniv.com\/de\/losungen\/geschaeftskunden\/hotelindustrie\/#breadcrumb\",\"itemListElement\":[{\"@type\":\"ListItem\",\"position\":1,\"name\":\"Home\",\"item\":\"https:\/\/abioniv.com\/de\/\"},{\"@type\":\"ListItem\",\"position\":2,\"name\":\"L\u00f6sungen\",\"item\":\"https:\/\/abioniv.com\/de\/losungen\/\"},{\"@type\":\"ListItem\",\"position\":3,\"name\":\"Gesch\u00e4ftskunden\",\"item\":\"https:\/\/abioniv.com\/de\/losungen\/geschaeftskunden\/\"},{\"@type\":\"ListItem\",\"position\":4,\"name\":\"Hotelindustrie\"}]},{\"@type\":\"WebSite\",\"@id\":\"https:\/\/abioniv.com\/#website\",\"url\":\"https:\/\/abioniv.com\/\",\"name\":\"Abioniv - The Reference in Prevention\",\"description\":\"Biotechnolgy Solutions\",\"publisher\":{\"@id\":\"https:\/\/abioniv.com\/#organization\"},\"potentialAction\":[{\"@type\":\"SearchAction\",\"target\":{\"@type\":\"EntryPoint\",\"urlTemplate\":\"https:\/\/abioniv.com\/?s={search_term_string}\"},\"query-input\":{\"@type\":\"PropertyValueSpecification\",\"valueRequired\":true,\"valueName\":\"search_term_string\"}}],\"inLanguage\":\"de\"},{\"@type\":\"Organization\",\"@id\":\"https:\/\/abioniv.com\/#organization\",\"name\":\"abioniv\",\"url\":\"https:\/\/abioniv.com\/\",\"logo\":{\"@type\":\"ImageObject\",\"inLanguage\":\"de\",\"@id\":\"https:\/\/abioniv.com\/#\/schema\/logo\/image\/\",\"url\":\"https:\/\/abioniv.com\/wp-content\/uploads\/2019\/03\/ABIO_logo_P7546-e1628608523617.jpg\",\"contentUrl\":\"https:\/\/abioniv.com\/wp-content\/uploads\/2019\/03\/ABIO_logo_P7546-e1628608523617.jpg\",\"width\":179,\"height\":72,\"caption\":\"abioniv\"},\"image\":{\"@id\":\"https:\/\/abioniv.com\/#\/schema\/logo\/image\/\"},\"sameAs\":[\"https:\/\/www.facebook.com\/myabioniv\/\",\"https:\/\/x.com\/abioniv\",\"https:\/\/www.linkedin.com\/company\/abioniv\",\"https:\/\/www.pinterest.ch\/abioniv\/\",\"https:\/\/www.youtube.com\/channel\/UCoUL2aw7cgnywbkRsI3OQBg\"]}]}<\/script>\n<!-- \/ Yoast SEO Premium plugin. -->","yoast_head_json":{"title":"Hotelindustrie - Abioniv - Biotechnolgy Solutions","robots":{"index":"index","follow":"follow","max-snippet":"max-snippet:-1","max-image-preview":"max-image-preview:large","max-video-preview":"max-video-preview:-1"},"canonical":"https:\/\/abioniv.com\/de\/losungen\/geschaeftskunden\/hotelindustrie\/","og_locale":"de_DE","og_type":"article","og_title":"Hotelindustrie","og_url":"https:\/\/abioniv.com\/de\/losungen\/geschaeftskunden\/hotelindustrie\/","og_site_name":"Abioniv - Biotechnolgy Solutions","article_publisher":"https:\/\/www.facebook.com\/myabioniv\/","article_modified_time":"2017-02-23T05:46:20+00:00","og_image":[{"url":"http:\/\/abioniv.com\/wp-content\/uploads\/2016\/05\/ABIO_web_banner_kitchen.jpg","type":"","width":"","height":""}],"twitter_card":"summary_large_image","twitter_site":"@abioniv","twitter_misc":{"Gesch\u00e4tzte Lesezeit":"5\u00a0Minuten"},"schema":{"@context":"https:\/\/schema.org","@graph":[{"@type":"WebPage","@id":"https:\/\/abioniv.com\/de\/losungen\/geschaeftskunden\/hotelindustrie\/","url":"https:\/\/abioniv.com\/de\/losungen\/geschaeftskunden\/hotelindustrie\/","name":"Hotelindustrie - Abioniv - Biotechnolgy Solutions","isPartOf":{"@id":"https:\/\/abioniv.com\/#website"},"primaryImageOfPage":{"@id":"https:\/\/abioniv.com\/de\/losungen\/geschaeftskunden\/hotelindustrie\/#primaryimage"},"image":{"@id":"https:\/\/abioniv.com\/de\/losungen\/geschaeftskunden\/hotelindustrie\/#primaryimage"},"thumbnailUrl":"http:\/\/abioniv.com\/wp-content\/uploads\/2016\/05\/ABIO_web_banner_kitchen.jpg","datePublished":"2016-05-21T11:12:34+00:00","dateModified":"2017-02-23T05:46:20+00:00","breadcrumb":{"@id":"https:\/\/abioniv.com\/de\/losungen\/geschaeftskunden\/hotelindustrie\/#breadcrumb"},"inLanguage":"de","potentialAction":[{"@type":"ReadAction","target":["https:\/\/abioniv.com\/de\/losungen\/geschaeftskunden\/hotelindustrie\/"]}]},{"@type":"ImageObject","inLanguage":"de","@id":"https:\/\/abioniv.com\/de\/losungen\/geschaeftskunden\/hotelindustrie\/#primaryimage","url":"http:\/\/abioniv.com\/wp-content\/uploads\/2016\/05\/ABIO_web_banner_kitchen.jpg","contentUrl":"http:\/\/abioniv.com\/wp-content\/uploads\/2016\/05\/ABIO_web_banner_kitchen.jpg"},{"@type":"BreadcrumbList","@id":"https:\/\/abioniv.com\/de\/losungen\/geschaeftskunden\/hotelindustrie\/#breadcrumb","itemListElement":[{"@type":"ListItem","position":1,"name":"Home","item":"https:\/\/abioniv.com\/de\/"},{"@type":"ListItem","position":2,"name":"L\u00f6sungen","item":"https:\/\/abioniv.com\/de\/losungen\/"},{"@type":"ListItem","position":3,"name":"Gesch\u00e4ftskunden","item":"https:\/\/abioniv.com\/de\/losungen\/geschaeftskunden\/"},{"@type":"ListItem","position":4,"name":"Hotelindustrie"}]},{"@type":"WebSite","@id":"https:\/\/abioniv.com\/#website","url":"https:\/\/abioniv.com\/","name":"Abioniv - The Reference in Prevention","description":"Biotechnolgy Solutions","publisher":{"@id":"https:\/\/abioniv.com\/#organization"},"potentialAction":[{"@type":"SearchAction","target":{"@type":"EntryPoint","urlTemplate":"https:\/\/abioniv.com\/?s={search_term_string}"},"query-input":{"@type":"PropertyValueSpecification","valueRequired":true,"valueName":"search_term_string"}}],"inLanguage":"de"},{"@type":"Organization","@id":"https:\/\/abioniv.com\/#organization","name":"abioniv","url":"https:\/\/abioniv.com\/","logo":{"@type":"ImageObject","inLanguage":"de","@id":"https:\/\/abioniv.com\/#\/schema\/logo\/image\/","url":"https:\/\/abioniv.com\/wp-content\/uploads\/2019\/03\/ABIO_logo_P7546-e1628608523617.jpg","contentUrl":"https:\/\/abioniv.com\/wp-content\/uploads\/2019\/03\/ABIO_logo_P7546-e1628608523617.jpg","width":179,"height":72,"caption":"abioniv"},"image":{"@id":"https:\/\/abioniv.com\/#\/schema\/logo\/image\/"},"sameAs":["https:\/\/www.facebook.com\/myabioniv\/","https:\/\/x.com\/abioniv","https:\/\/www.linkedin.com\/company\/abioniv","https:\/\/www.pinterest.ch\/abioniv\/","https:\/\/www.youtube.com\/channel\/UCoUL2aw7cgnywbkRsI3OQBg"]}]}},"_links":{"self":[{"href":"https:\/\/abioniv.com\/de\/wp-json\/wp\/v2\/pages\/12537"}],"collection":[{"href":"https:\/\/abioniv.com\/de\/wp-json\/wp\/v2\/pages"}],"about":[{"href":"https:\/\/abioniv.com\/de\/wp-json\/wp\/v2\/types\/page"}],"author":[{"embeddable":true,"href":"https:\/\/abioniv.com\/de\/wp-json\/wp\/v2\/users\/1"}],"replies":[{"embeddable":true,"href":"https:\/\/abioniv.com\/de\/wp-json\/wp\/v2\/comments?post=12537"}],"version-history":[{"count":14,"href":"https:\/\/abioniv.com\/de\/wp-json\/wp\/v2\/pages\/12537\/revisions"}],"predecessor-version":[{"id":13479,"href":"https:\/\/abioniv.com\/de\/wp-json\/wp\/v2\/pages\/12537\/revisions\/13479"}],"up":[{"embeddable":true,"href":"https:\/\/abioniv.com\/de\/wp-json\/wp\/v2\/pages\/12469"}],"wp:attachment":[{"href":"https:\/\/abioniv.com\/de\/wp-json\/wp\/v2\/media?parent=12537"}],"curies":[{"name":"wp","href":"https:\/\/api.w.org\/{rel}","templated":true}]}}