{"id":12471,"date":"2016-05-13T15:20:39","date_gmt":"2016-05-13T15:20:39","guid":{"rendered":"http:\/\/abioniv.com\/?page_id=12471"},"modified":"2018-02-07T15:07:48","modified_gmt":"2018-02-07T15:07:48","slug":"privatkunden","status":"publish","type":"page","link":"https:\/\/abioniv.com\/de\/losungen\/privatkunden\/","title":{"rendered":"Privatkunden"},"content":{"rendered":"<div class=\"fusion-fullwidth fullwidth-box fusion-builder-row-1 nonhundred-percent-fullwidth non-hundred-percent-height-scrolling\" style=\"--awb-background-position:left top;--awb-border-radius-top-left:0px;--awb-border-radius-top-right:0px;--awb-border-radius-bottom-right:0px;--awb-border-radius-bottom-left:0px;--awb-padding-bottom:20px;--awb-border-sizes-top:0px;--awb-border-sizes-bottom:0px;--awb-flex-wrap:wrap;\" ><div class=\"fusion-builder-row fusion-row\"><div class=\"fusion-layout-column fusion_builder_column fusion-builder-column-0 fusion_builder_column_1_1 1_1 fusion-one-full fusion-column-first fusion-column-last fusion-column-no-min-height\" style=\"--awb-bg-size:cover;--awb-margin-bottom:0px;\"><div class=\"fusion-column-wrapper fusion-flex-column-wrapper-legacy\"><div class=\"fusion-image-element in-legacy-container\" style=\"--awb-caption-title-font-family:var(--h2_typography-font-family);--awb-caption-title-font-weight:var(--h2_typography-font-weight);--awb-caption-title-font-style:var(--h2_typography-font-style);--awb-caption-title-size:var(--h2_typography-font-size);--awb-caption-title-transform:var(--h2_typography-text-transform);--awb-caption-title-line-height:var(--h2_typography-line-height);--awb-caption-title-letter-spacing:var(--h2_typography-letter-spacing);\"><span class=\" fusion-imageframe imageframe-none imageframe-1 hover-type-none\"><img decoding=\"async\" src=\"http:\/\/abioniv.com\/wp-content\/uploads\/2016\/05\/ABIO_web_banner_people.jpg\" alt class=\"img-responsive\"\/><\/span><\/div><div class=\"fusion-text fusion-text-1\"><h2>L\u00f6sung f\u00fcr Menschen mit erh\u00f6htem Risiko einer Pilzinfektion<\/h2>\n<p>Es gibt zahlreiche Menschen, wie Diabetiker oder diejenigen, die sich beispielsweise in medizinischer Behandlung befinden, f\u00fcr die eine Pilzinfektion alles andere als eine einfache Angelegenheit darstellt. Eine Pilzinfektion an den F\u00fc\u00dfen kann f\u00fcr diese Menschen ein wahrer Alptraum werden. Gerade f\u00fcr Diabetiker bedeutet solch eine Infektion so etwas wie \u201efreier Eintritt\u201c f\u00fcr Bakterien in das Gewebe im Bein, woraufhin sich eine gef\u00e4hrliche Infektion entwickeln kann.<\/p>\n<p>F\u00fcr Diabetiker und \u00e4ltere Menschen besteht ein h\u00f6heres Risiko sich anzustecken. Aber auch f\u00fcr j\u00fcngere Menschen oder auch Sportler, besteht diese Gefahr, da diese h\u00e4ufig einen Teil ihrer Zeit an Orten verbringen, in denen man sich barfu\u00df aufh\u00e4lt.<\/p>\n<p>Noch dazu kann eine Person, die sich angesteckt hat, den Fu\u00dfpilz ohne Weiteres mit nach Hause bringen und somit ergibt es daraufhin auch dort eine gef\u00e4hrliche Ansteckungsquelle.<\/p>\n<h2>Diabetiker-Patienten<\/h2>\n<p>Offene Diabetikerf\u00fc\u00dfe und daraus entstehende Geschw\u00fcre sind ein sehr ernstzunehmendes Problem. Schlimmstenfalls kann es zu einer Amputation kommen. Einer der Gr\u00fcnde f\u00fcr solch ein Geschw\u00fcr ist eine Infektion an den F\u00fc\u00dfen, die h\u00e4ufig mit einer einfachen Pilzinfektion beginnt, die sich daraufhin zu einer bakteriellen Infektion entwickelt. Dies ist auch der Grund, warum Fu\u00dfhygiene so au\u00dferordentlich wichtig f\u00fcr Diabetiker ist. Aber hier h\u00f6ren die Probleme noch nicht auf \u2013 Diabetiker leiden h\u00e4ufig au\u00dferdem an Neuropathie (einer Krankheit, bei der die an der Hautoberfl\u00e4che liegenden Nerven gesch\u00e4digt sind), und das bedeutet, dass diese Menschen den Beginn einer Infektion an den F\u00fc\u00dfen nicht unmittelbar sp\u00fcren. Ihre F\u00fc\u00dfe brennen oder stechen nicht, daher ist diese Personengruppe anf\u00e4lliger f\u00fcr Pilzinfektionen, als andere Menschen.<\/p>\n<p>Diabetes soll in vielen F\u00e4llen durch das Treiben von Sport in den Griff bekommen werden: Schwimmen, Fitness\u2026Aber hier haben wir gerade das Paradoxe: obwohl es f\u00fcr Diabetiker von gr\u00f6\u00dfter Wichtigkeit ist, regelm\u00e4\u00dfig Sport zu treiben, sind einige Aktivit\u00e4ten von Vorneherein nahezu ausgeschlossen, da das Infektionsrisiko f\u00fcr die Haut einfach zu hoch ist!<\/p>\n<p>Abioniv kann speziell Diabetikern helfen (diese Gruppe der Bev\u00f6lkerung betr\u00e4gt in Europa etwa 10% laut WHO), damit SPAs, Schwimmb\u00e4der und Fitnessstudios wieder Orte werden, an denen es sicher ist, Sport zu treiben, ohne die Gesundheit zu gef\u00e4hrden.<\/p>\n<h2>\u00c4ltere Menschen<\/h2>\n<p>\u00c4ltere Menschen sind h\u00e4ufig eher davon gef\u00e4hrdet, am sogenannten \u201eAthletenfu\u00df\u201c, auch Tinea pedis genannt, einer Fu\u00dfpilzinfektion, zu erkranken. F\u00fcr diese Bev\u00f6lkerungsgruppe erweisen sich Komplikationen oft als ernstzunehmend: Eresypela (eine tiefliegende Entz\u00fcndung des Beins) und Onychomykose (Nagelinfektion) k\u00f6nnen zu einem Fehlwachstum (Dystrophie) des Nagels f\u00fchren: es kommt zu Schmerzen und eingeschr\u00e4nkter Mobilit\u00e4t.<\/p>\n<p>Onychomykose ist zudem unangenehm anzuschauen und birgt somit noch zus\u00e4tzlich eine Quelle von Scham in sich!<\/p>\n<p>Leider ist es immer noch eine echte Herausforderung eine Onychomykose zu heilen.<\/p>\n<h2>Sportler<\/h2>\n<p>Tinea pedis ist eine andere Bezeichnung f\u00fcr den sogenannten \u201eAthletenfu\u00df\u201c. Die Krankheit wird so genannt, da gerade Sportler einem erh\u00f6hten Risiko ausgeliefert sind, sich an einer dermatophytischen Erkrankung (Hautpilzerkrankung) anzustecken, da sie sich h\u00e4ufig in Schwimmb\u00e4dern, Umkleidekabinen oder Duschr\u00e4umen aufhalten \u2013 und, zu einem geringeren Prozentsatz, vermehrt unter einem geschw\u00e4chten Immunsystem leiden.<\/p>\n<p>Auch unter jungen Menschen bedeutet die Teilnahme am Sport, dass die Gefahr, sich an einer Tinea pedis-Erkrankung anzustecken, erh\u00f6ht ist.<\/p>\n<p>Eine der Komplikationen, die von Tinea pedis hervorgerufen werden k\u00f6nnen, ist Nagelpilz, die sog. Onychomykose, die einerseits einfach ein \u00c4rgernis darstellen kann, andererseits aber bei den Betroffenen Scham hervorruft. Es gibt leider auch F\u00e4lle, bei denen die Erkrankung einen Sportler dazu zwingt, das Training zu unterbrechen, da die Schmerzen einfach unertr\u00e4glich sind.<\/p>\n<p>Wie bereits erw\u00e4hnt &#8211; es ist leider immer noch eine echte Herausforderung eine Onychomykose zu heilen.<\/p>\n<\/div><div class=\"fusion-button-wrapper\"><a class=\"fusion-button button-flat fusion-button-default-size button-default fusion-button-default button-1 fusion-button-default-span fusion-button-default-type\" target=\"_self\" href=\"\/shop\/\"><i class=\" fa fa-shopping-cart button-icon-left\" aria-hidden=\"true\"><\/i><span class=\"fusion-button-text\">Shop now<\/span><\/a><\/div><div class=\"fusion-clearfix\"><\/div><\/div><\/div><\/div><\/div>\n","protected":false},"excerpt":{"rendered":"","protected":false},"author":1,"featured_media":0,"parent":11821,"menu_order":1,"comment_status":"closed","ping_status":"closed","template":"side-navigation.php","meta":{"_mi_skip_tracking":false,"footnotes":""},"yoast_head":"<!-- This site is optimized with the Yoast SEO Premium plugin v18.8 (Yoast SEO v24.1) - https:\/\/yoast.com\/wordpress\/plugins\/seo\/ -->\n<title>Privatkunden - Abioniv - Biotechnolgy Solutions<\/title>\n<meta name=\"robots\" content=\"index, follow, max-snippet:-1, max-image-preview:large, max-video-preview:-1\" \/>\n<link rel=\"canonical\" href=\"https:\/\/abioniv.com\/de\/losungen\/privatkunden\/\" \/>\n<meta property=\"og:locale\" content=\"de_DE\" \/>\n<meta property=\"og:type\" content=\"article\" \/>\n<meta property=\"og:title\" content=\"Privatkunden\" \/>\n<meta property=\"og:url\" content=\"https:\/\/abioniv.com\/de\/losungen\/privatkunden\/\" \/>\n<meta property=\"og:site_name\" content=\"Abioniv - Biotechnolgy Solutions\" \/>\n<meta property=\"article:publisher\" content=\"https:\/\/www.facebook.com\/myabioniv\/\" \/>\n<meta property=\"article:modified_time\" content=\"2018-02-07T15:07:48+00:00\" \/>\n<meta property=\"og:image\" content=\"http:\/\/abioniv.com\/wp-content\/uploads\/2016\/05\/ABIO_web_banner_people.jpg\" \/>\n<meta name=\"twitter:card\" content=\"summary_large_image\" \/>\n<meta name=\"twitter:site\" content=\"@abioniv\" \/>\n<meta name=\"twitter:label1\" content=\"Gesch\u00e4tzte Lesezeit\" \/>\n\t<meta name=\"twitter:data1\" content=\"5\u00a0Minuten\" \/>\n<script type=\"application\/ld+json\" class=\"yoast-schema-graph\">{\"@context\":\"https:\/\/schema.org\",\"@graph\":[{\"@type\":\"WebPage\",\"@id\":\"https:\/\/abioniv.com\/de\/losungen\/privatkunden\/\",\"url\":\"https:\/\/abioniv.com\/de\/losungen\/privatkunden\/\",\"name\":\"Privatkunden - Abioniv - Biotechnolgy Solutions\",\"isPartOf\":{\"@id\":\"https:\/\/abioniv.com\/#website\"},\"primaryImageOfPage\":{\"@id\":\"https:\/\/abioniv.com\/de\/losungen\/privatkunden\/#primaryimage\"},\"image\":{\"@id\":\"https:\/\/abioniv.com\/de\/losungen\/privatkunden\/#primaryimage\"},\"thumbnailUrl\":\"http:\/\/abioniv.com\/wp-content\/uploads\/2016\/05\/ABIO_web_banner_people.jpg\",\"datePublished\":\"2016-05-13T15:20:39+00:00\",\"dateModified\":\"2018-02-07T15:07:48+00:00\",\"breadcrumb\":{\"@id\":\"https:\/\/abioniv.com\/de\/losungen\/privatkunden\/#breadcrumb\"},\"inLanguage\":\"de\",\"potentialAction\":[{\"@type\":\"ReadAction\",\"target\":[\"https:\/\/abioniv.com\/de\/losungen\/privatkunden\/\"]}]},{\"@type\":\"ImageObject\",\"inLanguage\":\"de\",\"@id\":\"https:\/\/abioniv.com\/de\/losungen\/privatkunden\/#primaryimage\",\"url\":\"http:\/\/abioniv.com\/wp-content\/uploads\/2016\/05\/ABIO_web_banner_people.jpg\",\"contentUrl\":\"http:\/\/abioniv.com\/wp-content\/uploads\/2016\/05\/ABIO_web_banner_people.jpg\"},{\"@type\":\"BreadcrumbList\",\"@id\":\"https:\/\/abioniv.com\/de\/losungen\/privatkunden\/#breadcrumb\",\"itemListElement\":[{\"@type\":\"ListItem\",\"position\":1,\"name\":\"Home\",\"item\":\"https:\/\/abioniv.com\/de\/\"},{\"@type\":\"ListItem\",\"position\":2,\"name\":\"L\u00f6sungen\",\"item\":\"https:\/\/abioniv.com\/de\/losungen\/\"},{\"@type\":\"ListItem\",\"position\":3,\"name\":\"Privatkunden\"}]},{\"@type\":\"WebSite\",\"@id\":\"https:\/\/abioniv.com\/#website\",\"url\":\"https:\/\/abioniv.com\/\",\"name\":\"Abioniv - The Reference in Prevention\",\"description\":\"Biotechnolgy Solutions\",\"publisher\":{\"@id\":\"https:\/\/abioniv.com\/#organization\"},\"potentialAction\":[{\"@type\":\"SearchAction\",\"target\":{\"@type\":\"EntryPoint\",\"urlTemplate\":\"https:\/\/abioniv.com\/?s={search_term_string}\"},\"query-input\":{\"@type\":\"PropertyValueSpecification\",\"valueRequired\":true,\"valueName\":\"search_term_string\"}}],\"inLanguage\":\"de\"},{\"@type\":\"Organization\",\"@id\":\"https:\/\/abioniv.com\/#organization\",\"name\":\"abioniv\",\"url\":\"https:\/\/abioniv.com\/\",\"logo\":{\"@type\":\"ImageObject\",\"inLanguage\":\"de\",\"@id\":\"https:\/\/abioniv.com\/#\/schema\/logo\/image\/\",\"url\":\"https:\/\/abioniv.com\/wp-content\/uploads\/2019\/03\/ABIO_logo_P7546-e1628608523617.jpg\",\"contentUrl\":\"https:\/\/abioniv.com\/wp-content\/uploads\/2019\/03\/ABIO_logo_P7546-e1628608523617.jpg\",\"width\":179,\"height\":72,\"caption\":\"abioniv\"},\"image\":{\"@id\":\"https:\/\/abioniv.com\/#\/schema\/logo\/image\/\"},\"sameAs\":[\"https:\/\/www.facebook.com\/myabioniv\/\",\"https:\/\/x.com\/abioniv\",\"https:\/\/www.linkedin.com\/company\/abioniv\",\"https:\/\/www.pinterest.ch\/abioniv\/\",\"https:\/\/www.youtube.com\/channel\/UCoUL2aw7cgnywbkRsI3OQBg\"]}]}<\/script>\n<!-- \/ Yoast SEO Premium plugin. -->","yoast_head_json":{"title":"Privatkunden - Abioniv - Biotechnolgy Solutions","robots":{"index":"index","follow":"follow","max-snippet":"max-snippet:-1","max-image-preview":"max-image-preview:large","max-video-preview":"max-video-preview:-1"},"canonical":"https:\/\/abioniv.com\/de\/losungen\/privatkunden\/","og_locale":"de_DE","og_type":"article","og_title":"Privatkunden","og_url":"https:\/\/abioniv.com\/de\/losungen\/privatkunden\/","og_site_name":"Abioniv - Biotechnolgy Solutions","article_publisher":"https:\/\/www.facebook.com\/myabioniv\/","article_modified_time":"2018-02-07T15:07:48+00:00","og_image":[{"url":"http:\/\/abioniv.com\/wp-content\/uploads\/2016\/05\/ABIO_web_banner_people.jpg","type":"","width":"","height":""}],"twitter_card":"summary_large_image","twitter_site":"@abioniv","twitter_misc":{"Gesch\u00e4tzte Lesezeit":"5\u00a0Minuten"},"schema":{"@context":"https:\/\/schema.org","@graph":[{"@type":"WebPage","@id":"https:\/\/abioniv.com\/de\/losungen\/privatkunden\/","url":"https:\/\/abioniv.com\/de\/losungen\/privatkunden\/","name":"Privatkunden - Abioniv - Biotechnolgy Solutions","isPartOf":{"@id":"https:\/\/abioniv.com\/#website"},"primaryImageOfPage":{"@id":"https:\/\/abioniv.com\/de\/losungen\/privatkunden\/#primaryimage"},"image":{"@id":"https:\/\/abioniv.com\/de\/losungen\/privatkunden\/#primaryimage"},"thumbnailUrl":"http:\/\/abioniv.com\/wp-content\/uploads\/2016\/05\/ABIO_web_banner_people.jpg","datePublished":"2016-05-13T15:20:39+00:00","dateModified":"2018-02-07T15:07:48+00:00","breadcrumb":{"@id":"https:\/\/abioniv.com\/de\/losungen\/privatkunden\/#breadcrumb"},"inLanguage":"de","potentialAction":[{"@type":"ReadAction","target":["https:\/\/abioniv.com\/de\/losungen\/privatkunden\/"]}]},{"@type":"ImageObject","inLanguage":"de","@id":"https:\/\/abioniv.com\/de\/losungen\/privatkunden\/#primaryimage","url":"http:\/\/abioniv.com\/wp-content\/uploads\/2016\/05\/ABIO_web_banner_people.jpg","contentUrl":"http:\/\/abioniv.com\/wp-content\/uploads\/2016\/05\/ABIO_web_banner_people.jpg"},{"@type":"BreadcrumbList","@id":"https:\/\/abioniv.com\/de\/losungen\/privatkunden\/#breadcrumb","itemListElement":[{"@type":"ListItem","position":1,"name":"Home","item":"https:\/\/abioniv.com\/de\/"},{"@type":"ListItem","position":2,"name":"L\u00f6sungen","item":"https:\/\/abioniv.com\/de\/losungen\/"},{"@type":"ListItem","position":3,"name":"Privatkunden"}]},{"@type":"WebSite","@id":"https:\/\/abioniv.com\/#website","url":"https:\/\/abioniv.com\/","name":"Abioniv - The Reference in Prevention","description":"Biotechnolgy Solutions","publisher":{"@id":"https:\/\/abioniv.com\/#organization"},"potentialAction":[{"@type":"SearchAction","target":{"@type":"EntryPoint","urlTemplate":"https:\/\/abioniv.com\/?s={search_term_string}"},"query-input":{"@type":"PropertyValueSpecification","valueRequired":true,"valueName":"search_term_string"}}],"inLanguage":"de"},{"@type":"Organization","@id":"https:\/\/abioniv.com\/#organization","name":"abioniv","url":"https:\/\/abioniv.com\/","logo":{"@type":"ImageObject","inLanguage":"de","@id":"https:\/\/abioniv.com\/#\/schema\/logo\/image\/","url":"https:\/\/abioniv.com\/wp-content\/uploads\/2019\/03\/ABIO_logo_P7546-e1628608523617.jpg","contentUrl":"https:\/\/abioniv.com\/wp-content\/uploads\/2019\/03\/ABIO_logo_P7546-e1628608523617.jpg","width":179,"height":72,"caption":"abioniv"},"image":{"@id":"https:\/\/abioniv.com\/#\/schema\/logo\/image\/"},"sameAs":["https:\/\/www.facebook.com\/myabioniv\/","https:\/\/x.com\/abioniv","https:\/\/www.linkedin.com\/company\/abioniv","https:\/\/www.pinterest.ch\/abioniv\/","https:\/\/www.youtube.com\/channel\/UCoUL2aw7cgnywbkRsI3OQBg"]}]}},"_links":{"self":[{"href":"https:\/\/abioniv.com\/de\/wp-json\/wp\/v2\/pages\/12471"}],"collection":[{"href":"https:\/\/abioniv.com\/de\/wp-json\/wp\/v2\/pages"}],"about":[{"href":"https:\/\/abioniv.com\/de\/wp-json\/wp\/v2\/types\/page"}],"author":[{"embeddable":true,"href":"https:\/\/abioniv.com\/de\/wp-json\/wp\/v2\/users\/1"}],"replies":[{"embeddable":true,"href":"https:\/\/abioniv.com\/de\/wp-json\/wp\/v2\/comments?post=12471"}],"version-history":[{"count":14,"href":"https:\/\/abioniv.com\/de\/wp-json\/wp\/v2\/pages\/12471\/revisions"}],"predecessor-version":[{"id":15093,"href":"https:\/\/abioniv.com\/de\/wp-json\/wp\/v2\/pages\/12471\/revisions\/15093"}],"up":[{"embeddable":true,"href":"https:\/\/abioniv.com\/de\/wp-json\/wp\/v2\/pages\/11821"}],"wp:attachment":[{"href":"https:\/\/abioniv.com\/de\/wp-json\/wp\/v2\/media?parent=12471"}],"curies":[{"name":"wp","href":"https:\/\/api.w.org\/{rel}","templated":true}]}}