{"id":12469,"date":"2016-05-13T15:17:02","date_gmt":"2016-05-13T15:17:02","guid":{"rendered":"http:\/\/abioniv.com\/?page_id=12469"},"modified":"2018-02-07T15:05:04","modified_gmt":"2018-02-07T15:05:04","slug":"geschaeftskunden","status":"publish","type":"page","link":"https:\/\/abioniv.com\/de\/losungen\/geschaeftskunden\/","title":{"rendered":"Gesch\u00e4ftskunden"},"content":{"rendered":"<div class=\"fusion-fullwidth fullwidth-box fusion-builder-row-1 nonhundred-percent-fullwidth non-hundred-percent-height-scrolling\" style=\"--awb-border-radius-top-left:0px;--awb-border-radius-top-right:0px;--awb-border-radius-bottom-right:0px;--awb-border-radius-bottom-left:0px;--awb-flex-wrap:wrap;\" ><div class=\"fusion-builder-row fusion-row\"><div class=\"fusion-layout-column fusion_builder_column fusion-builder-column-0 fusion_builder_column_1_1 1_1 fusion-one-full fusion-column-first fusion-column-last\" style=\"--awb-bg-size:cover;--awb-margin-bottom:0px;\"><div class=\"fusion-column-wrapper fusion-flex-column-wrapper-legacy\"><div class=\"fusion-text fusion-text-1\"><h2>Comment pouvons-nous contribuer \u00e0 am\u00e9liorer vos affaires?<\/h2>\n<h3>Satisfaction accrue<\/h3>\n<p>En montrant un souci particulier pour vos visiteurs, vous gagnez leur confiance, et ils reviennent.<\/p>\n<h3>Un nouveau march\u00e9<\/h3>\n<p>L\u2019utilisation de nos produits et conseils vous donnent acc\u00e8s \u00e0 un nouveau march\u00e9: celui des personnes qui \u00e9vitent les communaut\u00e9s (spas, piscines, fitness, \u2026) par peur d\u2019attraper une infection: par exemple les diab\u00e9tiques (10% de la population en Europe), les personnes \u00e0 la sant\u00e9 fragilis\u00e9e.<\/p>\n<h3>Attente des clients<\/h3>\n<p>Chacun a besoin de se sentir en s\u00e9curit\u00e9: La s\u00e9curit\u00e9, et avant tout la s\u00e9curit\u00e9 microbiologique est un besoin essentiel de l\u2019\u00eatre humain.<\/p>\n<h3>Notre suggestion<\/h3>\n<p>Nos produits sont de haute qualit\u00e9. Leur action est ultra rapide \u2013 une caract\u00e9ristique essentielle, et sont capables d\u2019inactiver des microorganismes tr\u00e8s r\u00e9sistants. Notre bo\u00eete \u00e0 outil vous donne les moyens de prot\u00e9ger convenablement vos clients. Plus de soucis de rumeurs et d\u2019une mauvaise r\u00e9putation qui peut porter atteinte \u00e0 vos affaires!<\/p>\n<\/div><div class=\"fusion-clearfix\"><\/div><\/div><\/div><\/div><\/div>\n","protected":false},"excerpt":{"rendered":"","protected":false},"author":1,"featured_media":0,"parent":11821,"menu_order":0,"comment_status":"closed","ping_status":"closed","template":"side-navigation.php","meta":{"_mi_skip_tracking":false,"footnotes":""},"yoast_head":"<!-- This site is optimized with the Yoast SEO Premium plugin v18.8 (Yoast SEO v24.1) - https:\/\/yoast.com\/wordpress\/plugins\/seo\/ -->\n<title>Gesch\u00e4ftskunden - Abioniv - Biotechnolgy Solutions<\/title>\n<meta name=\"robots\" content=\"index, follow, max-snippet:-1, max-image-preview:large, max-video-preview:-1\" \/>\n<link rel=\"canonical\" href=\"https:\/\/abioniv.com\/de\/losungen\/geschaeftskunden\/\" \/>\n<meta property=\"og:locale\" content=\"de_DE\" \/>\n<meta property=\"og:type\" content=\"article\" \/>\n<meta property=\"og:title\" content=\"Gesch\u00e4ftskunden\" \/>\n<meta property=\"og:url\" content=\"https:\/\/abioniv.com\/de\/losungen\/geschaeftskunden\/\" \/>\n<meta property=\"og:site_name\" content=\"Abioniv - Biotechnolgy Solutions\" \/>\n<meta property=\"article:publisher\" content=\"https:\/\/www.facebook.com\/myabioniv\/\" \/>\n<meta property=\"article:modified_time\" content=\"2018-02-07T15:05:04+00:00\" \/>\n<meta property=\"og:image\" content=\"https:\/\/abioniv.com\/wp-content\/uploads\/2017\/05\/Pieds-non-malades.png\" \/>\n\t<meta property=\"og:image:width\" content=\"250\" \/>\n\t<meta property=\"og:image:height\" content=\"249\" \/>\n\t<meta property=\"og:image:type\" content=\"image\/png\" \/>\n<meta name=\"twitter:card\" content=\"summary_large_image\" \/>\n<meta name=\"twitter:site\" content=\"@abioniv\" \/>\n<meta name=\"twitter:label1\" content=\"Gesch\u00e4tzte Lesezeit\" \/>\n\t<meta name=\"twitter:data1\" content=\"2\u00a0Minuten\" \/>\n<script type=\"application\/ld+json\" class=\"yoast-schema-graph\">{\"@context\":\"https:\/\/schema.org\",\"@graph\":[{\"@type\":\"WebPage\",\"@id\":\"https:\/\/abioniv.com\/de\/losungen\/geschaeftskunden\/\",\"url\":\"https:\/\/abioniv.com\/de\/losungen\/geschaeftskunden\/\",\"name\":\"Gesch\u00e4ftskunden - Abioniv - Biotechnolgy Solutions\",\"isPartOf\":{\"@id\":\"https:\/\/abioniv.com\/#website\"},\"datePublished\":\"2016-05-13T15:17:02+00:00\",\"dateModified\":\"2018-02-07T15:05:04+00:00\",\"breadcrumb\":{\"@id\":\"https:\/\/abioniv.com\/de\/losungen\/geschaeftskunden\/#breadcrumb\"},\"inLanguage\":\"de\",\"potentialAction\":[{\"@type\":\"ReadAction\",\"target\":[\"https:\/\/abioniv.com\/de\/losungen\/geschaeftskunden\/\"]}]},{\"@type\":\"BreadcrumbList\",\"@id\":\"https:\/\/abioniv.com\/de\/losungen\/geschaeftskunden\/#breadcrumb\",\"itemListElement\":[{\"@type\":\"ListItem\",\"position\":1,\"name\":\"Home\",\"item\":\"https:\/\/abioniv.com\/de\/\"},{\"@type\":\"ListItem\",\"position\":2,\"name\":\"L\u00f6sungen\",\"item\":\"https:\/\/abioniv.com\/de\/losungen\/\"},{\"@type\":\"ListItem\",\"position\":3,\"name\":\"Gesch\u00e4ftskunden\"}]},{\"@type\":\"WebSite\",\"@id\":\"https:\/\/abioniv.com\/#website\",\"url\":\"https:\/\/abioniv.com\/\",\"name\":\"Abioniv - The Reference in Prevention\",\"description\":\"Biotechnolgy Solutions\",\"publisher\":{\"@id\":\"https:\/\/abioniv.com\/#organization\"},\"potentialAction\":[{\"@type\":\"SearchAction\",\"target\":{\"@type\":\"EntryPoint\",\"urlTemplate\":\"https:\/\/abioniv.com\/?s={search_term_string}\"},\"query-input\":{\"@type\":\"PropertyValueSpecification\",\"valueRequired\":true,\"valueName\":\"search_term_string\"}}],\"inLanguage\":\"de\"},{\"@type\":\"Organization\",\"@id\":\"https:\/\/abioniv.com\/#organization\",\"name\":\"abioniv\",\"url\":\"https:\/\/abioniv.com\/\",\"logo\":{\"@type\":\"ImageObject\",\"inLanguage\":\"de\",\"@id\":\"https:\/\/abioniv.com\/#\/schema\/logo\/image\/\",\"url\":\"https:\/\/abioniv.com\/wp-content\/uploads\/2019\/03\/ABIO_logo_P7546-e1628608523617.jpg\",\"contentUrl\":\"https:\/\/abioniv.com\/wp-content\/uploads\/2019\/03\/ABIO_logo_P7546-e1628608523617.jpg\",\"width\":179,\"height\":72,\"caption\":\"abioniv\"},\"image\":{\"@id\":\"https:\/\/abioniv.com\/#\/schema\/logo\/image\/\"},\"sameAs\":[\"https:\/\/www.facebook.com\/myabioniv\/\",\"https:\/\/x.com\/abioniv\",\"https:\/\/www.linkedin.com\/company\/abioniv\",\"https:\/\/www.pinterest.ch\/abioniv\/\",\"https:\/\/www.youtube.com\/channel\/UCoUL2aw7cgnywbkRsI3OQBg\"]}]}<\/script>\n<!-- \/ Yoast SEO Premium plugin. -->","yoast_head_json":{"title":"Gesch\u00e4ftskunden - Abioniv - Biotechnolgy Solutions","robots":{"index":"index","follow":"follow","max-snippet":"max-snippet:-1","max-image-preview":"max-image-preview:large","max-video-preview":"max-video-preview:-1"},"canonical":"https:\/\/abioniv.com\/de\/losungen\/geschaeftskunden\/","og_locale":"de_DE","og_type":"article","og_title":"Gesch\u00e4ftskunden","og_url":"https:\/\/abioniv.com\/de\/losungen\/geschaeftskunden\/","og_site_name":"Abioniv - Biotechnolgy Solutions","article_publisher":"https:\/\/www.facebook.com\/myabioniv\/","article_modified_time":"2018-02-07T15:05:04+00:00","og_image":[{"width":250,"height":249,"url":"https:\/\/abioniv.com\/wp-content\/uploads\/2017\/05\/Pieds-non-malades.png","type":"image\/png"}],"twitter_card":"summary_large_image","twitter_site":"@abioniv","twitter_misc":{"Gesch\u00e4tzte Lesezeit":"2\u00a0Minuten"},"schema":{"@context":"https:\/\/schema.org","@graph":[{"@type":"WebPage","@id":"https:\/\/abioniv.com\/de\/losungen\/geschaeftskunden\/","url":"https:\/\/abioniv.com\/de\/losungen\/geschaeftskunden\/","name":"Gesch\u00e4ftskunden - Abioniv - Biotechnolgy Solutions","isPartOf":{"@id":"https:\/\/abioniv.com\/#website"},"datePublished":"2016-05-13T15:17:02+00:00","dateModified":"2018-02-07T15:05:04+00:00","breadcrumb":{"@id":"https:\/\/abioniv.com\/de\/losungen\/geschaeftskunden\/#breadcrumb"},"inLanguage":"de","potentialAction":[{"@type":"ReadAction","target":["https:\/\/abioniv.com\/de\/losungen\/geschaeftskunden\/"]}]},{"@type":"BreadcrumbList","@id":"https:\/\/abioniv.com\/de\/losungen\/geschaeftskunden\/#breadcrumb","itemListElement":[{"@type":"ListItem","position":1,"name":"Home","item":"https:\/\/abioniv.com\/de\/"},{"@type":"ListItem","position":2,"name":"L\u00f6sungen","item":"https:\/\/abioniv.com\/de\/losungen\/"},{"@type":"ListItem","position":3,"name":"Gesch\u00e4ftskunden"}]},{"@type":"WebSite","@id":"https:\/\/abioniv.com\/#website","url":"https:\/\/abioniv.com\/","name":"Abioniv - The Reference in Prevention","description":"Biotechnolgy Solutions","publisher":{"@id":"https:\/\/abioniv.com\/#organization"},"potentialAction":[{"@type":"SearchAction","target":{"@type":"EntryPoint","urlTemplate":"https:\/\/abioniv.com\/?s={search_term_string}"},"query-input":{"@type":"PropertyValueSpecification","valueRequired":true,"valueName":"search_term_string"}}],"inLanguage":"de"},{"@type":"Organization","@id":"https:\/\/abioniv.com\/#organization","name":"abioniv","url":"https:\/\/abioniv.com\/","logo":{"@type":"ImageObject","inLanguage":"de","@id":"https:\/\/abioniv.com\/#\/schema\/logo\/image\/","url":"https:\/\/abioniv.com\/wp-content\/uploads\/2019\/03\/ABIO_logo_P7546-e1628608523617.jpg","contentUrl":"https:\/\/abioniv.com\/wp-content\/uploads\/2019\/03\/ABIO_logo_P7546-e1628608523617.jpg","width":179,"height":72,"caption":"abioniv"},"image":{"@id":"https:\/\/abioniv.com\/#\/schema\/logo\/image\/"},"sameAs":["https:\/\/www.facebook.com\/myabioniv\/","https:\/\/x.com\/abioniv","https:\/\/www.linkedin.com\/company\/abioniv","https:\/\/www.pinterest.ch\/abioniv\/","https:\/\/www.youtube.com\/channel\/UCoUL2aw7cgnywbkRsI3OQBg"]}]}},"_links":{"self":[{"href":"https:\/\/abioniv.com\/de\/wp-json\/wp\/v2\/pages\/12469"}],"collection":[{"href":"https:\/\/abioniv.com\/de\/wp-json\/wp\/v2\/pages"}],"about":[{"href":"https:\/\/abioniv.com\/de\/wp-json\/wp\/v2\/types\/page"}],"author":[{"embeddable":true,"href":"https:\/\/abioniv.com\/de\/wp-json\/wp\/v2\/users\/1"}],"replies":[{"embeddable":true,"href":"https:\/\/abioniv.com\/de\/wp-json\/wp\/v2\/comments?post=12469"}],"version-history":[{"count":14,"href":"https:\/\/abioniv.com\/de\/wp-json\/wp\/v2\/pages\/12469\/revisions"}],"predecessor-version":[{"id":15090,"href":"https:\/\/abioniv.com\/de\/wp-json\/wp\/v2\/pages\/12469\/revisions\/15090"}],"up":[{"embeddable":true,"href":"https:\/\/abioniv.com\/de\/wp-json\/wp\/v2\/pages\/11821"}],"wp:attachment":[{"href":"https:\/\/abioniv.com\/de\/wp-json\/wp\/v2\/media?parent=12469"}],"curies":[{"name":"wp","href":"https:\/\/api.w.org\/{rel}","templated":true}]}}