{"id":12440,"date":"2016-05-13T12:01:53","date_gmt":"2016-05-13T12:01:53","guid":{"rendered":"http:\/\/abioniv.com\/?page_id=12440"},"modified":"2021-08-10T14:51:07","modified_gmt":"2021-08-10T14:51:07","slug":"tacit-haendedesinfektion","status":"publish","type":"page","link":"https:\/\/abioniv.com\/de\/tacit-haendedesinfektion\/","title":{"rendered":"TACIT &#8211; H\u00e4nde Desinfektion"},"content":{"rendered":"<div class=\"fusion-fullwidth fullwidth-box fusion-builder-row-1 nonhundred-percent-fullwidth non-hundred-percent-height-scrolling\" style=\"--awb-background-position:left top;--awb-border-sizes-top:0px;--awb-border-sizes-bottom:0px;--awb-border-sizes-left:0px;--awb-border-sizes-right:0px;--awb-border-radius-top-left:0px;--awb-border-radius-top-right:0px;--awb-border-radius-bottom-right:0px;--awb-border-radius-bottom-left:0px;--awb-padding-top:0px;--awb-padding-bottom:20px;--awb-flex-wrap:wrap;\" ><div class=\"fusion-builder-row fusion-row\"><div class=\"fusion-layout-column fusion_builder_column fusion-builder-column-0 fusion_builder_column_1_3 1_3 fusion-one-third fusion-column-first\" style=\"--awb-bg-size:cover;width:30.6666%; margin-right: 4%;\"><div class=\"fusion-column-wrapper fusion-flex-column-wrapper-legacy\"><div class=\"fusion-slider-sc fusion-flexslider-loading flexslider flexslider-hover-type-zoomin\" data-slideshow_autoplay=\"1\" data-slideshow_smooth_height=\"0\" data-slideshow_speed=\"7000\" style=\"max-width:100%;height:100%;\"><ul class=\"slides\"><li class=\"image\"><span class=\"fusion-image-hover-element hover-type-zoomin\"><img decoding=\"async\" src=\"https:\/\/abioniv.com\/wp-content\/uploads\/2017\/06\/ABIO_packaging_TACIT_1000ml-1.jpg\" alt=\"TACIT d\u00e9sinfectant pour les mains\" width=\"700\" height=\"888\" \/><\/span><\/li><li class=\"image\"><span class=\"fusion-image-hover-element hover-type-zoomin\"><img decoding=\"async\" src=\"https:\/\/abioniv.com\/wp-content\/uploads\/2017\/06\/ABIO_packaging_TACIT-Red_1000ml-1.jpg\" alt=\"TACIT hand gel\" width=\"700\" height=\"888\" \/><\/span><\/li><li class=\"image\"><span class=\"fusion-image-hover-element hover-type-zoomin\"><img decoding=\"async\" src=\"https:\/\/abioniv.com\/wp-content\/uploads\/2021\/08\/TACIT-noir-200-ml-819x1024.jpg\" width=\"819\" height=\"1024\" class=\"wp-image-20355\" srcset=\"https:\/\/abioniv.com\/wp-content\/uploads\/2021\/08\/TACIT-noir-200-ml-200x250.jpg 200w, https:\/\/abioniv.com\/wp-content\/uploads\/2021\/08\/TACIT-noir-200-ml-400x500.jpg 400w, https:\/\/abioniv.com\/wp-content\/uploads\/2021\/08\/TACIT-noir-200-ml-600x750.jpg 600w, https:\/\/abioniv.com\/wp-content\/uploads\/2021\/08\/TACIT-noir-200-ml-800x1000.jpg 800w, https:\/\/abioniv.com\/wp-content\/uploads\/2021\/08\/TACIT-noir-200-ml-1200x1500.jpg 1200w\" sizes=\"(max-width: 800px) 100vw, 400px\" \/><\/span><\/li><\/ul><\/div><div class=\"fusion-sharing-box fusion-sharing-box-1 has-taglines layout-floated layout-medium-floated layout-small-floated\" style=\"background-color:#f9f9fb;--awb-layout:row;--awb-alignment-small:space-between;\" data-title=\"TACIT - Hands Disinfectant- Abioniv\" data-description=\"TACIT - Hands Disinfectant - Abioniv\" data-link=\"#\" data-image=\"http:\/\/abioniv.com\/wp-content\/uploads\/2016\/04\/Image3.png\"><div class=\"fusion-social-networks sharingbox-shortcode-icon-wrapper sharingbox-shortcode-icon-wrapper-1\"><span><a href=\"https:\/\/www.facebook.com\/sharer.php?u=%23&amp;t=TACIT%20-%20Hands%20Disinfectant-%20Abioniv\" target=\"_blank\" rel=\"noreferrer\" title=\"Facebook\" aria-label=\"Facebook\" data-placement=\"top\" data-toggle=\"tooltip\" data-title=\"Facebook\"><i class=\"fusion-social-network-icon fusion-tooltip fusion-facebook awb-icon-facebook\" style=\"color:#9ea0a4;\" aria-hidden=\"true\"><\/i><\/a><\/span><span><a href=\"https:\/\/twitter.com\/share?text=TACIT%20-%20Hands%20Disinfectant-%20Abioniv&amp;url=%23\" target=\"_blank\" rel=\"noopener noreferrer\" title=\"X\" aria-label=\"X\" data-placement=\"top\" data-toggle=\"tooltip\" data-title=\"X\"><i class=\"fusion-social-network-icon fusion-tooltip fusion-twitter awb-icon-twitter\" style=\"color:#9ea0a4;\" aria-hidden=\"true\"><\/i><\/a><\/span><span><a href=\"https:\/\/reddit.com\/submit?url=%23&amp;title=TACIT%20-%20Hands%20Disinfectant-%20Abioniv\" target=\"_blank\" rel=\"noopener noreferrer\" title=\"Reddit\" aria-label=\"Reddit\" data-placement=\"top\" data-toggle=\"tooltip\" data-title=\"Reddit\"><i class=\"fusion-social-network-icon fusion-tooltip fusion-reddit awb-icon-reddit\" style=\"color:#9ea0a4;\" aria-hidden=\"true\"><\/i><\/a><\/span><span><a href=\"https:\/\/www.linkedin.com\/shareArticle?mini=true&amp;url=%23&amp;title=TACIT%20-%20Hands%20Disinfectant-%20Abioniv&amp;summary=TACIT%20-%20Hands%20Disinfectant%20-%20Abioniv\" target=\"_blank\" rel=\"noopener noreferrer\" title=\"LinkedIn\" aria-label=\"LinkedIn\" data-placement=\"top\" data-toggle=\"tooltip\" data-title=\"LinkedIn\"><i class=\"fusion-social-network-icon fusion-tooltip fusion-linkedin awb-icon-linkedin\" style=\"color:#9ea0a4;\" aria-hidden=\"true\"><\/i><\/a><\/span><span><a href=\"https:\/\/api.whatsapp.com\/send?text=%23\" target=\"_blank\" rel=\"noopener noreferrer\" title=\"WhatsApp\" aria-label=\"WhatsApp\" data-placement=\"top\" data-toggle=\"tooltip\" data-title=\"WhatsApp\"><i class=\"fusion-social-network-icon fusion-tooltip fusion-whatsapp awb-icon-whatsapp\" style=\"color:#9ea0a4;\" aria-hidden=\"true\"><\/i><\/a><\/span><span><a href=\"https:\/\/www.tumblr.com\/share\/link?url=%23&amp;name=TACIT%20-%20Hands%20Disinfectant-%20Abioniv&amp;description=TACIT%20-%20Hands%20Disinfectant%20-%20Abioniv\" target=\"_blank\" rel=\"noopener noreferrer\" title=\"Tumblr\" aria-label=\"Tumblr\" data-placement=\"top\" data-toggle=\"tooltip\" data-title=\"Tumblr\"><i class=\"fusion-social-network-icon fusion-tooltip fusion-tumblr awb-icon-tumblr\" style=\"color:#9ea0a4;\" aria-hidden=\"true\"><\/i><\/a><\/span><span><a href=\"https:\/\/pinterest.com\/pin\/create\/button\/?url=%23&amp;description=TACIT%20-%20Hands%20Disinfectant%20-%20Abioniv&amp;media=http%3A%2F%2Fabioniv.com%2Fwp-content%2Fuploads%2F2016%2F04%2FImage3.png\" target=\"_blank\" rel=\"noopener noreferrer\" title=\"Pinterest\" aria-label=\"Pinterest\" data-placement=\"top\" data-toggle=\"tooltip\" data-title=\"Pinterest\"><i class=\"fusion-social-network-icon fusion-tooltip fusion-pinterest awb-icon-pinterest\" style=\"color:#9ea0a4;\" aria-hidden=\"true\"><\/i><\/a><\/span><span><a href=\"https:\/\/vkontakte.ru\/share.php?url=%23&amp;title=TACIT%20-%20Hands%20Disinfectant-%20Abioniv&amp;description=TACIT%20-%20Hands%20Disinfectant%20-%20Abioniv\" target=\"_blank\" rel=\"noopener noreferrer\" title=\"Vk\" aria-label=\"Vk\" data-placement=\"top\" data-toggle=\"tooltip\" data-title=\"Vk\"><i class=\"fusion-social-network-icon fusion-tooltip fusion-vk awb-icon-vk\" style=\"color:#9ea0a4;\" aria-hidden=\"true\"><\/i><\/a><\/span><span><a href=\"mailto:?subject=TACIT%20-%20Hands%20Disinfectant-%20Abioniv&amp;body=%23\" target=\"_self\" title=\"E-Mail\" aria-label=\"E-Mail\" data-placement=\"top\" data-toggle=\"tooltip\" data-title=\"E-Mail\"><i class=\"fusion-social-network-icon fusion-tooltip fusion-mail awb-icon-mail\" style=\"color:#9ea0a4;\" aria-hidden=\"true\"><\/i><\/a><\/span><\/div><\/div><div class=\"fusion-aligncenter\"><a class=\"fusion-button button-flat button-large button-default fusion-button-default button-1 fusion-button-default-span fusion-button-default-type\" target=\"_self\" href=\"https:\/\/abioniv.com\/de\/produkt\/tacit-haende-desinfektionsgel\/\"><i class=\"fa-shopping-cart fas button-icon-left\" aria-hidden=\"true\"><\/i><span class=\"fusion-button-text\">Shop now!<\/span><\/a><\/div><div class=\"fusion-clearfix\"><\/div><\/div><\/div><div class=\"fusion-layout-column fusion_builder_column fusion-builder-column-1 fusion_builder_column_2_3 2_3 fusion-two-third fusion-column-last\" style=\"--awb-bg-size:cover;width:65.3333%;\"><div class=\"fusion-column-wrapper fusion-flex-column-wrapper-legacy\"><div class=\"fusion-text fusion-text-1\"><h1 class=\"title-heading-left\" style=\"font-weight: 400;\">TACIT<\/h1>\n<div class=\"fusion-title title sep-underline fusion-title-size-two fusion-border-below-title\">\n<h2 class=\"title-heading-left\" style=\"font-weight: 300;\" data-lineheight=\"45\">H\u00e4nde Desinfektion<\/h2>\n<\/div>\n<\/div><div class=\"fusion-text fusion-text-2\"><p>TACIT | WELLNESS | Desinfektionsmittel f\u00fcr H\u00e4nde<\/p>\n<p><em>Wirkt in 30 Sekunden<\/em><\/p>\n<p>Dieses Produkt ist f\u00fcr folgenden Gesch\u00e4ftszweig gedacht: <em>Wellnessbranche<\/em><\/p>\n<p>Die R\u00e4umlichkeiten in Wellnessanlagen sind speziell dazu konzipiert, eine Aura von Sch\u00f6nheit und Wohlbefinden auszustrahlen. Die hier angewandten Produkte tragen dazu bei, dass der Kunde das \u00e4sthetische Ambiente als angenehm empfindet. W\u00e4hrend Desinfektionsmittel f\u00fcr H\u00e4nde normalerweise in solch einer Umgebung unpassend erscheinen, ist dennoch die Notwendigkeit der Vorbeugung auch hier real: wir befinden uns in R\u00e4umen, in denen viele Menschen zusammenkommen und dieselben Dinge ber\u00fchren \u2013 manche von ihnen sind gesund, andere nicht.<\/p>\n<p>Abioniv hat zu diesem Zweck TACIT entwickelt, ein Desinfektionsmittel f\u00fcr H\u00e4nde, das bereits von seiner Verpackung her sehr attraktiv erscheint und sich hervorragend in das Ambiente einer als luxuri\u00f6s empfundenen Umgebung einf\u00fcgt. Aber \u2013 was noch wichtiger ist \u2013 das Produkt verf\u00fcgt \u00fcber eine sanfte Gelstruktur, die in der Anwendung sehr angenehm ist, wie ein richtiges Pflegeprodukt. Es wurde entwickelt, um das Risiko einer \u00dcbertragung von Handbakterien zu vermindern (ob im Falle von Krankenhauskeimen oder anderen Ansteckungsgefahren): sei es direkt von einer Person an die n\u00e4chste oder \u00fcber einen Gegenstand.<\/p>\n<p>Wenn zum Beispiel ein Gast nach einer langen Reise in einem Hotel am Rezeptionstresen steht oder wenn er direkt nach dem Training das Bed\u00fcrfnis nach sauberen H\u00e4nden hat und in einer beliebigen anderen Situation \u2013 es ist immer ein gutes Gef\u00fchl, wenn ein Desinfektionsmittel f\u00fcr die H\u00e4nde in solchen F\u00e4llen greifbar ist. Besucher von Wellnessbereichen erwarten ganz selbstverst\u00e4ndlich, dass sie vor Ansteckungsgefahren gesch\u00fctzt werden, indem sie ihre H\u00e4nde hygienisch frei von Bakterien wissen m\u00f6chten. Bieten Sie TACIT in allen Ihren R\u00e4umlichkeiten an, f\u00fcr das Wohlbefinden und die Dankbarkeit Ihrer Kunden!<\/p>\n<p>Dies ist ein hydro-alkoholisches Gel, das wie eine Handcreme angewendet wird. Das Gel hinterl\u00e4sst ein angenehm weiches Gef\u00fchl auf der Haut. Sie f\u00fchlen sich umh\u00fcllt von Wohlbefinden.<br \/>\nWirksamkeitstests<br \/>\nDieses Produkt wurde mit Hilfe einer anerkannten Methode von einem hierf\u00fcr autorisierten Schweizer Labor gepr\u00fcft.<\/p>\n<h3>Anwendungshinweis<\/h3>\n<p>Die H\u00e4nde sollten sauber und trocken sein. Verteilen Sie das Gel auf den H\u00e4nden, indem Sie eine etwa erbsengro\u00dfe Menge (3g) mit einem Hub dem Spender entnehmen. Massieren das Gel etwa 30 Sekunden lang ein und wiederholen Sie den Vorgang nach 15 Sekunden mit etwa der H\u00e4lfte der Menge an Gel. Drehen Sie nach Benutzung die Spender\u00f6ffnung wieder in die Position \u201eSTOP\u201c, um das Entweichen von Alkoholbestandteilen zu vermeiden.<\/p>\n<h3>Hautvertr\u00e4glichkeit<\/h3>\n<p>TACIT wird von der Haut sehr gut vertragen. TACIT sollte auf einer intakten Haut ohne Wunden oder Absch\u00fcrfungen angewendet werden.<\/p>\n<h3>Empfehlung f\u00fcr eine sichere Anwendung<\/h3>\n<p>Achtung &#8211; entz\u00fcndbares Gel oder D\u00e4mpfe. Fern halten von Hitze\/Funken\/Feuer\/hei\u00dfen Oberfl\u00e4chen.<br \/>\nNicht inhalieren.<br \/>\nProdukt von Kindern fernhalten. Nicht einnehmen. Kann zu Augenreizungen f\u00fchren.<\/p>\n<h3>Erste Hilfe<\/h3>\n<p>Wenn das Produkt mit den Augen in Kontakt gekommen ist: f\u00fcr ein paar Minuten mit klarem Wasser aussp\u00fclen: im Falle, dass Sie Kontaktlinsen tragen: diese entfernen, wenn diese sich ohne Weiteres entfernen lassen; fahren Sie fort, mit Wasser zu sp\u00fclen.<\/p>\n<h3>Aufbewahrung<\/h3>\n<p>Flasche verschlossen halten. Vor Sonneneinstrahlung sch\u00fctzen (das Produkt darf bei der Anwendung Sonnenlicht ausgesetzt werden), k\u00fchl aufbewahren. Produkt nicht Hitze oder Flammen aussetzen.<\/p>\n<h3>Umweltschutz<\/h3>\n<p>Der Beh\u00e4lter besteht aus PET und kann mit \u00e4hnlichen Produkten entsorgt werden.<\/p>\n<h3>Zusammensetzung<\/h3>\n<p>Aktive Substanzen: Ethanol: 600-700g\/kg<br \/>\nIsopropanol: 0-38 g\/kg<\/p>\n<\/div><div class=\"fusion-clearfix\"><\/div><\/div><\/div><\/div><\/div>\n","protected":false},"excerpt":{"rendered":"","protected":false},"author":1,"featured_media":0,"parent":0,"menu_order":0,"comment_status":"closed","ping_status":"closed","template":"","meta":{"_mi_skip_tracking":false,"footnotes":""},"yoast_head":"<!-- This site is optimized with the Yoast SEO Premium plugin v18.8 (Yoast SEO v24.1) - https:\/\/yoast.com\/wordpress\/plugins\/seo\/ -->\n<title>TACIT - H\u00e4nde Desinfektion - Abioniv - Biotechnolgy Solutions<\/title>\n<meta name=\"robots\" content=\"index, follow, max-snippet:-1, max-image-preview:large, max-video-preview:-1\" \/>\n<link rel=\"canonical\" href=\"https:\/\/abioniv.com\/de\/tacit-haendedesinfektion\/\" \/>\n<meta property=\"og:locale\" content=\"de_DE\" \/>\n<meta property=\"og:type\" content=\"article\" \/>\n<meta property=\"og:title\" content=\"TACIT - H\u00e4nde Desinfektion\" \/>\n<meta property=\"og:url\" content=\"https:\/\/abioniv.com\/de\/tacit-haendedesinfektion\/\" \/>\n<meta property=\"og:site_name\" content=\"Abioniv - Biotechnolgy Solutions\" \/>\n<meta property=\"article:publisher\" content=\"https:\/\/www.facebook.com\/myabioniv\/\" \/>\n<meta property=\"article:modified_time\" content=\"2021-08-10T14:51:07+00:00\" \/>\n<meta property=\"og:image\" content=\"https:\/\/abioniv.com\/wp-content\/uploads\/2017\/05\/Pieds-non-malades.png\" \/>\n\t<meta property=\"og:image:width\" content=\"250\" \/>\n\t<meta property=\"og:image:height\" content=\"249\" \/>\n\t<meta property=\"og:image:type\" content=\"image\/png\" \/>\n<meta name=\"twitter:card\" content=\"summary_large_image\" \/>\n<meta name=\"twitter:site\" content=\"@abioniv\" \/>\n<meta name=\"twitter:label1\" content=\"Gesch\u00e4tzte Lesezeit\" \/>\n\t<meta name=\"twitter:data1\" content=\"4\u00a0Minuten\" \/>\n<script type=\"application\/ld+json\" class=\"yoast-schema-graph\">{\"@context\":\"https:\/\/schema.org\",\"@graph\":[{\"@type\":\"WebPage\",\"@id\":\"https:\/\/abioniv.com\/de\/tacit-haendedesinfektion\/\",\"url\":\"https:\/\/abioniv.com\/de\/tacit-haendedesinfektion\/\",\"name\":\"TACIT - H\u00e4nde Desinfektion - Abioniv - Biotechnolgy Solutions\",\"isPartOf\":{\"@id\":\"https:\/\/abioniv.com\/#website\"},\"datePublished\":\"2016-05-13T12:01:53+00:00\",\"dateModified\":\"2021-08-10T14:51:07+00:00\",\"breadcrumb\":{\"@id\":\"https:\/\/abioniv.com\/de\/tacit-haendedesinfektion\/#breadcrumb\"},\"inLanguage\":\"de\",\"potentialAction\":[{\"@type\":\"ReadAction\",\"target\":[\"https:\/\/abioniv.com\/de\/tacit-haendedesinfektion\/\"]}]},{\"@type\":\"BreadcrumbList\",\"@id\":\"https:\/\/abioniv.com\/de\/tacit-haendedesinfektion\/#breadcrumb\",\"itemListElement\":[{\"@type\":\"ListItem\",\"position\":1,\"name\":\"Home\",\"item\":\"https:\/\/abioniv.com\/de\/\"},{\"@type\":\"ListItem\",\"position\":2,\"name\":\"TACIT &#8211; H\u00e4nde Desinfektion\"}]},{\"@type\":\"WebSite\",\"@id\":\"https:\/\/abioniv.com\/#website\",\"url\":\"https:\/\/abioniv.com\/\",\"name\":\"Abioniv - The Reference in Prevention\",\"description\":\"Biotechnolgy Solutions\",\"publisher\":{\"@id\":\"https:\/\/abioniv.com\/#organization\"},\"potentialAction\":[{\"@type\":\"SearchAction\",\"target\":{\"@type\":\"EntryPoint\",\"urlTemplate\":\"https:\/\/abioniv.com\/?s={search_term_string}\"},\"query-input\":{\"@type\":\"PropertyValueSpecification\",\"valueRequired\":true,\"valueName\":\"search_term_string\"}}],\"inLanguage\":\"de\"},{\"@type\":\"Organization\",\"@id\":\"https:\/\/abioniv.com\/#organization\",\"name\":\"abioniv\",\"url\":\"https:\/\/abioniv.com\/\",\"logo\":{\"@type\":\"ImageObject\",\"inLanguage\":\"de\",\"@id\":\"https:\/\/abioniv.com\/#\/schema\/logo\/image\/\",\"url\":\"https:\/\/abioniv.com\/wp-content\/uploads\/2019\/03\/ABIO_logo_P7546-e1628608523617.jpg\",\"contentUrl\":\"https:\/\/abioniv.com\/wp-content\/uploads\/2019\/03\/ABIO_logo_P7546-e1628608523617.jpg\",\"width\":179,\"height\":72,\"caption\":\"abioniv\"},\"image\":{\"@id\":\"https:\/\/abioniv.com\/#\/schema\/logo\/image\/\"},\"sameAs\":[\"https:\/\/www.facebook.com\/myabioniv\/\",\"https:\/\/x.com\/abioniv\",\"https:\/\/www.linkedin.com\/company\/abioniv\",\"https:\/\/www.pinterest.ch\/abioniv\/\",\"https:\/\/www.youtube.com\/channel\/UCoUL2aw7cgnywbkRsI3OQBg\"]}]}<\/script>\n<!-- \/ Yoast SEO Premium plugin. -->","yoast_head_json":{"title":"TACIT - H\u00e4nde Desinfektion - Abioniv - Biotechnolgy Solutions","robots":{"index":"index","follow":"follow","max-snippet":"max-snippet:-1","max-image-preview":"max-image-preview:large","max-video-preview":"max-video-preview:-1"},"canonical":"https:\/\/abioniv.com\/de\/tacit-haendedesinfektion\/","og_locale":"de_DE","og_type":"article","og_title":"TACIT - H\u00e4nde Desinfektion","og_url":"https:\/\/abioniv.com\/de\/tacit-haendedesinfektion\/","og_site_name":"Abioniv - Biotechnolgy Solutions","article_publisher":"https:\/\/www.facebook.com\/myabioniv\/","article_modified_time":"2021-08-10T14:51:07+00:00","og_image":[{"width":250,"height":249,"url":"https:\/\/abioniv.com\/wp-content\/uploads\/2017\/05\/Pieds-non-malades.png","type":"image\/png"}],"twitter_card":"summary_large_image","twitter_site":"@abioniv","twitter_misc":{"Gesch\u00e4tzte Lesezeit":"4\u00a0Minuten"},"schema":{"@context":"https:\/\/schema.org","@graph":[{"@type":"WebPage","@id":"https:\/\/abioniv.com\/de\/tacit-haendedesinfektion\/","url":"https:\/\/abioniv.com\/de\/tacit-haendedesinfektion\/","name":"TACIT - H\u00e4nde Desinfektion - Abioniv - Biotechnolgy Solutions","isPartOf":{"@id":"https:\/\/abioniv.com\/#website"},"datePublished":"2016-05-13T12:01:53+00:00","dateModified":"2021-08-10T14:51:07+00:00","breadcrumb":{"@id":"https:\/\/abioniv.com\/de\/tacit-haendedesinfektion\/#breadcrumb"},"inLanguage":"de","potentialAction":[{"@type":"ReadAction","target":["https:\/\/abioniv.com\/de\/tacit-haendedesinfektion\/"]}]},{"@type":"BreadcrumbList","@id":"https:\/\/abioniv.com\/de\/tacit-haendedesinfektion\/#breadcrumb","itemListElement":[{"@type":"ListItem","position":1,"name":"Home","item":"https:\/\/abioniv.com\/de\/"},{"@type":"ListItem","position":2,"name":"TACIT &#8211; H\u00e4nde Desinfektion"}]},{"@type":"WebSite","@id":"https:\/\/abioniv.com\/#website","url":"https:\/\/abioniv.com\/","name":"Abioniv - The Reference in Prevention","description":"Biotechnolgy Solutions","publisher":{"@id":"https:\/\/abioniv.com\/#organization"},"potentialAction":[{"@type":"SearchAction","target":{"@type":"EntryPoint","urlTemplate":"https:\/\/abioniv.com\/?s={search_term_string}"},"query-input":{"@type":"PropertyValueSpecification","valueRequired":true,"valueName":"search_term_string"}}],"inLanguage":"de"},{"@type":"Organization","@id":"https:\/\/abioniv.com\/#organization","name":"abioniv","url":"https:\/\/abioniv.com\/","logo":{"@type":"ImageObject","inLanguage":"de","@id":"https:\/\/abioniv.com\/#\/schema\/logo\/image\/","url":"https:\/\/abioniv.com\/wp-content\/uploads\/2019\/03\/ABIO_logo_P7546-e1628608523617.jpg","contentUrl":"https:\/\/abioniv.com\/wp-content\/uploads\/2019\/03\/ABIO_logo_P7546-e1628608523617.jpg","width":179,"height":72,"caption":"abioniv"},"image":{"@id":"https:\/\/abioniv.com\/#\/schema\/logo\/image\/"},"sameAs":["https:\/\/www.facebook.com\/myabioniv\/","https:\/\/x.com\/abioniv","https:\/\/www.linkedin.com\/company\/abioniv","https:\/\/www.pinterest.ch\/abioniv\/","https:\/\/www.youtube.com\/channel\/UCoUL2aw7cgnywbkRsI3OQBg"]}]}},"_links":{"self":[{"href":"https:\/\/abioniv.com\/de\/wp-json\/wp\/v2\/pages\/12440"}],"collection":[{"href":"https:\/\/abioniv.com\/de\/wp-json\/wp\/v2\/pages"}],"about":[{"href":"https:\/\/abioniv.com\/de\/wp-json\/wp\/v2\/types\/page"}],"author":[{"embeddable":true,"href":"https:\/\/abioniv.com\/de\/wp-json\/wp\/v2\/users\/1"}],"replies":[{"embeddable":true,"href":"https:\/\/abioniv.com\/de\/wp-json\/wp\/v2\/comments?post=12440"}],"version-history":[{"count":21,"href":"https:\/\/abioniv.com\/de\/wp-json\/wp\/v2\/pages\/12440\/revisions"}],"predecessor-version":[{"id":20357,"href":"https:\/\/abioniv.com\/de\/wp-json\/wp\/v2\/pages\/12440\/revisions\/20357"}],"wp:attachment":[{"href":"https:\/\/abioniv.com\/de\/wp-json\/wp\/v2\/media?parent=12440"}],"curies":[{"name":"wp","href":"https:\/\/api.w.org\/{rel}","templated":true}]}}