{"id":11835,"date":"2016-04-22T15:29:06","date_gmt":"2016-04-22T15:29:06","guid":{"rendered":"http:\/\/abioniv.com\/?page_id=11835"},"modified":"2017-03-29T08:54:17","modified_gmt":"2017-03-29T08:54:17","slug":"fitnessstudio","status":"publish","type":"page","link":"https:\/\/abioniv.com\/de\/losungen\/geschaeftskunden\/fitnessstudio\/","title":{"rendered":"Fitnessstudio"},"content":{"rendered":"<div class=\"fusion-fullwidth fullwidth-box fusion-builder-row-1 nonhundred-percent-fullwidth non-hundred-percent-height-scrolling\" style=\"--awb-background-position:left top;--awb-border-radius-top-left:0px;--awb-border-radius-top-right:0px;--awb-border-radius-bottom-right:0px;--awb-border-radius-bottom-left:0px;--awb-padding-top:0px;--awb-padding-bottom:20px;--awb-border-sizes-top:0px;--awb-border-sizes-bottom:0px;--awb-flex-wrap:wrap;\" ><div class=\"fusion-builder-row fusion-row\"><div class=\"fusion-layout-column fusion_builder_column fusion-builder-column-0 fusion_builder_column_1_1 1_1 fusion-one-full fusion-column-first fusion-column-last fusion-column-no-min-height\" style=\"--awb-bg-size:cover;--awb-margin-bottom:0px;\"><div class=\"fusion-column-wrapper fusion-flex-column-wrapper-legacy\"><div class=\"fusion-image-element in-legacy-container\" style=\"--awb-caption-title-font-family:var(--h2_typography-font-family);--awb-caption-title-font-weight:var(--h2_typography-font-weight);--awb-caption-title-font-style:var(--h2_typography-font-style);--awb-caption-title-size:var(--h2_typography-font-size);--awb-caption-title-transform:var(--h2_typography-text-transform);--awb-caption-title-line-height:var(--h2_typography-line-height);--awb-caption-title-letter-spacing:var(--h2_typography-letter-spacing);\"><span class=\" fusion-imageframe imageframe-none imageframe-1 hover-type-none\"><img decoding=\"async\" src=\"http:\/\/abioniv.com\/wp-content\/uploads\/2016\/07\/ABIO_web_banner_fitness.jpg\" alt class=\"img-responsive\"\/><\/span><\/div><div class=\"fusion-text fusion-text-1\"><h2>Umgebung<\/h2>\n<p>Es macht garantiert niemandem Spa\u00df, sich beim Sport eine Hauterkrankung einzufangen.<br \/>\nSei es eine bakterielle Infektion: es gibt den gegen Antibiotika resistenten Staphylokokken-Erreger, mit dem man sich schnell in der \u00d6ffentlichkeit anstecken kann \u201eMRSA\u201c \u2013 dieser Erreger verbreitet sich besonders im Sport ungemein schnell. Oder sei es eine Pilzinfektion, deren Ursache Dermatophyten (Fadenpilze, die hochansteckend sind) sein k\u00f6nnen (gerade Sportler mit Turnschuhen sind hiervon betroffen), Sportler-Juckreiz, oder sogar Ringelflechte. Das Spektrum an Hautinfektionen ist gerade bei Sportlern immens, wenn keine ausreichende Vorsorge hiergegen getroffen wird.<br \/>\nZwei von hundert Menschen sind \u00dcbertr\u00e4ger des MRSA-Erregers. Zwanzig von hundert Menschen leiden an Fu\u00dfpilz. Unglaublich!<\/p>\n<p>Fu\u00dfb\u00f6den und Oberfl\u00e4chen, die st\u00e4ndig mit der Haut ber\u00fchrt werden, sind f\u00f6rmlich \u00fcbers\u00e4t mit <em>Staphylokokken<\/em> und <em>Dermatophyten<\/em>; diese Mikroorganismen k\u00f6nnen ohne Weiteres auf Oberfl\u00e4chen \u00fcberleben; sie sind jederzeit bereit, die Haut anzugreifen: es juckt pl\u00f6tzlich, zwickt, sticht und die Haut brennt an den F\u00fc\u00dfen. Sie k\u00f6nnen sich sicher sein \u2013 Sie haben sich bereits mit Fu\u00dfpilz angesteckt.<br \/>\nOder aber: es entsteht ein schmerzhafter Pickel auf der Haut, der bis auf die Gr\u00f6\u00dfe einer Orange heranwachsen kann: das ist der lebensbedrohliche MRSA-Infektion (Staphylokokken-Erreger).<\/p>\n<h2>Folgen<\/h2>\n<p>Denken Sie einmal nach: wenn Sie nichts dagegen tun, kann eine MRSA-Infektion ernsthafte Folgen haben und eine Blutvergiftung (Sepsis) hervorrufen \u2013 eine lebensbedrohliche Reaktion auf eine ernsthafte Infektion des K\u00f6rpers.<\/p>\n<p>Aber auch andere Ansteckungsgefahren lauern und verbreiten sich im Nullkommanichts: Dermatophyten infizieren z.B. die Haut von Sportlern. Das Risiko hierf\u00fcr wird noch dadurch verst\u00e4rkt, dass tausende von mikroskopisch kleinen abgestorbenen Hautzellen auf Oberfl\u00e4chen zur\u00fcckgeblieben sind. Vermehrter Stress und das Einwirken von Mikroverletzungen unterst\u00fctzen die Ansiedlung von Dermatophyten auf der Haut. Vergessen Sie bitte nicht: Dermatophyten k\u00f6nnen auch bereits resistent gegen Desinfektionsmittel sein.<\/p>\n<h2>Unsere Tip f\u00fcr Ihre Kunden<\/h2>\n<p>Bevor Sie ein Fitness-Studio betreten, erkundigen Sie sich beim Personal \u00fcber die Desinfektionsmittel, die hier angewandt werden und fragen Sie nach dem Desinfektions-Plan f\u00fcr Oberfl\u00e4chen und Ger\u00e4te. \u00dcbungsmatten sollten nach jeder Gruppe desinfiziert werden. Zumindest sollte ein wirksames Produkt angewandt werden und allen Besuchern zur Verf\u00fcgung stehen, damit Ger\u00e4te und Griffe nach dem Sport desinfiziert werden k\u00f6nnen. Desinfizieren Sie auch Ihre H\u00e4nde nach dem Training.<\/p>\n<h2>Unsere Tip f\u00fcr Ihr Personal<\/h2>\n<p>Informieren Sie Ihre Besucher \u00fcber Ihre gewissenhafte Verpflichtung, wirksame Produkte als prophylaktische Bek\u00e4mpfung von Infektionsgefahren in Ihrem Fitness-Studio einzusetzen. Nutzen Sie die bestverf\u00fcgbaren Produkte hierf\u00fcr: NOSO \u2013 um gef\u00e4hrliche Bakterien (einschlie\u00dflich C.-Difficile) sowie Pilze im Bodenbereich und auf Oberfl\u00e4chen zu beseitigen; AVI \u2013 damit die Kunden ihre F\u00fc\u00dfe innerhalb von Sekunden von Dermatophyten befreien k\u00f6nnen, bevor sie Fitness- &amp; Workout-Bereiche betreten. TACIT: um ihre H\u00e4nde zu desinfizieren \u2013 das ist die wirksamste Art und Weise, um sich vor einer MRSA-Infektion zu sch\u00fctzen. Abioniv kann Ihnen helfen ein durchdachtes Wirksamkeitsprogramm aufzustellen, damit Sie kritische Bereiche in Ihrem Fitness-Studio besser kontrollieren k\u00f6nnen. Risiken werden erkannt und Sie erfahren, welche entsprechenden Produkte hiergegen genutzt werden: wo, wie und wie h\u00e4ufig.<\/p>\n<h2>Wie es funktioniert<\/h2>\n<p>Denken Sie daran: Desinfektionsmitteln m\u00fcssen innerhalb von Sekunden wirken und auf die entsprechenden Risikofaktoren, die im Gesundheits- und Sportbereich vorkommen, angepasst sein.<\/p>\n<p>AVI und NOSO sind professionelle Produkte, die in nur wenigen Sekunden wirken. Vor und nach dem Training k\u00f6nnen Sportler ihre F\u00fc\u00dfe mit AVI sch\u00fctzen. NOSO kann sehr einfach durch das Reinigungspersonal auf dem Boden und auf Oberfl\u00e4chen verteilt werden.<br \/>\nTACIT ist ein auf seine Wirksamkeit gepr\u00fcftes Desinfektionsmittel f\u00fcr H\u00e4nde, bei dem es sogar Spa\u00df macht, es zu benutzen.<\/p>\n<\/div><div class=\"fusion-button-wrapper\"><a class=\"fusion-button button-flat button-xlarge button-red fusion-button-red button-1 fusion-button-default-span fusion-button-default-type\" target=\"_self\" href=\"https:\/\/abioniv.com\/shop\/\"><i class=\" fa fa-shopping-cart button-icon-left\" aria-hidden=\"true\"><\/i><span class=\"fusion-button-text\">Shop now<\/span><\/a><\/div><div class=\"fusion-clearfix\"><\/div><\/div><\/div><\/div><\/div>\n","protected":false},"excerpt":{"rendered":"","protected":false},"author":1,"featured_media":0,"parent":12469,"menu_order":1,"comment_status":"closed","ping_status":"closed","template":"side-navigation.php","meta":{"_mi_skip_tracking":false,"footnotes":""},"yoast_head":"<!-- This site is optimized with the Yoast SEO Premium plugin v18.8 (Yoast SEO v24.1) - https:\/\/yoast.com\/wordpress\/plugins\/seo\/ -->\n<title>Fitnessstudio - Abioniv - Biotechnolgy Solutions<\/title>\n<meta name=\"robots\" content=\"index, follow, max-snippet:-1, max-image-preview:large, max-video-preview:-1\" \/>\n<link rel=\"canonical\" href=\"https:\/\/abioniv.com\/de\/losungen\/geschaeftskunden\/fitnessstudio\/\" \/>\n<meta property=\"og:locale\" content=\"de_DE\" \/>\n<meta property=\"og:type\" content=\"article\" \/>\n<meta property=\"og:title\" content=\"Fitnessstudio\" \/>\n<meta property=\"og:url\" content=\"https:\/\/abioniv.com\/de\/losungen\/geschaeftskunden\/fitnessstudio\/\" \/>\n<meta property=\"og:site_name\" content=\"Abioniv - Biotechnolgy Solutions\" \/>\n<meta property=\"article:publisher\" content=\"https:\/\/www.facebook.com\/myabioniv\/\" \/>\n<meta property=\"article:modified_time\" content=\"2017-03-29T08:54:17+00:00\" \/>\n<meta property=\"og:image\" content=\"http:\/\/abioniv.com\/wp-content\/uploads\/2016\/07\/ABIO_web_banner_fitness.jpg\" \/>\n<meta name=\"twitter:card\" content=\"summary_large_image\" \/>\n<meta name=\"twitter:site\" content=\"@abioniv\" \/>\n<meta name=\"twitter:label1\" content=\"Gesch\u00e4tzte Lesezeit\" \/>\n\t<meta name=\"twitter:data1\" content=\"4\u00a0Minuten\" \/>\n<script type=\"application\/ld+json\" class=\"yoast-schema-graph\">{\"@context\":\"https:\/\/schema.org\",\"@graph\":[{\"@type\":\"WebPage\",\"@id\":\"https:\/\/abioniv.com\/de\/losungen\/geschaeftskunden\/fitnessstudio\/\",\"url\":\"https:\/\/abioniv.com\/de\/losungen\/geschaeftskunden\/fitnessstudio\/\",\"name\":\"Fitnessstudio - Abioniv - Biotechnolgy Solutions\",\"isPartOf\":{\"@id\":\"https:\/\/abioniv.com\/#website\"},\"primaryImageOfPage\":{\"@id\":\"https:\/\/abioniv.com\/de\/losungen\/geschaeftskunden\/fitnessstudio\/#primaryimage\"},\"image\":{\"@id\":\"https:\/\/abioniv.com\/de\/losungen\/geschaeftskunden\/fitnessstudio\/#primaryimage\"},\"thumbnailUrl\":\"http:\/\/abioniv.com\/wp-content\/uploads\/2016\/07\/ABIO_web_banner_fitness.jpg\",\"datePublished\":\"2016-04-22T15:29:06+00:00\",\"dateModified\":\"2017-03-29T08:54:17+00:00\",\"breadcrumb\":{\"@id\":\"https:\/\/abioniv.com\/de\/losungen\/geschaeftskunden\/fitnessstudio\/#breadcrumb\"},\"inLanguage\":\"de\",\"potentialAction\":[{\"@type\":\"ReadAction\",\"target\":[\"https:\/\/abioniv.com\/de\/losungen\/geschaeftskunden\/fitnessstudio\/\"]}]},{\"@type\":\"ImageObject\",\"inLanguage\":\"de\",\"@id\":\"https:\/\/abioniv.com\/de\/losungen\/geschaeftskunden\/fitnessstudio\/#primaryimage\",\"url\":\"http:\/\/abioniv.com\/wp-content\/uploads\/2016\/07\/ABIO_web_banner_fitness.jpg\",\"contentUrl\":\"http:\/\/abioniv.com\/wp-content\/uploads\/2016\/07\/ABIO_web_banner_fitness.jpg\"},{\"@type\":\"BreadcrumbList\",\"@id\":\"https:\/\/abioniv.com\/de\/losungen\/geschaeftskunden\/fitnessstudio\/#breadcrumb\",\"itemListElement\":[{\"@type\":\"ListItem\",\"position\":1,\"name\":\"Home\",\"item\":\"https:\/\/abioniv.com\/de\/\"},{\"@type\":\"ListItem\",\"position\":2,\"name\":\"L\u00f6sungen\",\"item\":\"https:\/\/abioniv.com\/de\/losungen\/\"},{\"@type\":\"ListItem\",\"position\":3,\"name\":\"Gesch\u00e4ftskunden\",\"item\":\"https:\/\/abioniv.com\/de\/losungen\/geschaeftskunden\/\"},{\"@type\":\"ListItem\",\"position\":4,\"name\":\"Fitnessstudio\"}]},{\"@type\":\"WebSite\",\"@id\":\"https:\/\/abioniv.com\/#website\",\"url\":\"https:\/\/abioniv.com\/\",\"name\":\"Abioniv - The Reference in Prevention\",\"description\":\"Biotechnolgy Solutions\",\"publisher\":{\"@id\":\"https:\/\/abioniv.com\/#organization\"},\"potentialAction\":[{\"@type\":\"SearchAction\",\"target\":{\"@type\":\"EntryPoint\",\"urlTemplate\":\"https:\/\/abioniv.com\/?s={search_term_string}\"},\"query-input\":{\"@type\":\"PropertyValueSpecification\",\"valueRequired\":true,\"valueName\":\"search_term_string\"}}],\"inLanguage\":\"de\"},{\"@type\":\"Organization\",\"@id\":\"https:\/\/abioniv.com\/#organization\",\"name\":\"abioniv\",\"url\":\"https:\/\/abioniv.com\/\",\"logo\":{\"@type\":\"ImageObject\",\"inLanguage\":\"de\",\"@id\":\"https:\/\/abioniv.com\/#\/schema\/logo\/image\/\",\"url\":\"https:\/\/abioniv.com\/wp-content\/uploads\/2019\/03\/ABIO_logo_P7546-e1628608523617.jpg\",\"contentUrl\":\"https:\/\/abioniv.com\/wp-content\/uploads\/2019\/03\/ABIO_logo_P7546-e1628608523617.jpg\",\"width\":179,\"height\":72,\"caption\":\"abioniv\"},\"image\":{\"@id\":\"https:\/\/abioniv.com\/#\/schema\/logo\/image\/\"},\"sameAs\":[\"https:\/\/www.facebook.com\/myabioniv\/\",\"https:\/\/x.com\/abioniv\",\"https:\/\/www.linkedin.com\/company\/abioniv\",\"https:\/\/www.pinterest.ch\/abioniv\/\",\"https:\/\/www.youtube.com\/channel\/UCoUL2aw7cgnywbkRsI3OQBg\"]}]}<\/script>\n<!-- \/ Yoast SEO Premium plugin. -->","yoast_head_json":{"title":"Fitnessstudio - Abioniv - Biotechnolgy Solutions","robots":{"index":"index","follow":"follow","max-snippet":"max-snippet:-1","max-image-preview":"max-image-preview:large","max-video-preview":"max-video-preview:-1"},"canonical":"https:\/\/abioniv.com\/de\/losungen\/geschaeftskunden\/fitnessstudio\/","og_locale":"de_DE","og_type":"article","og_title":"Fitnessstudio","og_url":"https:\/\/abioniv.com\/de\/losungen\/geschaeftskunden\/fitnessstudio\/","og_site_name":"Abioniv - Biotechnolgy Solutions","article_publisher":"https:\/\/www.facebook.com\/myabioniv\/","article_modified_time":"2017-03-29T08:54:17+00:00","og_image":[{"url":"http:\/\/abioniv.com\/wp-content\/uploads\/2016\/07\/ABIO_web_banner_fitness.jpg","type":"","width":"","height":""}],"twitter_card":"summary_large_image","twitter_site":"@abioniv","twitter_misc":{"Gesch\u00e4tzte Lesezeit":"4\u00a0Minuten"},"schema":{"@context":"https:\/\/schema.org","@graph":[{"@type":"WebPage","@id":"https:\/\/abioniv.com\/de\/losungen\/geschaeftskunden\/fitnessstudio\/","url":"https:\/\/abioniv.com\/de\/losungen\/geschaeftskunden\/fitnessstudio\/","name":"Fitnessstudio - Abioniv - Biotechnolgy Solutions","isPartOf":{"@id":"https:\/\/abioniv.com\/#website"},"primaryImageOfPage":{"@id":"https:\/\/abioniv.com\/de\/losungen\/geschaeftskunden\/fitnessstudio\/#primaryimage"},"image":{"@id":"https:\/\/abioniv.com\/de\/losungen\/geschaeftskunden\/fitnessstudio\/#primaryimage"},"thumbnailUrl":"http:\/\/abioniv.com\/wp-content\/uploads\/2016\/07\/ABIO_web_banner_fitness.jpg","datePublished":"2016-04-22T15:29:06+00:00","dateModified":"2017-03-29T08:54:17+00:00","breadcrumb":{"@id":"https:\/\/abioniv.com\/de\/losungen\/geschaeftskunden\/fitnessstudio\/#breadcrumb"},"inLanguage":"de","potentialAction":[{"@type":"ReadAction","target":["https:\/\/abioniv.com\/de\/losungen\/geschaeftskunden\/fitnessstudio\/"]}]},{"@type":"ImageObject","inLanguage":"de","@id":"https:\/\/abioniv.com\/de\/losungen\/geschaeftskunden\/fitnessstudio\/#primaryimage","url":"http:\/\/abioniv.com\/wp-content\/uploads\/2016\/07\/ABIO_web_banner_fitness.jpg","contentUrl":"http:\/\/abioniv.com\/wp-content\/uploads\/2016\/07\/ABIO_web_banner_fitness.jpg"},{"@type":"BreadcrumbList","@id":"https:\/\/abioniv.com\/de\/losungen\/geschaeftskunden\/fitnessstudio\/#breadcrumb","itemListElement":[{"@type":"ListItem","position":1,"name":"Home","item":"https:\/\/abioniv.com\/de\/"},{"@type":"ListItem","position":2,"name":"L\u00f6sungen","item":"https:\/\/abioniv.com\/de\/losungen\/"},{"@type":"ListItem","position":3,"name":"Gesch\u00e4ftskunden","item":"https:\/\/abioniv.com\/de\/losungen\/geschaeftskunden\/"},{"@type":"ListItem","position":4,"name":"Fitnessstudio"}]},{"@type":"WebSite","@id":"https:\/\/abioniv.com\/#website","url":"https:\/\/abioniv.com\/","name":"Abioniv - The Reference in Prevention","description":"Biotechnolgy Solutions","publisher":{"@id":"https:\/\/abioniv.com\/#organization"},"potentialAction":[{"@type":"SearchAction","target":{"@type":"EntryPoint","urlTemplate":"https:\/\/abioniv.com\/?s={search_term_string}"},"query-input":{"@type":"PropertyValueSpecification","valueRequired":true,"valueName":"search_term_string"}}],"inLanguage":"de"},{"@type":"Organization","@id":"https:\/\/abioniv.com\/#organization","name":"abioniv","url":"https:\/\/abioniv.com\/","logo":{"@type":"ImageObject","inLanguage":"de","@id":"https:\/\/abioniv.com\/#\/schema\/logo\/image\/","url":"https:\/\/abioniv.com\/wp-content\/uploads\/2019\/03\/ABIO_logo_P7546-e1628608523617.jpg","contentUrl":"https:\/\/abioniv.com\/wp-content\/uploads\/2019\/03\/ABIO_logo_P7546-e1628608523617.jpg","width":179,"height":72,"caption":"abioniv"},"image":{"@id":"https:\/\/abioniv.com\/#\/schema\/logo\/image\/"},"sameAs":["https:\/\/www.facebook.com\/myabioniv\/","https:\/\/x.com\/abioniv","https:\/\/www.linkedin.com\/company\/abioniv","https:\/\/www.pinterest.ch\/abioniv\/","https:\/\/www.youtube.com\/channel\/UCoUL2aw7cgnywbkRsI3OQBg"]}]}},"_links":{"self":[{"href":"https:\/\/abioniv.com\/de\/wp-json\/wp\/v2\/pages\/11835"}],"collection":[{"href":"https:\/\/abioniv.com\/de\/wp-json\/wp\/v2\/pages"}],"about":[{"href":"https:\/\/abioniv.com\/de\/wp-json\/wp\/v2\/types\/page"}],"author":[{"embeddable":true,"href":"https:\/\/abioniv.com\/de\/wp-json\/wp\/v2\/users\/1"}],"replies":[{"embeddable":true,"href":"https:\/\/abioniv.com\/de\/wp-json\/wp\/v2\/comments?post=11835"}],"version-history":[{"count":17,"href":"https:\/\/abioniv.com\/de\/wp-json\/wp\/v2\/pages\/11835\/revisions"}],"predecessor-version":[{"id":13513,"href":"https:\/\/abioniv.com\/de\/wp-json\/wp\/v2\/pages\/11835\/revisions\/13513"}],"up":[{"embeddable":true,"href":"https:\/\/abioniv.com\/de\/wp-json\/wp\/v2\/pages\/12469"}],"wp:attachment":[{"href":"https:\/\/abioniv.com\/de\/wp-json\/wp\/v2\/media?parent=11835"}],"curies":[{"name":"wp","href":"https:\/\/api.w.org\/{rel}","templated":true}]}}