{"id":11833,"date":"2016-04-22T15:28:18","date_gmt":"2016-04-22T15:28:18","guid":{"rendered":"http:\/\/abioniv.com\/?page_id=11833"},"modified":"2017-02-23T05:46:26","modified_gmt":"2017-02-23T05:46:26","slug":"schwimmbad-warmwasserbecken-whirlpool","status":"publish","type":"page","link":"https:\/\/abioniv.com\/de\/losungen\/geschaeftskunden\/schwimmbad-warmwasserbecken-whirlpool\/","title":{"rendered":"Schwimmbad"},"content":{"rendered":"<div class=\"fusion-fullwidth fullwidth-box fusion-builder-row-1 nonhundred-percent-fullwidth non-hundred-percent-height-scrolling\" style=\"--awb-background-position:left top;--awb-border-radius-top-left:0px;--awb-border-radius-top-right:0px;--awb-border-radius-bottom-right:0px;--awb-border-radius-bottom-left:0px;--awb-padding-top:0px;--awb-padding-bottom:20px;--awb-border-sizes-top:0px;--awb-border-sizes-bottom:0px;--awb-flex-wrap:wrap;\" ><div class=\"fusion-builder-row fusion-row\"><div class=\"fusion-layout-column fusion_builder_column fusion-builder-column-0 fusion_builder_column_1_1 1_1 fusion-one-full fusion-column-first fusion-column-last fusion-column-no-min-height\" style=\"--awb-bg-size:cover;--awb-margin-bottom:0px;\"><div class=\"fusion-column-wrapper fusion-flex-column-wrapper-legacy\"><div class=\"fusion-image-element in-legacy-container\" style=\"--awb-caption-title-font-family:var(--h2_typography-font-family);--awb-caption-title-font-weight:var(--h2_typography-font-weight);--awb-caption-title-font-style:var(--h2_typography-font-style);--awb-caption-title-size:var(--h2_typography-font-size);--awb-caption-title-transform:var(--h2_typography-text-transform);--awb-caption-title-line-height:var(--h2_typography-line-height);--awb-caption-title-letter-spacing:var(--h2_typography-letter-spacing);\"><span class=\" fusion-imageframe imageframe-none imageframe-1 hover-type-none\"><img decoding=\"async\" src=\"http:\/\/abioniv.com\/wp-content\/uploads\/2016\/04\/ABIO_web_banner_pool.jpg\" alt class=\"img-responsive\"\/><\/span><\/div><div class=\"fusion-text fusion-text-1\"><h2>Umgebung<\/h2>\n<p>In Schwimm- und Thermalb\u00e4dern wird das Wasser mit Chlor desinfiziert. Mit einer normalen Chlorkonzentration werden die meisten Bakterien, Pilze oder Viren innerhalb von wenigen Sekunden oder Minuten inaktiviert.<\/p>\n<p>Im Fu\u00dfbodenbereich des Beckens sieht es jedoch ganz anders aus. Dort k\u00f6nnen sich tausende von mikroskopisch kleinen abgestorbenen Hautzellen ansammeln und ein gewisser Prozentsatz dieser Zellen ist mit Dermatophyten belastet. Dermatophyten schaffen in Verbindung mit Feuchtigkeit eine perfekte Umgebung, um die Haut an den F\u00fc\u00dfen zu infizieren. Dermatophyten sind hochansteckend und man kann sich sehr leicht mit ihnen anstecken, wenn man sich barfu\u00df am Pool aufh\u00e4lt oder eine Dusche nimmt.<\/p>\n<p>Genaugenommen sind Infektionen wie Fu\u00df- oder Nagelpilz, aber auch Ringelflechte in der Umgebung von Schwimmbecken weit verbreitet.<\/p>\n<p>(20% der Bev\u00f6lkerung in Europa leiden hierunter!)<\/p>\n<h2>Folgen<\/h2>\n<p>Auf feuchten Oberfl\u00e4chen und Fu\u00dfb\u00f6den k\u00f6nnen Dermatophyten geradezu pr\u00e4chtig gedeihen und somit sind sie in der Lage, sich auf der Haut an den F\u00fc\u00dfen anzusiedeln: die F\u00fc\u00dfe beginnen zu jucken, es sticht, es brennt zwischen den Zehen und an den Fu\u00dfsohlen \u2013 Sie haben sich angesteckt, Ihr F\u00fc\u00dfe sind infiziert.<\/p>\n<h2>Unser Tip f\u00fcr Ihre Besucher<\/h2>\n<p>Bevor Sie ein Schwimmbad betreten, erkundigen Sie sich beim Personal, ob dort t\u00e4glich mit Hilfe eines Produkts desinfiziert wird, das sich speziell dazu eignet, Dermatophyten zu vernichten (die Sporen von Dermatophyten sind in der Regel resistenter, als die typischen Pilzsporen). Fragen Sie auch, wo Sie ein Mittel zum Desinfizieren der F\u00fc\u00dfe im Schwimmbad finden k\u00f6nnen. Erfahren Sie, wie das Mittel benutzt wird und wenden Sie es auf Ihren F\u00fc\u00dfen an, bevor Sie wieder nach Hause gehen.<\/p>\n<h2>Unser Tip f\u00fcr Ihr Personal<\/h2>\n<p>Informieren Sie Ihre G\u00e4ste \u00fcber die Ihnen zur Verf\u00fcgung stehenden Mittel, mit deren Hilfe Ihre G\u00e4ste vor einer Ansteckung gesch\u00fctzt werden. Bieten Sie die bestm\u00f6gliche Ihnen zur Verf\u00fcgung stehende Technologie an: NOSO, um innerhalb von 30 Sekunden Bakterien und Pilze im Fu\u00dfbodenbereich (wie u.a. C.-Difficile), die dort entstehen, wo viele Menschen barfu\u00df laufen, bek\u00e4mpfen zu k\u00f6nnen.<br \/>\nAVI, um die Haut an den F\u00fc\u00dfen in nur 15 Sekunden wirksam zu desinfizieren, so dass Dermatophyten \u00fcberhaupt nicht im Bereich des Schwimmbeckens auftauchen k\u00f6nnen. Abioniv ist Ihnen gern dabei behilflich, ein Programm aufzustellen, mit dessen Hilfe Sie die kritischen Punkte an Ihrem Pool erfolgreich kontrollieren k\u00f6nnen, indem Risiken erkannt werden und die dagegen wirksamen Produkte vorgeschlagen werden: wo, wie und wie h\u00e4ufig.<\/p>\n<h2>Wie es funktionert<\/h2>\n<p>Machen Sie sich klar: Desinfektionsmittel m\u00fcssen innerhalb von Sekunden wirken und m\u00fcssen dementsprechend an die verschiedenen Arten von Risiken, die in einer Pool-Umgebung herrschen, angepasst sein.<\/p>\n<p>Mit AVI und NOSO haben Sie professionelle Produkte, die einfach innerhalb von Sekunden wirken. Vor und nach dem Schwimmen\/Entspannen, k\u00f6nnen die Besucher Ihres Pools und dessen Umgebung die F\u00fc\u00dfe mit AVI desinfizieren. NOSO kann ganz leicht vom Reinigungspersonal auf dem Fu\u00dfboden\/auf Oberfl\u00e4chen verteilt werden.<\/p>\n<\/div><div class=\"fusion-button-wrapper\"><a class=\"fusion-button button-flat fusion-button-default-size button-default fusion-button-default button-1 fusion-button-default-span fusion-button-default-type\" target=\"_self\" href=\"\/shop\/\"><i class=\" fa fa-shopping-cart button-icon-left\" aria-hidden=\"true\"><\/i><span class=\"fusion-button-text\">Shop now<\/span><\/a><\/div><div class=\"fusion-clearfix\"><\/div><\/div><\/div><\/div><\/div>\n","protected":false},"excerpt":{"rendered":"","protected":false},"author":1,"featured_media":0,"parent":12469,"menu_order":2,"comment_status":"closed","ping_status":"closed","template":"side-navigation.php","meta":{"_mi_skip_tracking":false,"footnotes":""},"yoast_head":"<!-- This site is optimized with the Yoast SEO Premium plugin v18.8 (Yoast SEO v24.1) - https:\/\/yoast.com\/wordpress\/plugins\/seo\/ -->\n<title>Schwimmbad - Abioniv - Biotechnolgy Solutions<\/title>\n<meta name=\"robots\" content=\"index, follow, max-snippet:-1, max-image-preview:large, max-video-preview:-1\" \/>\n<link rel=\"canonical\" href=\"https:\/\/abioniv.com\/de\/losungen\/geschaeftskunden\/schwimmbad-warmwasserbecken-whirlpool\/\" \/>\n<meta property=\"og:locale\" content=\"de_DE\" \/>\n<meta property=\"og:type\" content=\"article\" \/>\n<meta property=\"og:title\" content=\"Schwimmbad\" \/>\n<meta property=\"og:url\" content=\"https:\/\/abioniv.com\/de\/losungen\/geschaeftskunden\/schwimmbad-warmwasserbecken-whirlpool\/\" \/>\n<meta property=\"og:site_name\" content=\"Abioniv - Biotechnolgy Solutions\" \/>\n<meta property=\"article:publisher\" content=\"https:\/\/www.facebook.com\/myabioniv\/\" \/>\n<meta property=\"article:modified_time\" content=\"2017-02-23T05:46:26+00:00\" \/>\n<meta property=\"og:image\" content=\"http:\/\/abioniv.com\/wp-content\/uploads\/2016\/04\/ABIO_web_banner_pool.jpg\" \/>\n<meta name=\"twitter:card\" content=\"summary_large_image\" \/>\n<meta name=\"twitter:site\" content=\"@abioniv\" \/>\n<meta name=\"twitter:label1\" content=\"Gesch\u00e4tzte Lesezeit\" \/>\n\t<meta name=\"twitter:data1\" content=\"4\u00a0Minuten\" \/>\n<script type=\"application\/ld+json\" class=\"yoast-schema-graph\">{\"@context\":\"https:\/\/schema.org\",\"@graph\":[{\"@type\":\"WebPage\",\"@id\":\"https:\/\/abioniv.com\/de\/losungen\/geschaeftskunden\/schwimmbad-warmwasserbecken-whirlpool\/\",\"url\":\"https:\/\/abioniv.com\/de\/losungen\/geschaeftskunden\/schwimmbad-warmwasserbecken-whirlpool\/\",\"name\":\"Schwimmbad - Abioniv - Biotechnolgy Solutions\",\"isPartOf\":{\"@id\":\"https:\/\/abioniv.com\/#website\"},\"primaryImageOfPage\":{\"@id\":\"https:\/\/abioniv.com\/de\/losungen\/geschaeftskunden\/schwimmbad-warmwasserbecken-whirlpool\/#primaryimage\"},\"image\":{\"@id\":\"https:\/\/abioniv.com\/de\/losungen\/geschaeftskunden\/schwimmbad-warmwasserbecken-whirlpool\/#primaryimage\"},\"thumbnailUrl\":\"http:\/\/abioniv.com\/wp-content\/uploads\/2016\/04\/ABIO_web_banner_pool.jpg\",\"datePublished\":\"2016-04-22T15:28:18+00:00\",\"dateModified\":\"2017-02-23T05:46:26+00:00\",\"breadcrumb\":{\"@id\":\"https:\/\/abioniv.com\/de\/losungen\/geschaeftskunden\/schwimmbad-warmwasserbecken-whirlpool\/#breadcrumb\"},\"inLanguage\":\"de\",\"potentialAction\":[{\"@type\":\"ReadAction\",\"target\":[\"https:\/\/abioniv.com\/de\/losungen\/geschaeftskunden\/schwimmbad-warmwasserbecken-whirlpool\/\"]}]},{\"@type\":\"ImageObject\",\"inLanguage\":\"de\",\"@id\":\"https:\/\/abioniv.com\/de\/losungen\/geschaeftskunden\/schwimmbad-warmwasserbecken-whirlpool\/#primaryimage\",\"url\":\"http:\/\/abioniv.com\/wp-content\/uploads\/2016\/04\/ABIO_web_banner_pool.jpg\",\"contentUrl\":\"http:\/\/abioniv.com\/wp-content\/uploads\/2016\/04\/ABIO_web_banner_pool.jpg\"},{\"@type\":\"BreadcrumbList\",\"@id\":\"https:\/\/abioniv.com\/de\/losungen\/geschaeftskunden\/schwimmbad-warmwasserbecken-whirlpool\/#breadcrumb\",\"itemListElement\":[{\"@type\":\"ListItem\",\"position\":1,\"name\":\"Home\",\"item\":\"https:\/\/abioniv.com\/de\/\"},{\"@type\":\"ListItem\",\"position\":2,\"name\":\"L\u00f6sungen\",\"item\":\"https:\/\/abioniv.com\/de\/losungen\/\"},{\"@type\":\"ListItem\",\"position\":3,\"name\":\"Gesch\u00e4ftskunden\",\"item\":\"https:\/\/abioniv.com\/de\/losungen\/geschaeftskunden\/\"},{\"@type\":\"ListItem\",\"position\":4,\"name\":\"Schwimmbad\"}]},{\"@type\":\"WebSite\",\"@id\":\"https:\/\/abioniv.com\/#website\",\"url\":\"https:\/\/abioniv.com\/\",\"name\":\"Abioniv - The Reference in Prevention\",\"description\":\"Biotechnolgy Solutions\",\"publisher\":{\"@id\":\"https:\/\/abioniv.com\/#organization\"},\"potentialAction\":[{\"@type\":\"SearchAction\",\"target\":{\"@type\":\"EntryPoint\",\"urlTemplate\":\"https:\/\/abioniv.com\/?s={search_term_string}\"},\"query-input\":{\"@type\":\"PropertyValueSpecification\",\"valueRequired\":true,\"valueName\":\"search_term_string\"}}],\"inLanguage\":\"de\"},{\"@type\":\"Organization\",\"@id\":\"https:\/\/abioniv.com\/#organization\",\"name\":\"abioniv\",\"url\":\"https:\/\/abioniv.com\/\",\"logo\":{\"@type\":\"ImageObject\",\"inLanguage\":\"de\",\"@id\":\"https:\/\/abioniv.com\/#\/schema\/logo\/image\/\",\"url\":\"https:\/\/abioniv.com\/wp-content\/uploads\/2019\/03\/ABIO_logo_P7546-e1628608523617.jpg\",\"contentUrl\":\"https:\/\/abioniv.com\/wp-content\/uploads\/2019\/03\/ABIO_logo_P7546-e1628608523617.jpg\",\"width\":179,\"height\":72,\"caption\":\"abioniv\"},\"image\":{\"@id\":\"https:\/\/abioniv.com\/#\/schema\/logo\/image\/\"},\"sameAs\":[\"https:\/\/www.facebook.com\/myabioniv\/\",\"https:\/\/x.com\/abioniv\",\"https:\/\/www.linkedin.com\/company\/abioniv\",\"https:\/\/www.pinterest.ch\/abioniv\/\",\"https:\/\/www.youtube.com\/channel\/UCoUL2aw7cgnywbkRsI3OQBg\"]}]}<\/script>\n<!-- \/ Yoast SEO Premium plugin. -->","yoast_head_json":{"title":"Schwimmbad - Abioniv - Biotechnolgy Solutions","robots":{"index":"index","follow":"follow","max-snippet":"max-snippet:-1","max-image-preview":"max-image-preview:large","max-video-preview":"max-video-preview:-1"},"canonical":"https:\/\/abioniv.com\/de\/losungen\/geschaeftskunden\/schwimmbad-warmwasserbecken-whirlpool\/","og_locale":"de_DE","og_type":"article","og_title":"Schwimmbad","og_url":"https:\/\/abioniv.com\/de\/losungen\/geschaeftskunden\/schwimmbad-warmwasserbecken-whirlpool\/","og_site_name":"Abioniv - Biotechnolgy Solutions","article_publisher":"https:\/\/www.facebook.com\/myabioniv\/","article_modified_time":"2017-02-23T05:46:26+00:00","og_image":[{"url":"http:\/\/abioniv.com\/wp-content\/uploads\/2016\/04\/ABIO_web_banner_pool.jpg","type":"","width":"","height":""}],"twitter_card":"summary_large_image","twitter_site":"@abioniv","twitter_misc":{"Gesch\u00e4tzte Lesezeit":"4\u00a0Minuten"},"schema":{"@context":"https:\/\/schema.org","@graph":[{"@type":"WebPage","@id":"https:\/\/abioniv.com\/de\/losungen\/geschaeftskunden\/schwimmbad-warmwasserbecken-whirlpool\/","url":"https:\/\/abioniv.com\/de\/losungen\/geschaeftskunden\/schwimmbad-warmwasserbecken-whirlpool\/","name":"Schwimmbad - Abioniv - Biotechnolgy Solutions","isPartOf":{"@id":"https:\/\/abioniv.com\/#website"},"primaryImageOfPage":{"@id":"https:\/\/abioniv.com\/de\/losungen\/geschaeftskunden\/schwimmbad-warmwasserbecken-whirlpool\/#primaryimage"},"image":{"@id":"https:\/\/abioniv.com\/de\/losungen\/geschaeftskunden\/schwimmbad-warmwasserbecken-whirlpool\/#primaryimage"},"thumbnailUrl":"http:\/\/abioniv.com\/wp-content\/uploads\/2016\/04\/ABIO_web_banner_pool.jpg","datePublished":"2016-04-22T15:28:18+00:00","dateModified":"2017-02-23T05:46:26+00:00","breadcrumb":{"@id":"https:\/\/abioniv.com\/de\/losungen\/geschaeftskunden\/schwimmbad-warmwasserbecken-whirlpool\/#breadcrumb"},"inLanguage":"de","potentialAction":[{"@type":"ReadAction","target":["https:\/\/abioniv.com\/de\/losungen\/geschaeftskunden\/schwimmbad-warmwasserbecken-whirlpool\/"]}]},{"@type":"ImageObject","inLanguage":"de","@id":"https:\/\/abioniv.com\/de\/losungen\/geschaeftskunden\/schwimmbad-warmwasserbecken-whirlpool\/#primaryimage","url":"http:\/\/abioniv.com\/wp-content\/uploads\/2016\/04\/ABIO_web_banner_pool.jpg","contentUrl":"http:\/\/abioniv.com\/wp-content\/uploads\/2016\/04\/ABIO_web_banner_pool.jpg"},{"@type":"BreadcrumbList","@id":"https:\/\/abioniv.com\/de\/losungen\/geschaeftskunden\/schwimmbad-warmwasserbecken-whirlpool\/#breadcrumb","itemListElement":[{"@type":"ListItem","position":1,"name":"Home","item":"https:\/\/abioniv.com\/de\/"},{"@type":"ListItem","position":2,"name":"L\u00f6sungen","item":"https:\/\/abioniv.com\/de\/losungen\/"},{"@type":"ListItem","position":3,"name":"Gesch\u00e4ftskunden","item":"https:\/\/abioniv.com\/de\/losungen\/geschaeftskunden\/"},{"@type":"ListItem","position":4,"name":"Schwimmbad"}]},{"@type":"WebSite","@id":"https:\/\/abioniv.com\/#website","url":"https:\/\/abioniv.com\/","name":"Abioniv - The Reference in Prevention","description":"Biotechnolgy Solutions","publisher":{"@id":"https:\/\/abioniv.com\/#organization"},"potentialAction":[{"@type":"SearchAction","target":{"@type":"EntryPoint","urlTemplate":"https:\/\/abioniv.com\/?s={search_term_string}"},"query-input":{"@type":"PropertyValueSpecification","valueRequired":true,"valueName":"search_term_string"}}],"inLanguage":"de"},{"@type":"Organization","@id":"https:\/\/abioniv.com\/#organization","name":"abioniv","url":"https:\/\/abioniv.com\/","logo":{"@type":"ImageObject","inLanguage":"de","@id":"https:\/\/abioniv.com\/#\/schema\/logo\/image\/","url":"https:\/\/abioniv.com\/wp-content\/uploads\/2019\/03\/ABIO_logo_P7546-e1628608523617.jpg","contentUrl":"https:\/\/abioniv.com\/wp-content\/uploads\/2019\/03\/ABIO_logo_P7546-e1628608523617.jpg","width":179,"height":72,"caption":"abioniv"},"image":{"@id":"https:\/\/abioniv.com\/#\/schema\/logo\/image\/"},"sameAs":["https:\/\/www.facebook.com\/myabioniv\/","https:\/\/x.com\/abioniv","https:\/\/www.linkedin.com\/company\/abioniv","https:\/\/www.pinterest.ch\/abioniv\/","https:\/\/www.youtube.com\/channel\/UCoUL2aw7cgnywbkRsI3OQBg"]}]}},"_links":{"self":[{"href":"https:\/\/abioniv.com\/de\/wp-json\/wp\/v2\/pages\/11833"}],"collection":[{"href":"https:\/\/abioniv.com\/de\/wp-json\/wp\/v2\/pages"}],"about":[{"href":"https:\/\/abioniv.com\/de\/wp-json\/wp\/v2\/types\/page"}],"author":[{"embeddable":true,"href":"https:\/\/abioniv.com\/de\/wp-json\/wp\/v2\/users\/1"}],"replies":[{"embeddable":true,"href":"https:\/\/abioniv.com\/de\/wp-json\/wp\/v2\/comments?post=11833"}],"version-history":[{"count":21,"href":"https:\/\/abioniv.com\/de\/wp-json\/wp\/v2\/pages\/11833\/revisions"}],"predecessor-version":[{"id":13597,"href":"https:\/\/abioniv.com\/de\/wp-json\/wp\/v2\/pages\/11833\/revisions\/13597"}],"up":[{"embeddable":true,"href":"https:\/\/abioniv.com\/de\/wp-json\/wp\/v2\/pages\/12469"}],"wp:attachment":[{"href":"https:\/\/abioniv.com\/de\/wp-json\/wp\/v2\/media?parent=11833"}],"curies":[{"name":"wp","href":"https:\/\/api.w.org\/{rel}","templated":true}]}}