{"id":11825,"date":"2016-04-22T15:25:57","date_gmt":"2016-04-22T15:25:57","guid":{"rendered":"http:\/\/abioniv.com\/?page_id=11825"},"modified":"2017-02-23T05:46:27","modified_gmt":"2017-02-23T05:46:27","slug":"spa","status":"publish","type":"page","link":"https:\/\/abioniv.com\/de\/losungen\/geschaeftskunden\/spa\/","title":{"rendered":"SPA"},"content":{"rendered":"<div class=\"fusion-fullwidth fullwidth-box fusion-builder-row-1 nonhundred-percent-fullwidth non-hundred-percent-height-scrolling\" style=\"--awb-background-position:left top;--awb-border-radius-top-left:0px;--awb-border-radius-top-right:0px;--awb-border-radius-bottom-right:0px;--awb-border-radius-bottom-left:0px;--awb-padding-top:0px;--awb-padding-bottom:20px;--awb-border-sizes-top:0px;--awb-border-sizes-bottom:0px;--awb-flex-wrap:wrap;\" ><div class=\"fusion-builder-row fusion-row\"><div class=\"fusion-layout-column fusion_builder_column fusion-builder-column-0 fusion_builder_column_1_1 1_1 fusion-one-full fusion-column-first fusion-column-last fusion-column-no-min-height\" style=\"--awb-bg-size:cover;--awb-margin-bottom:0px;\"><div class=\"fusion-column-wrapper fusion-flex-column-wrapper-legacy\"><div class=\"fusion-image-element in-legacy-container\" style=\"--awb-caption-title-font-family:var(--h2_typography-font-family);--awb-caption-title-font-weight:var(--h2_typography-font-weight);--awb-caption-title-font-style:var(--h2_typography-font-style);--awb-caption-title-size:var(--h2_typography-font-size);--awb-caption-title-transform:var(--h2_typography-text-transform);--awb-caption-title-line-height:var(--h2_typography-line-height);--awb-caption-title-letter-spacing:var(--h2_typography-letter-spacing);\"><span class=\" fusion-imageframe imageframe-none imageframe-1 hover-type-none\"><img decoding=\"async\" src=\"http:\/\/abioniv.com\/wp-content\/uploads\/2016\/04\/ABIO_web_banner_SPA.jpg\" alt class=\"img-responsive\"\/><\/span><\/div><div class=\"fusion-text fusion-text-1\"><h2>Umgebung<\/h2>\n<p>Die Hitze f\u00fchlt sich so gut an!<\/p>\n<p>Hei\u00dfwasserbecken, Whirlpools, Physiotherapiebecken werden dabei eingesetzt, um Schmerzen zu lindern, bestimmte medizinisch notwendige Grundvoraussetzungen zu schaffen oder einfach zum Abschalten und Entspannen. Hier wird \u00fcberall mit Hilfe von Hitze das Ziel angestrebt, Schmerzen zu lindern und die Gesundheit zu f\u00f6rdern.<\/p>\n<p>Aber Vorsicht: hohe Temperaturen beschleunigen das Wachstum von Bakterien. Sobald der Chlorgehalt im Wasser abf\u00e4llt \u2013 was er gew\u00f6hnlich tut, da die meisten Becken nicht \u00fcber eine automatische Kontrollfunktion \u00fcber den freien Chlorgehalt im Wasser verf\u00fcgen \u2013 Pathogene wie zum Beispiel Pseudomonaden, Staphylokokken oder Legionellen k\u00f6nnen perfekt gedeihen.<\/p>\n<p>Im Bodenbereich der Becken k\u00f6nnen tausende von mikroskopisch kleinen abgestorbenen Hautzellen und -Schuppen liegen, von denen ein gewisser Prozentsatz mit Dermatophyten kontaminiert ist.<\/p>\n<p>In Verbindung mit Feuchtigkeit schaffen Dermatophyten eine ideale Umgebung, um die Haut an den F\u00fc\u00dfen zu infizieren. Dermatophyten sind hochansteckend und man kann sich schon bereits beim Barfu\u00dflaufen in SPA-Bereichen mit ihnen anstecken.<\/p>\n<h2>Folgen<\/h2>\n<p>Wenn keine angemessenen Vorsichtsma\u00dfnahmen getroffen wurden und das Wasser infolgedessen kontaminiert ist, kann es zu ernsthaften Erkrankungen kommen. Blasentrakt-Infektionen, Lungenentz\u00fcndung und verschiedene Arten von Hauterkrankungen k\u00f6nnen sich durch versehentlich verschlucktes Wasser verbreiten oder auch \u00fcber eine Wunde, die in Kontakt mit Wasser kommt. Aber auch ohne Wunden k\u00f6nnen Bakterien wie Pseudomonaden \u00fcber Haarfollikel auf der Haut den K\u00f6rper infizieren, dies nennt man eine Follikulitis \u2013 eine Entz\u00fcndung des oberen Anteils eines Haarbalgs. Die Folgen sind juckende rote Beulen, die sich mit Eiter anf\u00fcllen k\u00f6nnen.<\/p>\n<p>Auf dem Boden eines SPA-Bereiches wachsen Dermatophyten heran und sind jederzeit bereit, sich an der Haut an den F\u00fc\u00dfen anzusiedeln: ein Jucken, Stechen und Brennen zwischen den Zehen und an den Fu\u00dfsohlen sind die Folgen \u2013 Sie haben sich angesteckt.<\/p>\n<h2>Unser Tip f\u00fcr Ihre Besucher<\/h2>\n<p>Bevor Sie einen SPA-Bereich betreten, wenden Sie sich mit folgenden Fragen an das Personal:<\/p>\n<ol>\n<li>K\u00f6nnen die Schl\u00e4uche und Rohre, die in den Whirlpool f\u00fchren, gereinigt werden? Gibt es Filter, die verhindern, dass Teile von Hautpartikeln, die von Bakterien befallen sind, in das Becken eindringen k\u00f6nnen?<\/li>\n<li>Werden die Becken und B\u00f6den der Becken sowie die Umgebung um sie herum regelm\u00e4\u00dfig desinfiziert?<\/li>\n<\/ol>\n<h2>Unser Tip f\u00fcr Ihr Personal<\/h2>\n<p>Informieren Sie Ihre Besucher \u00fcber die verf\u00fcgbaren M\u00f6glichkeiten, um diese zu sch\u00fctzen. Bieten Sie die bestm\u00f6gliche Ihnen zur Verf\u00fcgung stehende Technologie an: NOSO, um innerhalb von 30 Sekunden Bakterien und Pilze im Fu\u00dfbodenbereich (wie u.a. C.-Difficile), die dort entstehen, wo viele Menschen barfu\u00df laufen, bek\u00e4mpfen zu k\u00f6nnen.<\/p>\n<p>AVI, um die Haut an den F\u00fc\u00dfen in nur 15 Sekunden wirksam zu desinfizieren, so dass Dermatophyten \u00fcberhaupt nicht im Bereich des Schwimmbeckens auftauchen k\u00f6nnen. Abioniv wird Ihnen gern behilflich sein, ein Programm aufzustellen, mit dessen Hilfe Sie die kritischen Punkte an Ihrem Pool erfolgreich kontrollieren k\u00f6nnen, indem die Risiken erkannt werden und die dagegen wirksamen Produkte vorgeschlagen werden: wo, wie und wie h\u00e4ufig.<\/p>\n<h2>Wie es funktionert<\/h2>\n<p>AVI und NOSO sind professionelle Produkte, die innerhalb von Sekunden wirken. Bevor Ihre Besucher Barfu\u00dfbereiche betreten, nehmen sie ein Fu\u00dfbad, das mit AVI angereichert wurde oder sie duschen, bzw. sp\u00fclen ihre F\u00fc\u00dfe mit AVI ab. NOSO kann ganz einfach auf B\u00f6den und Oberfl\u00e4chen verteilt werden.<br \/>\nAVI UND NOSO SIND HOCHEFFEKTIV; SICHER UND WIRKEN UNGLAUBLICH SCHNELL!<\/p>\n<\/div><div class=\"fusion-button-wrapper\"><a class=\"fusion-button button-flat fusion-button-default-size button-default fusion-button-default button-1 fusion-button-default-span fusion-button-default-type\" target=\"_self\" href=\"\/shop\/\"><i class=\" fa fa-shopping-cart button-icon-left\" aria-hidden=\"true\"><\/i><span class=\"fusion-button-text\">Shop now<\/span><\/a><\/div><div class=\"fusion-clearfix\"><\/div><\/div><\/div><\/div><\/div>\n","protected":false},"excerpt":{"rendered":"","protected":false},"author":1,"featured_media":0,"parent":12469,"menu_order":3,"comment_status":"closed","ping_status":"closed","template":"side-navigation.php","meta":{"_mi_skip_tracking":false,"footnotes":""},"yoast_head":"<!-- This site is optimized with the Yoast SEO Premium plugin v18.8 (Yoast SEO v24.1) - https:\/\/yoast.com\/wordpress\/plugins\/seo\/ -->\n<title>SPA - Abioniv - Biotechnolgy Solutions<\/title>\n<meta name=\"robots\" content=\"index, follow, max-snippet:-1, max-image-preview:large, max-video-preview:-1\" \/>\n<link rel=\"canonical\" href=\"https:\/\/abioniv.com\/de\/losungen\/geschaeftskunden\/spa\/\" \/>\n<meta property=\"og:locale\" content=\"de_DE\" \/>\n<meta property=\"og:type\" content=\"article\" \/>\n<meta property=\"og:title\" content=\"SPA\" \/>\n<meta property=\"og:url\" content=\"https:\/\/abioniv.com\/de\/losungen\/geschaeftskunden\/spa\/\" \/>\n<meta property=\"og:site_name\" content=\"Abioniv - Biotechnolgy Solutions\" \/>\n<meta property=\"article:publisher\" content=\"https:\/\/www.facebook.com\/myabioniv\/\" \/>\n<meta property=\"article:modified_time\" content=\"2017-02-23T05:46:27+00:00\" \/>\n<meta property=\"og:image\" content=\"http:\/\/abioniv.com\/wp-content\/uploads\/2016\/04\/ABIO_web_banner_SPA.jpg\" \/>\n<meta name=\"twitter:card\" content=\"summary_large_image\" \/>\n<meta name=\"twitter:site\" content=\"@abioniv\" \/>\n<meta name=\"twitter:label1\" content=\"Gesch\u00e4tzte Lesezeit\" \/>\n\t<meta name=\"twitter:data1\" content=\"4\u00a0Minuten\" \/>\n<script type=\"application\/ld+json\" class=\"yoast-schema-graph\">{\"@context\":\"https:\/\/schema.org\",\"@graph\":[{\"@type\":\"WebPage\",\"@id\":\"https:\/\/abioniv.com\/de\/losungen\/geschaeftskunden\/spa\/\",\"url\":\"https:\/\/abioniv.com\/de\/losungen\/geschaeftskunden\/spa\/\",\"name\":\"SPA - Abioniv - Biotechnolgy Solutions\",\"isPartOf\":{\"@id\":\"https:\/\/abioniv.com\/#website\"},\"primaryImageOfPage\":{\"@id\":\"https:\/\/abioniv.com\/de\/losungen\/geschaeftskunden\/spa\/#primaryimage\"},\"image\":{\"@id\":\"https:\/\/abioniv.com\/de\/losungen\/geschaeftskunden\/spa\/#primaryimage\"},\"thumbnailUrl\":\"http:\/\/abioniv.com\/wp-content\/uploads\/2016\/04\/ABIO_web_banner_SPA.jpg\",\"datePublished\":\"2016-04-22T15:25:57+00:00\",\"dateModified\":\"2017-02-23T05:46:27+00:00\",\"breadcrumb\":{\"@id\":\"https:\/\/abioniv.com\/de\/losungen\/geschaeftskunden\/spa\/#breadcrumb\"},\"inLanguage\":\"de\",\"potentialAction\":[{\"@type\":\"ReadAction\",\"target\":[\"https:\/\/abioniv.com\/de\/losungen\/geschaeftskunden\/spa\/\"]}]},{\"@type\":\"ImageObject\",\"inLanguage\":\"de\",\"@id\":\"https:\/\/abioniv.com\/de\/losungen\/geschaeftskunden\/spa\/#primaryimage\",\"url\":\"http:\/\/abioniv.com\/wp-content\/uploads\/2016\/04\/ABIO_web_banner_SPA.jpg\",\"contentUrl\":\"http:\/\/abioniv.com\/wp-content\/uploads\/2016\/04\/ABIO_web_banner_SPA.jpg\"},{\"@type\":\"BreadcrumbList\",\"@id\":\"https:\/\/abioniv.com\/de\/losungen\/geschaeftskunden\/spa\/#breadcrumb\",\"itemListElement\":[{\"@type\":\"ListItem\",\"position\":1,\"name\":\"Home\",\"item\":\"https:\/\/abioniv.com\/de\/\"},{\"@type\":\"ListItem\",\"position\":2,\"name\":\"L\u00f6sungen\",\"item\":\"https:\/\/abioniv.com\/de\/losungen\/\"},{\"@type\":\"ListItem\",\"position\":3,\"name\":\"Gesch\u00e4ftskunden\",\"item\":\"https:\/\/abioniv.com\/de\/losungen\/geschaeftskunden\/\"},{\"@type\":\"ListItem\",\"position\":4,\"name\":\"SPA\"}]},{\"@type\":\"WebSite\",\"@id\":\"https:\/\/abioniv.com\/#website\",\"url\":\"https:\/\/abioniv.com\/\",\"name\":\"Abioniv - The Reference in Prevention\",\"description\":\"Biotechnolgy Solutions\",\"publisher\":{\"@id\":\"https:\/\/abioniv.com\/#organization\"},\"potentialAction\":[{\"@type\":\"SearchAction\",\"target\":{\"@type\":\"EntryPoint\",\"urlTemplate\":\"https:\/\/abioniv.com\/?s={search_term_string}\"},\"query-input\":{\"@type\":\"PropertyValueSpecification\",\"valueRequired\":true,\"valueName\":\"search_term_string\"}}],\"inLanguage\":\"de\"},{\"@type\":\"Organization\",\"@id\":\"https:\/\/abioniv.com\/#organization\",\"name\":\"abioniv\",\"url\":\"https:\/\/abioniv.com\/\",\"logo\":{\"@type\":\"ImageObject\",\"inLanguage\":\"de\",\"@id\":\"https:\/\/abioniv.com\/#\/schema\/logo\/image\/\",\"url\":\"https:\/\/abioniv.com\/wp-content\/uploads\/2019\/03\/ABIO_logo_P7546-e1628608523617.jpg\",\"contentUrl\":\"https:\/\/abioniv.com\/wp-content\/uploads\/2019\/03\/ABIO_logo_P7546-e1628608523617.jpg\",\"width\":179,\"height\":72,\"caption\":\"abioniv\"},\"image\":{\"@id\":\"https:\/\/abioniv.com\/#\/schema\/logo\/image\/\"},\"sameAs\":[\"https:\/\/www.facebook.com\/myabioniv\/\",\"https:\/\/x.com\/abioniv\",\"https:\/\/www.linkedin.com\/company\/abioniv\",\"https:\/\/www.pinterest.ch\/abioniv\/\",\"https:\/\/www.youtube.com\/channel\/UCoUL2aw7cgnywbkRsI3OQBg\"]}]}<\/script>\n<!-- \/ Yoast SEO Premium plugin. -->","yoast_head_json":{"title":"SPA - Abioniv - Biotechnolgy Solutions","robots":{"index":"index","follow":"follow","max-snippet":"max-snippet:-1","max-image-preview":"max-image-preview:large","max-video-preview":"max-video-preview:-1"},"canonical":"https:\/\/abioniv.com\/de\/losungen\/geschaeftskunden\/spa\/","og_locale":"de_DE","og_type":"article","og_title":"SPA","og_url":"https:\/\/abioniv.com\/de\/losungen\/geschaeftskunden\/spa\/","og_site_name":"Abioniv - Biotechnolgy Solutions","article_publisher":"https:\/\/www.facebook.com\/myabioniv\/","article_modified_time":"2017-02-23T05:46:27+00:00","og_image":[{"url":"http:\/\/abioniv.com\/wp-content\/uploads\/2016\/04\/ABIO_web_banner_SPA.jpg","type":"","width":"","height":""}],"twitter_card":"summary_large_image","twitter_site":"@abioniv","twitter_misc":{"Gesch\u00e4tzte Lesezeit":"4\u00a0Minuten"},"schema":{"@context":"https:\/\/schema.org","@graph":[{"@type":"WebPage","@id":"https:\/\/abioniv.com\/de\/losungen\/geschaeftskunden\/spa\/","url":"https:\/\/abioniv.com\/de\/losungen\/geschaeftskunden\/spa\/","name":"SPA - Abioniv - Biotechnolgy Solutions","isPartOf":{"@id":"https:\/\/abioniv.com\/#website"},"primaryImageOfPage":{"@id":"https:\/\/abioniv.com\/de\/losungen\/geschaeftskunden\/spa\/#primaryimage"},"image":{"@id":"https:\/\/abioniv.com\/de\/losungen\/geschaeftskunden\/spa\/#primaryimage"},"thumbnailUrl":"http:\/\/abioniv.com\/wp-content\/uploads\/2016\/04\/ABIO_web_banner_SPA.jpg","datePublished":"2016-04-22T15:25:57+00:00","dateModified":"2017-02-23T05:46:27+00:00","breadcrumb":{"@id":"https:\/\/abioniv.com\/de\/losungen\/geschaeftskunden\/spa\/#breadcrumb"},"inLanguage":"de","potentialAction":[{"@type":"ReadAction","target":["https:\/\/abioniv.com\/de\/losungen\/geschaeftskunden\/spa\/"]}]},{"@type":"ImageObject","inLanguage":"de","@id":"https:\/\/abioniv.com\/de\/losungen\/geschaeftskunden\/spa\/#primaryimage","url":"http:\/\/abioniv.com\/wp-content\/uploads\/2016\/04\/ABIO_web_banner_SPA.jpg","contentUrl":"http:\/\/abioniv.com\/wp-content\/uploads\/2016\/04\/ABIO_web_banner_SPA.jpg"},{"@type":"BreadcrumbList","@id":"https:\/\/abioniv.com\/de\/losungen\/geschaeftskunden\/spa\/#breadcrumb","itemListElement":[{"@type":"ListItem","position":1,"name":"Home","item":"https:\/\/abioniv.com\/de\/"},{"@type":"ListItem","position":2,"name":"L\u00f6sungen","item":"https:\/\/abioniv.com\/de\/losungen\/"},{"@type":"ListItem","position":3,"name":"Gesch\u00e4ftskunden","item":"https:\/\/abioniv.com\/de\/losungen\/geschaeftskunden\/"},{"@type":"ListItem","position":4,"name":"SPA"}]},{"@type":"WebSite","@id":"https:\/\/abioniv.com\/#website","url":"https:\/\/abioniv.com\/","name":"Abioniv - The Reference in Prevention","description":"Biotechnolgy Solutions","publisher":{"@id":"https:\/\/abioniv.com\/#organization"},"potentialAction":[{"@type":"SearchAction","target":{"@type":"EntryPoint","urlTemplate":"https:\/\/abioniv.com\/?s={search_term_string}"},"query-input":{"@type":"PropertyValueSpecification","valueRequired":true,"valueName":"search_term_string"}}],"inLanguage":"de"},{"@type":"Organization","@id":"https:\/\/abioniv.com\/#organization","name":"abioniv","url":"https:\/\/abioniv.com\/","logo":{"@type":"ImageObject","inLanguage":"de","@id":"https:\/\/abioniv.com\/#\/schema\/logo\/image\/","url":"https:\/\/abioniv.com\/wp-content\/uploads\/2019\/03\/ABIO_logo_P7546-e1628608523617.jpg","contentUrl":"https:\/\/abioniv.com\/wp-content\/uploads\/2019\/03\/ABIO_logo_P7546-e1628608523617.jpg","width":179,"height":72,"caption":"abioniv"},"image":{"@id":"https:\/\/abioniv.com\/#\/schema\/logo\/image\/"},"sameAs":["https:\/\/www.facebook.com\/myabioniv\/","https:\/\/x.com\/abioniv","https:\/\/www.linkedin.com\/company\/abioniv","https:\/\/www.pinterest.ch\/abioniv\/","https:\/\/www.youtube.com\/channel\/UCoUL2aw7cgnywbkRsI3OQBg"]}]}},"_links":{"self":[{"href":"https:\/\/abioniv.com\/de\/wp-json\/wp\/v2\/pages\/11825"}],"collection":[{"href":"https:\/\/abioniv.com\/de\/wp-json\/wp\/v2\/pages"}],"about":[{"href":"https:\/\/abioniv.com\/de\/wp-json\/wp\/v2\/types\/page"}],"author":[{"embeddable":true,"href":"https:\/\/abioniv.com\/de\/wp-json\/wp\/v2\/users\/1"}],"replies":[{"embeddable":true,"href":"https:\/\/abioniv.com\/de\/wp-json\/wp\/v2\/comments?post=11825"}],"version-history":[{"count":13,"href":"https:\/\/abioniv.com\/de\/wp-json\/wp\/v2\/pages\/11825\/revisions"}],"predecessor-version":[{"id":13487,"href":"https:\/\/abioniv.com\/de\/wp-json\/wp\/v2\/pages\/11825\/revisions\/13487"}],"up":[{"embeddable":true,"href":"https:\/\/abioniv.com\/de\/wp-json\/wp\/v2\/pages\/12469"}],"wp:attachment":[{"href":"https:\/\/abioniv.com\/de\/wp-json\/wp\/v2\/media?parent=11825"}],"curies":[{"name":"wp","href":"https:\/\/api.w.org\/{rel}","templated":true}]}}