{"id":11823,"date":"2016-04-22T15:25:37","date_gmt":"2016-04-22T15:25:37","guid":{"rendered":"http:\/\/abioniv.com\/?page_id=11823"},"modified":"2017-03-29T15:18:31","modified_gmt":"2017-03-29T15:18:31","slug":"nagel-studio","status":"publish","type":"page","link":"https:\/\/abioniv.com\/de\/losungen\/geschaeftskunden\/nagel-studio\/","title":{"rendered":"Nagel Studio"},"content":{"rendered":"<p><div class=\"fusion-fullwidth fullwidth-box fusion-builder-row-1 nonhundred-percent-fullwidth non-hundred-percent-height-scrolling\" style=\"--awb-background-position:left top;--awb-border-radius-top-left:0px;--awb-border-radius-top-right:0px;--awb-border-radius-bottom-right:0px;--awb-border-radius-bottom-left:0px;--awb-padding-top:0px;--awb-padding-bottom:20px;--awb-border-sizes-top:0px;--awb-border-sizes-bottom:0px;--awb-flex-wrap:wrap;\" ><div class=\"fusion-builder-row fusion-row\"><div class=\"fusion-layout-column fusion_builder_column fusion-builder-column-0 fusion_builder_column_1_1 1_1 fusion-one-full fusion-column-first fusion-column-last fusion-column-no-min-height\" style=\"--awb-bg-size:cover;--awb-margin-bottom:0px;\"><div class=\"fusion-column-wrapper fusion-flex-column-wrapper-legacy\"><div class=\"fusion-image-element in-legacy-container\" style=\"--awb-caption-title-font-family:var(--h2_typography-font-family);--awb-caption-title-font-weight:var(--h2_typography-font-weight);--awb-caption-title-font-style:var(--h2_typography-font-style);--awb-caption-title-size:var(--h2_typography-font-size);--awb-caption-title-transform:var(--h2_typography-text-transform);--awb-caption-title-line-height:var(--h2_typography-line-height);--awb-caption-title-letter-spacing:var(--h2_typography-letter-spacing);\"><span class=\" fusion-imageframe imageframe-none imageframe-1 hover-type-none\"><img decoding=\"async\" src=\"http:\/\/abioniv.com\/wp-content\/uploads\/2016\/04\/ABIO_web_banner_nail-salon.jpg\" alt class=\"img-responsive\"\/><\/span><\/div><div class=\"fusion-text fusion-text-1\"><h2>Umgebung<\/h2>\n<p>Nagelstudios und Pedik\u00fcre-Salons sind Umgebungen, in denen sich Hautschuppen und Nagelstaub sehr leicht verbreiten. Dieser so gut wie unsichtbare Staub enth\u00e4lt h\u00e4ufig Dermatophyten-Sporen und Kunden k\u00f6nnen somit der Gefahr ausgeliefert sein, sich anzustecken. Dermatophyten sind die Sporen, die den sog. \u201eAthletenfu\u00df\u201c oder auch eine Onychomykose (eine Form des Nagelpilzes) verursachen.<br \/>\nEine solche Infektion geschieht umso leichter, wenn die Hautoberfl\u00e4che durch chemische Mittel instabil und somit anf\u00e4llig geworden ist. Letztendlich auch durch das Schneiden, Feilen und Formen von N\u00e4geln.<\/p>\n<p>Die Applikatoren f\u00fcr die Grundlage bei der Manik\u00fcre oder Pedik\u00fcre oder das Gel f\u00fcr die sogenannten \u201eGeln\u00e4gel\u201c oder jedes beliebige Instrument, das man nicht sterilisieren kann, k\u00f6nnen potentiell von Pilzen verseucht sein und werden somit zu einer Quelle von weiteren Ansteckungsgefahren.<\/p>\n<h2>Folgen<\/h2>\n<p>Nagelpilz kann sowohl die Fu\u00dfn\u00e4gel, als auch die N\u00e4gel an den H\u00e4nden oder sogar beide befallen. Nagelpilz an den F\u00fc\u00dfen, Fu\u00dfnagelpilz genannt, kann auch andere N\u00e4gel anstecken und sich auf diese Weise verbreiten, sogar Gegenst\u00e4nde k\u00f6nnen infiziert werden.<br \/>\nIn einem Nagelstudio kann somit eine ganze Epidemie ihren Anfang nehmen!<\/p>\n<p>Onachomykose l\u00e4sst sich nur sehr schwer behandeln und f\u00fcr viele betroffene Menschen ist sie eine sehr peinliche Erkrankung!<\/p>\n<h2>Unser Tip f\u00fcr Kunden<\/h2>\n<p>Nehmen Sie Ihre eigenen Bed\u00fcrfnisse ernst und verlassen Sie sich nicht automatisch auf andere. Erkundigen Sie sich bei Ihrer Pedik\u00fcristin oder in Ihrem Nagelstudio \u00fcber die Desinfektionsmittel, die dort verwendet werden.<br \/>\nFalls AVI dort benutzt wird, tauchen Sie Ihre Zehen oder Finger f\u00fcr etwa 15 Sekunden vor und nach der Behandlung in das Mittel. Nun k\u00f6nnen Sie beruhigt sein!<\/p>\n<h2>Unser Tip f\u00fcr das Personal<\/h2>\n<p>Benutzen Sie in Ihrem Studio oder Ihrer Praxis die bestm\u00f6glichen Mittel: AVI wirkt gegen Dermatophyten, NOSO desinfiziert nachweislich Oberfl\u00e4chen.<br \/>\nDie Furcht sich anzustecken kann eine ernstzunehmende psychologische Barriere darstellen, bevor man ein Nagelstudio aufsucht.<br \/>\nBenutzen Sie AVI und NOSO, um Ihr Studio frei von Dermatophyten zu halten und Ihre Kunden keinem unn\u00f6tigen Infektionsrisiko auszusetzen \u2013 und somit auch unn\u00f6tigen Sorgen. Ihre Kunden werden es zu sch\u00e4tzen wissen!<\/p>\n<h2>Wie funktioniert es?<\/h2>\n<p>AVI wurde speziell daf\u00fcr entwickelt, innerhalb von Sekunden gegen Dermatophyten zu wirken. Die Fu\u00df- oder Fingerspitzen werden einfach f\u00fcr 15 Sekunden in das Mittel gehalten \u2013 das war\u2019s schon!<br \/>\nNOSO l\u00e4sst sich ganz einfach auf dem Fu\u00dfboden verteilen (hier finden wir das gr\u00f6\u00dfte Risiko f\u00fcr eine Infektion durch den hier vorhandenen Nagelstaub) oder auch auf Tischen. Dieses Mittel wirkt gegen bereits sehr<br \/>\nresistente Mikroorganismen innerhalb von 30 Sekunden.<br \/>\nTACIT ist ein Desinfektionsmittel f\u00fcr H\u00e4nde mit einer Gelstruktur \u2013 es erg\u00e4nzt AVI ganz hervorragend.<\/p>\n<\/div><div class=\"fusion-clearfix\"><\/div><\/div><\/div><\/div><\/div><div class=\"fusion-fullwidth fullwidth-box fusion-builder-row-2 hundred-percent-fullwidth non-hundred-percent-height-scrolling\" style=\"--awb-border-radius-top-left:0px;--awb-border-radius-top-right:0px;--awb-border-radius-bottom-right:0px;--awb-border-radius-bottom-left:0px;--awb-overflow:visible;--awb-flex-wrap:wrap;\" ><div class=\"fusion-builder-row fusion-row\"><div class=\"fusion-layout-column fusion_builder_column fusion-builder-column-1 fusion_builder_column_1_1 1_1 fusion-one-full fusion-column-first fusion-column-last fusion-column-no-min-height\" style=\"--awb-bg-size:cover;--awb-margin-bottom:0px;\"><div class=\"fusion-column-wrapper fusion-flex-column-wrapper-legacy\"><div class=\"fusion-button-wrapper\"><a class=\"fusion-button button-flat button-xlarge button-red fusion-button-red button-1 fusion-button-default-span fusion-button-default-type\" target=\"_self\" href=\"https:\/\/abioniv.com\/shop\/\"><i class=\" fa fa-shopping-cart button-icon-left\" aria-hidden=\"true\"><\/i><span class=\"fusion-button-text\">Shop now<\/span><\/a><\/div><div class=\"fusion-clearfix\"><\/div><\/div><\/div><\/div><\/div><\/p>\n","protected":false},"excerpt":{"rendered":"","protected":false},"author":1,"featured_media":0,"parent":12469,"menu_order":5,"comment_status":"closed","ping_status":"closed","template":"side-navigation.php","meta":{"_mi_skip_tracking":false,"footnotes":""},"yoast_head":"<!-- This site is optimized with the Yoast SEO Premium plugin v18.8 (Yoast SEO v24.1) - https:\/\/yoast.com\/wordpress\/plugins\/seo\/ -->\n<title>Nagel Studio - Abioniv - Biotechnolgy Solutions<\/title>\n<meta name=\"robots\" content=\"index, follow, max-snippet:-1, max-image-preview:large, max-video-preview:-1\" \/>\n<link rel=\"canonical\" href=\"https:\/\/abioniv.com\/de\/losungen\/geschaeftskunden\/nagel-studio\/\" \/>\n<meta property=\"og:locale\" content=\"de_DE\" \/>\n<meta property=\"og:type\" content=\"article\" \/>\n<meta property=\"og:title\" content=\"Nagel Studio\" \/>\n<meta property=\"og:url\" content=\"https:\/\/abioniv.com\/de\/losungen\/geschaeftskunden\/nagel-studio\/\" \/>\n<meta property=\"og:site_name\" content=\"Abioniv - Biotechnolgy Solutions\" \/>\n<meta property=\"article:publisher\" content=\"https:\/\/www.facebook.com\/myabioniv\/\" \/>\n<meta property=\"article:modified_time\" content=\"2017-03-29T15:18:31+00:00\" \/>\n<meta property=\"og:image\" content=\"http:\/\/abioniv.com\/wp-content\/uploads\/2016\/04\/ABIO_web_banner_nail-salon.jpg\" \/>\n<meta name=\"twitter:card\" content=\"summary_large_image\" \/>\n<meta name=\"twitter:site\" content=\"@abioniv\" \/>\n<meta name=\"twitter:label1\" content=\"Gesch\u00e4tzte Lesezeit\" \/>\n\t<meta name=\"twitter:data1\" content=\"4\u00a0Minuten\" \/>\n<script type=\"application\/ld+json\" class=\"yoast-schema-graph\">{\"@context\":\"https:\/\/schema.org\",\"@graph\":[{\"@type\":\"WebPage\",\"@id\":\"https:\/\/abioniv.com\/de\/losungen\/geschaeftskunden\/nagel-studio\/\",\"url\":\"https:\/\/abioniv.com\/de\/losungen\/geschaeftskunden\/nagel-studio\/\",\"name\":\"Nagel Studio - Abioniv - Biotechnolgy Solutions\",\"isPartOf\":{\"@id\":\"https:\/\/abioniv.com\/#website\"},\"primaryImageOfPage\":{\"@id\":\"https:\/\/abioniv.com\/de\/losungen\/geschaeftskunden\/nagel-studio\/#primaryimage\"},\"image\":{\"@id\":\"https:\/\/abioniv.com\/de\/losungen\/geschaeftskunden\/nagel-studio\/#primaryimage\"},\"thumbnailUrl\":\"http:\/\/abioniv.com\/wp-content\/uploads\/2016\/04\/ABIO_web_banner_nail-salon.jpg\",\"datePublished\":\"2016-04-22T15:25:37+00:00\",\"dateModified\":\"2017-03-29T15:18:31+00:00\",\"breadcrumb\":{\"@id\":\"https:\/\/abioniv.com\/de\/losungen\/geschaeftskunden\/nagel-studio\/#breadcrumb\"},\"inLanguage\":\"de\",\"potentialAction\":[{\"@type\":\"ReadAction\",\"target\":[\"https:\/\/abioniv.com\/de\/losungen\/geschaeftskunden\/nagel-studio\/\"]}]},{\"@type\":\"ImageObject\",\"inLanguage\":\"de\",\"@id\":\"https:\/\/abioniv.com\/de\/losungen\/geschaeftskunden\/nagel-studio\/#primaryimage\",\"url\":\"http:\/\/abioniv.com\/wp-content\/uploads\/2016\/04\/ABIO_web_banner_nail-salon.jpg\",\"contentUrl\":\"http:\/\/abioniv.com\/wp-content\/uploads\/2016\/04\/ABIO_web_banner_nail-salon.jpg\"},{\"@type\":\"BreadcrumbList\",\"@id\":\"https:\/\/abioniv.com\/de\/losungen\/geschaeftskunden\/nagel-studio\/#breadcrumb\",\"itemListElement\":[{\"@type\":\"ListItem\",\"position\":1,\"name\":\"Home\",\"item\":\"https:\/\/abioniv.com\/de\/\"},{\"@type\":\"ListItem\",\"position\":2,\"name\":\"L\u00f6sungen\",\"item\":\"https:\/\/abioniv.com\/de\/losungen\/\"},{\"@type\":\"ListItem\",\"position\":3,\"name\":\"Gesch\u00e4ftskunden\",\"item\":\"https:\/\/abioniv.com\/de\/losungen\/geschaeftskunden\/\"},{\"@type\":\"ListItem\",\"position\":4,\"name\":\"Nagel Studio\"}]},{\"@type\":\"WebSite\",\"@id\":\"https:\/\/abioniv.com\/#website\",\"url\":\"https:\/\/abioniv.com\/\",\"name\":\"Abioniv - The Reference in Prevention\",\"description\":\"Biotechnolgy Solutions\",\"publisher\":{\"@id\":\"https:\/\/abioniv.com\/#organization\"},\"potentialAction\":[{\"@type\":\"SearchAction\",\"target\":{\"@type\":\"EntryPoint\",\"urlTemplate\":\"https:\/\/abioniv.com\/?s={search_term_string}\"},\"query-input\":{\"@type\":\"PropertyValueSpecification\",\"valueRequired\":true,\"valueName\":\"search_term_string\"}}],\"inLanguage\":\"de\"},{\"@type\":\"Organization\",\"@id\":\"https:\/\/abioniv.com\/#organization\",\"name\":\"abioniv\",\"url\":\"https:\/\/abioniv.com\/\",\"logo\":{\"@type\":\"ImageObject\",\"inLanguage\":\"de\",\"@id\":\"https:\/\/abioniv.com\/#\/schema\/logo\/image\/\",\"url\":\"https:\/\/abioniv.com\/wp-content\/uploads\/2019\/03\/ABIO_logo_P7546-e1628608523617.jpg\",\"contentUrl\":\"https:\/\/abioniv.com\/wp-content\/uploads\/2019\/03\/ABIO_logo_P7546-e1628608523617.jpg\",\"width\":179,\"height\":72,\"caption\":\"abioniv\"},\"image\":{\"@id\":\"https:\/\/abioniv.com\/#\/schema\/logo\/image\/\"},\"sameAs\":[\"https:\/\/www.facebook.com\/myabioniv\/\",\"https:\/\/x.com\/abioniv\",\"https:\/\/www.linkedin.com\/company\/abioniv\",\"https:\/\/www.pinterest.ch\/abioniv\/\",\"https:\/\/www.youtube.com\/channel\/UCoUL2aw7cgnywbkRsI3OQBg\"]}]}<\/script>\n<!-- \/ Yoast SEO Premium plugin. -->","yoast_head_json":{"title":"Nagel Studio - Abioniv - Biotechnolgy Solutions","robots":{"index":"index","follow":"follow","max-snippet":"max-snippet:-1","max-image-preview":"max-image-preview:large","max-video-preview":"max-video-preview:-1"},"canonical":"https:\/\/abioniv.com\/de\/losungen\/geschaeftskunden\/nagel-studio\/","og_locale":"de_DE","og_type":"article","og_title":"Nagel Studio","og_url":"https:\/\/abioniv.com\/de\/losungen\/geschaeftskunden\/nagel-studio\/","og_site_name":"Abioniv - Biotechnolgy Solutions","article_publisher":"https:\/\/www.facebook.com\/myabioniv\/","article_modified_time":"2017-03-29T15:18:31+00:00","og_image":[{"url":"http:\/\/abioniv.com\/wp-content\/uploads\/2016\/04\/ABIO_web_banner_nail-salon.jpg","type":"","width":"","height":""}],"twitter_card":"summary_large_image","twitter_site":"@abioniv","twitter_misc":{"Gesch\u00e4tzte Lesezeit":"4\u00a0Minuten"},"schema":{"@context":"https:\/\/schema.org","@graph":[{"@type":"WebPage","@id":"https:\/\/abioniv.com\/de\/losungen\/geschaeftskunden\/nagel-studio\/","url":"https:\/\/abioniv.com\/de\/losungen\/geschaeftskunden\/nagel-studio\/","name":"Nagel Studio - Abioniv - Biotechnolgy Solutions","isPartOf":{"@id":"https:\/\/abioniv.com\/#website"},"primaryImageOfPage":{"@id":"https:\/\/abioniv.com\/de\/losungen\/geschaeftskunden\/nagel-studio\/#primaryimage"},"image":{"@id":"https:\/\/abioniv.com\/de\/losungen\/geschaeftskunden\/nagel-studio\/#primaryimage"},"thumbnailUrl":"http:\/\/abioniv.com\/wp-content\/uploads\/2016\/04\/ABIO_web_banner_nail-salon.jpg","datePublished":"2016-04-22T15:25:37+00:00","dateModified":"2017-03-29T15:18:31+00:00","breadcrumb":{"@id":"https:\/\/abioniv.com\/de\/losungen\/geschaeftskunden\/nagel-studio\/#breadcrumb"},"inLanguage":"de","potentialAction":[{"@type":"ReadAction","target":["https:\/\/abioniv.com\/de\/losungen\/geschaeftskunden\/nagel-studio\/"]}]},{"@type":"ImageObject","inLanguage":"de","@id":"https:\/\/abioniv.com\/de\/losungen\/geschaeftskunden\/nagel-studio\/#primaryimage","url":"http:\/\/abioniv.com\/wp-content\/uploads\/2016\/04\/ABIO_web_banner_nail-salon.jpg","contentUrl":"http:\/\/abioniv.com\/wp-content\/uploads\/2016\/04\/ABIO_web_banner_nail-salon.jpg"},{"@type":"BreadcrumbList","@id":"https:\/\/abioniv.com\/de\/losungen\/geschaeftskunden\/nagel-studio\/#breadcrumb","itemListElement":[{"@type":"ListItem","position":1,"name":"Home","item":"https:\/\/abioniv.com\/de\/"},{"@type":"ListItem","position":2,"name":"L\u00f6sungen","item":"https:\/\/abioniv.com\/de\/losungen\/"},{"@type":"ListItem","position":3,"name":"Gesch\u00e4ftskunden","item":"https:\/\/abioniv.com\/de\/losungen\/geschaeftskunden\/"},{"@type":"ListItem","position":4,"name":"Nagel Studio"}]},{"@type":"WebSite","@id":"https:\/\/abioniv.com\/#website","url":"https:\/\/abioniv.com\/","name":"Abioniv - The Reference in Prevention","description":"Biotechnolgy Solutions","publisher":{"@id":"https:\/\/abioniv.com\/#organization"},"potentialAction":[{"@type":"SearchAction","target":{"@type":"EntryPoint","urlTemplate":"https:\/\/abioniv.com\/?s={search_term_string}"},"query-input":{"@type":"PropertyValueSpecification","valueRequired":true,"valueName":"search_term_string"}}],"inLanguage":"de"},{"@type":"Organization","@id":"https:\/\/abioniv.com\/#organization","name":"abioniv","url":"https:\/\/abioniv.com\/","logo":{"@type":"ImageObject","inLanguage":"de","@id":"https:\/\/abioniv.com\/#\/schema\/logo\/image\/","url":"https:\/\/abioniv.com\/wp-content\/uploads\/2019\/03\/ABIO_logo_P7546-e1628608523617.jpg","contentUrl":"https:\/\/abioniv.com\/wp-content\/uploads\/2019\/03\/ABIO_logo_P7546-e1628608523617.jpg","width":179,"height":72,"caption":"abioniv"},"image":{"@id":"https:\/\/abioniv.com\/#\/schema\/logo\/image\/"},"sameAs":["https:\/\/www.facebook.com\/myabioniv\/","https:\/\/x.com\/abioniv","https:\/\/www.linkedin.com\/company\/abioniv","https:\/\/www.pinterest.ch\/abioniv\/","https:\/\/www.youtube.com\/channel\/UCoUL2aw7cgnywbkRsI3OQBg"]}]}},"_links":{"self":[{"href":"https:\/\/abioniv.com\/de\/wp-json\/wp\/v2\/pages\/11823"}],"collection":[{"href":"https:\/\/abioniv.com\/de\/wp-json\/wp\/v2\/pages"}],"about":[{"href":"https:\/\/abioniv.com\/de\/wp-json\/wp\/v2\/types\/page"}],"author":[{"embeddable":true,"href":"https:\/\/abioniv.com\/de\/wp-json\/wp\/v2\/users\/1"}],"replies":[{"embeddable":true,"href":"https:\/\/abioniv.com\/de\/wp-json\/wp\/v2\/comments?post=11823"}],"version-history":[{"count":17,"href":"https:\/\/abioniv.com\/de\/wp-json\/wp\/v2\/pages\/11823\/revisions"}],"predecessor-version":[{"id":13526,"href":"https:\/\/abioniv.com\/de\/wp-json\/wp\/v2\/pages\/11823\/revisions\/13526"}],"up":[{"embeddable":true,"href":"https:\/\/abioniv.com\/de\/wp-json\/wp\/v2\/pages\/12469"}],"wp:attachment":[{"href":"https:\/\/abioniv.com\/de\/wp-json\/wp\/v2\/media?parent=11823"}],"curies":[{"name":"wp","href":"https:\/\/api.w.org\/{rel}","templated":true}]}}