{"id":11819,"date":"2016-04-22T15:24:38","date_gmt":"2016-04-22T15:24:38","guid":{"rendered":"http:\/\/abioniv.com\/?page_id=11819"},"modified":"2019-10-23T13:45:43","modified_gmt":"2019-10-23T13:45:43","slug":"noso-flaechen-desinfektion","status":"publish","type":"page","link":"https:\/\/abioniv.com\/de\/noso-flaechen-desinfektion\/","title":{"rendered":"NOSO &#8211; Fl\u00e4chen Desinfektion"},"content":{"rendered":"<div class=\"fusion-fullwidth fullwidth-box fusion-builder-row-1 nonhundred-percent-fullwidth non-hundred-percent-height-scrolling\" style=\"--awb-background-position:left top;--awb-border-radius-top-left:0px;--awb-border-radius-top-right:0px;--awb-border-radius-bottom-right:0px;--awb-border-radius-bottom-left:0px;--awb-padding-top:0px;--awb-padding-bottom:20px;--awb-border-sizes-top:0px;--awb-border-sizes-bottom:0px;--awb-flex-wrap:wrap;\" ><div class=\"fusion-builder-row fusion-row\"><div class=\"fusion-layout-column fusion_builder_column fusion-builder-column-0 fusion_builder_column_1_3 1_3 fusion-one-third fusion-column-first\" style=\"--awb-bg-size:cover;width:30.6666%; margin-right: 4%;\"><div class=\"fusion-column-wrapper fusion-flex-column-wrapper-legacy\"><div class=\"fusion-slider-sc fusion-flexslider-loading flexslider flexslider-hover-type-zoomin\" data-slideshow_autoplay=\"1\" data-slideshow_smooth_height=\"0\" data-slideshow_speed=\"7000\" style=\"max-width:100%;height:100%;\"><ul class=\"slides\"><li class=\"image\"><span class=\"fusion-image-hover-element hover-type-zoomin\"><img decoding=\"async\" src=\"http:\/\/abioniv.com\/wp-content\/uploads\/2016\/07\/ABIO_packaging_NOSO_spray.jpg\" \/><\/span><\/li><li class=\"image\"><span class=\"fusion-image-hover-element hover-type-zoomin\"><img decoding=\"async\" src=\"http:\/\/abioniv.com\/wp-content\/uploads\/2016\/07\/ABIO_packaging_NOSO_1l.jpg\" \/><\/span><\/li><li class=\"image\"><span class=\"fusion-image-hover-element hover-type-zoomin\"><img decoding=\"async\" src=\"http:\/\/abioniv.com\/wp-content\/uploads\/2016\/07\/ABIO_packaging_NOSO_10l.jpg\" \/><\/span><\/li><\/ul><\/div><div class=\"fusion-sharing-box fusion-sharing-box-1 has-taglines layout-floated layout-medium-floated layout-small-floated\" style=\"background-color:#f9f9fb;--awb-layout:row;--awb-alignment-small:space-between;\" data-title=\"F.A.S.T. - Hands disinfection product - Abioniv\" data-description=\"F.A.S.T. - Hands disinfection product - Abioniv\" data-link=\"#\" data-image=\"http:\/\/abioniv.com\/wp-content\/uploads\/2016\/04\/Image3.png\"><div class=\"fusion-social-networks sharingbox-shortcode-icon-wrapper sharingbox-shortcode-icon-wrapper-1\"><span><a href=\"https:\/\/www.facebook.com\/sharer.php?u=%23&amp;t=F.A.S.T.%20-%20Hands%20disinfection%20product%20-%20Abioniv\" target=\"_blank\" rel=\"noreferrer\" title=\"Facebook\" aria-label=\"Facebook\" data-placement=\"top\" data-toggle=\"tooltip\" data-title=\"Facebook\"><i class=\"fusion-social-network-icon fusion-tooltip fusion-facebook awb-icon-facebook\" style=\"color:#9ea0a4;\" aria-hidden=\"true\"><\/i><\/a><\/span><span><a href=\"https:\/\/twitter.com\/share?text=F.A.S.T.%20-%20Hands%20disinfection%20product%20-%20Abioniv&amp;url=%23\" target=\"_blank\" rel=\"noopener noreferrer\" title=\"X\" aria-label=\"X\" data-placement=\"top\" data-toggle=\"tooltip\" data-title=\"X\"><i class=\"fusion-social-network-icon fusion-tooltip fusion-twitter awb-icon-twitter\" style=\"color:#9ea0a4;\" aria-hidden=\"true\"><\/i><\/a><\/span><span><a href=\"https:\/\/reddit.com\/submit?url=%23&amp;title=F.A.S.T.%20-%20Hands%20disinfection%20product%20-%20Abioniv\" target=\"_blank\" rel=\"noopener noreferrer\" title=\"Reddit\" aria-label=\"Reddit\" data-placement=\"top\" data-toggle=\"tooltip\" data-title=\"Reddit\"><i class=\"fusion-social-network-icon fusion-tooltip fusion-reddit awb-icon-reddit\" style=\"color:#9ea0a4;\" aria-hidden=\"true\"><\/i><\/a><\/span><span><a href=\"https:\/\/www.linkedin.com\/shareArticle?mini=true&amp;url=%23&amp;title=F.A.S.T.%20-%20Hands%20disinfection%20product%20-%20Abioniv&amp;summary=F.A.S.T.%20-%20Hands%20disinfection%20product%20-%20Abioniv\" target=\"_blank\" rel=\"noopener noreferrer\" title=\"LinkedIn\" aria-label=\"LinkedIn\" data-placement=\"top\" data-toggle=\"tooltip\" data-title=\"LinkedIn\"><i class=\"fusion-social-network-icon fusion-tooltip fusion-linkedin awb-icon-linkedin\" style=\"color:#9ea0a4;\" aria-hidden=\"true\"><\/i><\/a><\/span><span><a href=\"https:\/\/api.whatsapp.com\/send?text=%23\" target=\"_blank\" rel=\"noopener noreferrer\" title=\"WhatsApp\" aria-label=\"WhatsApp\" data-placement=\"top\" data-toggle=\"tooltip\" data-title=\"WhatsApp\"><i class=\"fusion-social-network-icon fusion-tooltip fusion-whatsapp awb-icon-whatsapp\" style=\"color:#9ea0a4;\" aria-hidden=\"true\"><\/i><\/a><\/span><span><a href=\"https:\/\/www.tumblr.com\/share\/link?url=%23&amp;name=F.A.S.T.%20-%20Hands%20disinfection%20product%20-%20Abioniv&amp;description=F.A.S.T.%20-%20Hands%20disinfection%20product%20-%20Abioniv\" target=\"_blank\" rel=\"noopener noreferrer\" title=\"Tumblr\" aria-label=\"Tumblr\" data-placement=\"top\" data-toggle=\"tooltip\" data-title=\"Tumblr\"><i class=\"fusion-social-network-icon fusion-tooltip fusion-tumblr awb-icon-tumblr\" style=\"color:#9ea0a4;\" aria-hidden=\"true\"><\/i><\/a><\/span><span><a href=\"https:\/\/pinterest.com\/pin\/create\/button\/?url=%23&amp;description=F.A.S.T.%20-%20Hands%20disinfection%20product%20-%20Abioniv&amp;media=http%3A%2F%2Fabioniv.com%2Fwp-content%2Fuploads%2F2016%2F04%2FImage3.png\" target=\"_blank\" rel=\"noopener noreferrer\" title=\"Pinterest\" aria-label=\"Pinterest\" data-placement=\"top\" data-toggle=\"tooltip\" data-title=\"Pinterest\"><i class=\"fusion-social-network-icon fusion-tooltip fusion-pinterest awb-icon-pinterest\" style=\"color:#9ea0a4;\" aria-hidden=\"true\"><\/i><\/a><\/span><span><a href=\"https:\/\/vkontakte.ru\/share.php?url=%23&amp;title=F.A.S.T.%20-%20Hands%20disinfection%20product%20-%20Abioniv&amp;description=F.A.S.T.%20-%20Hands%20disinfection%20product%20-%20Abioniv\" target=\"_blank\" rel=\"noopener noreferrer\" title=\"Vk\" aria-label=\"Vk\" data-placement=\"top\" data-toggle=\"tooltip\" data-title=\"Vk\"><i class=\"fusion-social-network-icon fusion-tooltip fusion-vk awb-icon-vk\" style=\"color:#9ea0a4;\" aria-hidden=\"true\"><\/i><\/a><\/span><span><a href=\"mailto:?subject=F.A.S.T.%20-%20Hands%20disinfection%20product%20-%20Abioniv&amp;body=%23\" target=\"_self\" title=\"E-Mail\" aria-label=\"E-Mail\" data-placement=\"top\" data-toggle=\"tooltip\" data-title=\"E-Mail\"><i class=\"fusion-social-network-icon fusion-tooltip fusion-mail awb-icon-mail\" style=\"color:#9ea0a4;\" aria-hidden=\"true\"><\/i><\/a><\/span><\/div><\/div><div class=\"fusion-aligncenter\"><a class=\"fusion-button button-flat button-large button-default fusion-button-default button-1 fusion-button-default-span fusion-button-default-type\" target=\"_self\" href=\"https:\/\/abioniv.com\/de\/produkt\/noso-flaechen-desinfektion\/\"><i class=\"fa-shopping-cart fas button-icon-left\" aria-hidden=\"true\"><\/i><span class=\"fusion-button-text\">Shop now!<\/span><\/a><\/div><div class=\"fusion-clearfix\"><\/div><\/div><\/div><div class=\"fusion-layout-column fusion_builder_column fusion-builder-column-1 fusion_builder_column_2_3 2_3 fusion-two-third fusion-column-last\" style=\"--awb-bg-size:cover;width:65.3333%;\"><div class=\"fusion-column-wrapper fusion-flex-column-wrapper-legacy\"><div class=\"fusion-text fusion-text-1\"><h1 class=\"title-heading-left\" style=\"font-weight: 400;\">NOSO<\/h1>\n<div class=\"fusion-title title sep-underline fusion-title-size-two fusion-border-below-title\">\n<h2 class=\"title-heading-left\" style=\"font-weight: 300;\" data-lineheight=\"45\">Fl\u00e4chen Desinfektion<\/h2>\n<\/div>\n<\/div><div class=\"fusion-text fusion-text-2\"><p><em>Wirkt in 30 Sekunden<\/em><\/p>\n<p>Dieses Produkt ist auf die folgende Branche zugeschnitten:<\/p>\n<ul>\n<li>Wellnessindustrie<\/li>\n<li>Praxen, Intensive Pflege, Krankenh\u00e4user<\/li>\n<\/ul>\n<p>Die Aufenthaltsbereiche und R\u00e4umlichkeiten in Wellnessanlagen sind speziell dazu konzipiert, eine Aura von Sch\u00f6nheit und Wohlbefinden auszustrahlen. Die hier angewandten Produkte tragen dazu bei, dass der Kunde diese \u00e4sthetischen Bereiche als angenehm empfindet.<br \/>\nWenn jedoch viele Menschen dieselben Gegenst\u00e4nde benutzen oder Oberfl\u00e4chen betreten, ist eine Infektionsvorsorge unabdingbar, um der Verbreitung von f\u00fcr den Kunden unangenehmen Infizierungen vorzubeugen. Herk\u00f6mmliche Desinfektionsmittel haben oft einen bedrohlichen oder einfach unangenehmen Effekt auf den Kunden. Warum benutzen Sie nicht ein Mittel, dass ansprechend wirkt? Ihren Kunden wird auf diese Weise vielmehr ein Gef\u00fchl von Sicherheit vermittelt!<\/p>\n<p>Die Firma Abioniv hat daher NOSO entwickelt &#8211; ein Hochwirksamkeits-Desinfektionsmittel. Das Mittel hat die Eigenschaft, extrem schnell und effektiv gegen die meisten bereits resistenten Bakterien (C. difficile) zu wirken und geh\u00f6rt somit zu den modernen Produkten aus dem Bereich der hocheffektiven Desinfektionsmittel. NOSO inaktiviert innerhalb von nur 30 Sekunden die Sporen der Baktierentypen C. difficile, die zu der Gruppe der stark resistenten Mikroorganismen z\u00e4hlen. \u202830 Sekunden \u2013 das ist extrem schnell! Zum Vergleich \u2013 ein herk\u00f6mmliches Bleichmittel ben\u00f6tigt 10 Minuten, um dieses Bakterium wirksam unter normalen Bedingungen zu bek\u00e4mpfen.<\/p>\n<p>Die Kunden von Wellnessbereichen erwarten das gewisse Gef\u00fchl einer Garantieleistung f\u00fcr ihre Gesundheit. Ob in SPA-Bereichen oder in einem herk\u00f6mmlichen Raum \u2013 eine nichtdesinfizierte Oberfl\u00e4che (die jedoch sauber aussieht) kann beispielsweise sehr leicht eine Pilzinfektion der Haut hervorrufen. In der K\u00fcche eines Restaurants k\u00f6nnen zum Beispiel auf einer unzureichend desinfizierten Arbeitsfl\u00e4che zubereitete Speisen zu einer lebensmittelbedingten Krankheit der Kunden f\u00fchren. Im Falle von C. difficile haben wir es mit einem hochresistenten Bakterium zu tun, gegen das inzwischen kaum ein Desinfektionsmittel wirksam greift; eine Infektion kann hier zu einer lebensbedrohlichen Entz\u00fcndung f\u00fchren. NOSO ist in seiner Wirkung einzigartig, denn es kann sogar diesen hochgef\u00e4hrlichen Mikroorganismus sehr schnell beseitigen!<\/p>\n<p>Zweikomponenten-Produkt: die Komponente 1 enth\u00e4lt den zu aktivierenden Bestandteil, die Komponente 2 aktiviert diesen.<\/p>\n<h3>Anwendungshinweis<\/h3>\n<p>Spr\u00fchen Sie das Mittel auf Arbeitsfl\u00e4chen oder Oberfl\u00e4chen, die h\u00e4ufig ber\u00fchrt werden und warten Sie 30 Sekunden. Lassen Sie die Fl\u00e4che trocknen oder reiben Sie mit einem sauberen Tuch nach. Oberfl\u00e4chen, auf denen Lebensmittel verarbeitet werden, sollten danach mit klarem Wasser abgesp\u00fclt werden.<br \/>\nF\u00fcr eine Desinfektion von Fu\u00dfb\u00f6den mischen Sie die beiden NOSO Komponenten 1 und 2 zu gleichen Teilen mit demselben Ma\u00df und wischen Sie den Fu\u00dfboden mit dieser Mischung. Warten Sie 30 Sekunden \u2013 das war\u2019s!<br \/>\nSobald die Mischung von NOSO 1 und NOSO 2 hergestellt wurde, ist das Produkt nur f\u00fcr einen halben Tag lang nutzungsbereit (nicht im Vorhinein oder auf Vorrat mischen).<\/p>\n<h3>Effektivit\u00e4tstests<\/h3>\n<p>Das Produkt wurde mit Hilfe einer wirksam getesteten Methode von einem hierf\u00fcr zugelassenen Schweizer Mikrobiologischen Labor gepr\u00fcft.<\/p>\n<h3>Haltbarkeit<\/h3>\n<p>Das Produkt hat eine Haltbarkeit von 2 Jahren.<\/p>\n<h3>Empfehlungen f\u00fcr einen sicheren Umgang<\/h3>\n<p>Das Produkt von Kundern fernhalten! Zur Vermeidung von direktem Kontakt mit der Haut wird empfohlen Handschuhe zu tragen. Das Produkt darf nicht verschluckt werden. Kann heftige Augenreizungen hervorrufen.<\/p>\n<h3>Erste Hilfe<\/h3>\n<p>Im Falle, dass das Produkt in die Augen gelangt ist: Augen sofort mehrere Minuten lang mit Wasser aussp\u00fclen. Kontaktlinsen zuvor entfernen, wenn diese sich leicht entfernen lassen. Fahren Sie fort mit dem Sp\u00fclen der Augen.<\/p>\n<h3>Aufbewahrung<\/h3>\n<p>Halten Sie die Flaschen stets verschlossen. Beh\u00e4lter nicht direkter Sonneneinstrahlung aussetzen (das nutzungsfertige Produkt kann Sonnenlicht ausgesetzt werden). An einem k\u00fchlen Ort aufbewahren. Kontakt mit Hitzequellen oder offenem Feuer vermeiden.<\/p>\n<h3>Umwelthinweis<\/h3>\n<p>Die Beh\u00e4lter bestehen aus PET und k\u00f6nnen mit \u00e4hnlichen Produkten recycelt werden:<\/p>\n<p><img decoding=\"async\" class=\"size-full wp-image-13084\" src=\"http:\/\/abioniv.com\/wp-content\/uploads\/2016\/05\/abioniv-pet-1.png\" alt=\"abioniv-pet\" width=\"30\" height=\"33\" \/><\/p>\n<h3>Zusammensetzung<\/h3>\n<p>Aktive Substanzen: Sodium Hypochlorit &lt; 1%<\/p>\n<\/div><div class=\"fusion-clearfix\"><\/div><\/div><\/div><\/div><\/div>\n","protected":false},"excerpt":{"rendered":"","protected":false},"author":1,"featured_media":0,"parent":0,"menu_order":0,"comment_status":"closed","ping_status":"closed","template":"","meta":{"_mi_skip_tracking":false,"footnotes":""},"yoast_head":"<!-- This site is optimized with the Yoast SEO Premium plugin v18.8 (Yoast SEO v24.1) - https:\/\/yoast.com\/wordpress\/plugins\/seo\/ -->\n<title>NOSO - Fl\u00e4chen Desinfektion - Abioniv - Biotechnolgy Solutions<\/title>\n<meta name=\"robots\" content=\"index, follow, max-snippet:-1, max-image-preview:large, max-video-preview:-1\" \/>\n<link rel=\"canonical\" href=\"https:\/\/abioniv.com\/de\/noso-flaechen-desinfektion\/\" \/>\n<meta property=\"og:locale\" content=\"de_DE\" \/>\n<meta property=\"og:type\" content=\"article\" \/>\n<meta property=\"og:title\" content=\"NOSO - Fl\u00e4chen Desinfektion\" \/>\n<meta property=\"og:url\" content=\"https:\/\/abioniv.com\/de\/noso-flaechen-desinfektion\/\" \/>\n<meta property=\"og:site_name\" content=\"Abioniv - Biotechnolgy Solutions\" \/>\n<meta property=\"article:publisher\" content=\"https:\/\/www.facebook.com\/myabioniv\/\" \/>\n<meta property=\"article:modified_time\" content=\"2019-10-23T13:45:43+00:00\" \/>\n<meta property=\"og:image\" content=\"http:\/\/abioniv.com\/wp-content\/uploads\/2016\/05\/abioniv-pet-1.png\" \/>\n<meta name=\"twitter:card\" content=\"summary_large_image\" \/>\n<meta name=\"twitter:site\" content=\"@abioniv\" \/>\n<meta name=\"twitter:label1\" content=\"Gesch\u00e4tzte Lesezeit\" \/>\n\t<meta name=\"twitter:data1\" content=\"5\u00a0Minuten\" \/>\n<script type=\"application\/ld+json\" class=\"yoast-schema-graph\">{\"@context\":\"https:\/\/schema.org\",\"@graph\":[{\"@type\":\"WebPage\",\"@id\":\"https:\/\/abioniv.com\/de\/noso-flaechen-desinfektion\/\",\"url\":\"https:\/\/abioniv.com\/de\/noso-flaechen-desinfektion\/\",\"name\":\"NOSO - Fl\u00e4chen Desinfektion - Abioniv - Biotechnolgy Solutions\",\"isPartOf\":{\"@id\":\"https:\/\/abioniv.com\/#website\"},\"primaryImageOfPage\":{\"@id\":\"https:\/\/abioniv.com\/de\/noso-flaechen-desinfektion\/#primaryimage\"},\"image\":{\"@id\":\"https:\/\/abioniv.com\/de\/noso-flaechen-desinfektion\/#primaryimage\"},\"thumbnailUrl\":\"http:\/\/abioniv.com\/wp-content\/uploads\/2016\/05\/abioniv-pet-1.png\",\"datePublished\":\"2016-04-22T15:24:38+00:00\",\"dateModified\":\"2019-10-23T13:45:43+00:00\",\"breadcrumb\":{\"@id\":\"https:\/\/abioniv.com\/de\/noso-flaechen-desinfektion\/#breadcrumb\"},\"inLanguage\":\"de\",\"potentialAction\":[{\"@type\":\"ReadAction\",\"target\":[\"https:\/\/abioniv.com\/de\/noso-flaechen-desinfektion\/\"]}]},{\"@type\":\"ImageObject\",\"inLanguage\":\"de\",\"@id\":\"https:\/\/abioniv.com\/de\/noso-flaechen-desinfektion\/#primaryimage\",\"url\":\"http:\/\/abioniv.com\/wp-content\/uploads\/2016\/05\/abioniv-pet-1.png\",\"contentUrl\":\"http:\/\/abioniv.com\/wp-content\/uploads\/2016\/05\/abioniv-pet-1.png\"},{\"@type\":\"BreadcrumbList\",\"@id\":\"https:\/\/abioniv.com\/de\/noso-flaechen-desinfektion\/#breadcrumb\",\"itemListElement\":[{\"@type\":\"ListItem\",\"position\":1,\"name\":\"Home\",\"item\":\"https:\/\/abioniv.com\/de\/\"},{\"@type\":\"ListItem\",\"position\":2,\"name\":\"NOSO &#8211; Fl\u00e4chen Desinfektion\"}]},{\"@type\":\"WebSite\",\"@id\":\"https:\/\/abioniv.com\/#website\",\"url\":\"https:\/\/abioniv.com\/\",\"name\":\"Abioniv - The Reference in Prevention\",\"description\":\"Biotechnolgy Solutions\",\"publisher\":{\"@id\":\"https:\/\/abioniv.com\/#organization\"},\"potentialAction\":[{\"@type\":\"SearchAction\",\"target\":{\"@type\":\"EntryPoint\",\"urlTemplate\":\"https:\/\/abioniv.com\/?s={search_term_string}\"},\"query-input\":{\"@type\":\"PropertyValueSpecification\",\"valueRequired\":true,\"valueName\":\"search_term_string\"}}],\"inLanguage\":\"de\"},{\"@type\":\"Organization\",\"@id\":\"https:\/\/abioniv.com\/#organization\",\"name\":\"abioniv\",\"url\":\"https:\/\/abioniv.com\/\",\"logo\":{\"@type\":\"ImageObject\",\"inLanguage\":\"de\",\"@id\":\"https:\/\/abioniv.com\/#\/schema\/logo\/image\/\",\"url\":\"https:\/\/abioniv.com\/wp-content\/uploads\/2019\/03\/ABIO_logo_P7546-e1628608523617.jpg\",\"contentUrl\":\"https:\/\/abioniv.com\/wp-content\/uploads\/2019\/03\/ABIO_logo_P7546-e1628608523617.jpg\",\"width\":179,\"height\":72,\"caption\":\"abioniv\"},\"image\":{\"@id\":\"https:\/\/abioniv.com\/#\/schema\/logo\/image\/\"},\"sameAs\":[\"https:\/\/www.facebook.com\/myabioniv\/\",\"https:\/\/x.com\/abioniv\",\"https:\/\/www.linkedin.com\/company\/abioniv\",\"https:\/\/www.pinterest.ch\/abioniv\/\",\"https:\/\/www.youtube.com\/channel\/UCoUL2aw7cgnywbkRsI3OQBg\"]}]}<\/script>\n<!-- \/ Yoast SEO Premium plugin. -->","yoast_head_json":{"title":"NOSO - Fl\u00e4chen Desinfektion - Abioniv - Biotechnolgy Solutions","robots":{"index":"index","follow":"follow","max-snippet":"max-snippet:-1","max-image-preview":"max-image-preview:large","max-video-preview":"max-video-preview:-1"},"canonical":"https:\/\/abioniv.com\/de\/noso-flaechen-desinfektion\/","og_locale":"de_DE","og_type":"article","og_title":"NOSO - Fl\u00e4chen Desinfektion","og_url":"https:\/\/abioniv.com\/de\/noso-flaechen-desinfektion\/","og_site_name":"Abioniv - Biotechnolgy Solutions","article_publisher":"https:\/\/www.facebook.com\/myabioniv\/","article_modified_time":"2019-10-23T13:45:43+00:00","og_image":[{"url":"http:\/\/abioniv.com\/wp-content\/uploads\/2016\/05\/abioniv-pet-1.png","type":"","width":"","height":""}],"twitter_card":"summary_large_image","twitter_site":"@abioniv","twitter_misc":{"Gesch\u00e4tzte Lesezeit":"5\u00a0Minuten"},"schema":{"@context":"https:\/\/schema.org","@graph":[{"@type":"WebPage","@id":"https:\/\/abioniv.com\/de\/noso-flaechen-desinfektion\/","url":"https:\/\/abioniv.com\/de\/noso-flaechen-desinfektion\/","name":"NOSO - Fl\u00e4chen Desinfektion - Abioniv - Biotechnolgy Solutions","isPartOf":{"@id":"https:\/\/abioniv.com\/#website"},"primaryImageOfPage":{"@id":"https:\/\/abioniv.com\/de\/noso-flaechen-desinfektion\/#primaryimage"},"image":{"@id":"https:\/\/abioniv.com\/de\/noso-flaechen-desinfektion\/#primaryimage"},"thumbnailUrl":"http:\/\/abioniv.com\/wp-content\/uploads\/2016\/05\/abioniv-pet-1.png","datePublished":"2016-04-22T15:24:38+00:00","dateModified":"2019-10-23T13:45:43+00:00","breadcrumb":{"@id":"https:\/\/abioniv.com\/de\/noso-flaechen-desinfektion\/#breadcrumb"},"inLanguage":"de","potentialAction":[{"@type":"ReadAction","target":["https:\/\/abioniv.com\/de\/noso-flaechen-desinfektion\/"]}]},{"@type":"ImageObject","inLanguage":"de","@id":"https:\/\/abioniv.com\/de\/noso-flaechen-desinfektion\/#primaryimage","url":"http:\/\/abioniv.com\/wp-content\/uploads\/2016\/05\/abioniv-pet-1.png","contentUrl":"http:\/\/abioniv.com\/wp-content\/uploads\/2016\/05\/abioniv-pet-1.png"},{"@type":"BreadcrumbList","@id":"https:\/\/abioniv.com\/de\/noso-flaechen-desinfektion\/#breadcrumb","itemListElement":[{"@type":"ListItem","position":1,"name":"Home","item":"https:\/\/abioniv.com\/de\/"},{"@type":"ListItem","position":2,"name":"NOSO &#8211; Fl\u00e4chen Desinfektion"}]},{"@type":"WebSite","@id":"https:\/\/abioniv.com\/#website","url":"https:\/\/abioniv.com\/","name":"Abioniv - The Reference in Prevention","description":"Biotechnolgy Solutions","publisher":{"@id":"https:\/\/abioniv.com\/#organization"},"potentialAction":[{"@type":"SearchAction","target":{"@type":"EntryPoint","urlTemplate":"https:\/\/abioniv.com\/?s={search_term_string}"},"query-input":{"@type":"PropertyValueSpecification","valueRequired":true,"valueName":"search_term_string"}}],"inLanguage":"de"},{"@type":"Organization","@id":"https:\/\/abioniv.com\/#organization","name":"abioniv","url":"https:\/\/abioniv.com\/","logo":{"@type":"ImageObject","inLanguage":"de","@id":"https:\/\/abioniv.com\/#\/schema\/logo\/image\/","url":"https:\/\/abioniv.com\/wp-content\/uploads\/2019\/03\/ABIO_logo_P7546-e1628608523617.jpg","contentUrl":"https:\/\/abioniv.com\/wp-content\/uploads\/2019\/03\/ABIO_logo_P7546-e1628608523617.jpg","width":179,"height":72,"caption":"abioniv"},"image":{"@id":"https:\/\/abioniv.com\/#\/schema\/logo\/image\/"},"sameAs":["https:\/\/www.facebook.com\/myabioniv\/","https:\/\/x.com\/abioniv","https:\/\/www.linkedin.com\/company\/abioniv","https:\/\/www.pinterest.ch\/abioniv\/","https:\/\/www.youtube.com\/channel\/UCoUL2aw7cgnywbkRsI3OQBg"]}]}},"_links":{"self":[{"href":"https:\/\/abioniv.com\/de\/wp-json\/wp\/v2\/pages\/11819"}],"collection":[{"href":"https:\/\/abioniv.com\/de\/wp-json\/wp\/v2\/pages"}],"about":[{"href":"https:\/\/abioniv.com\/de\/wp-json\/wp\/v2\/types\/page"}],"author":[{"embeddable":true,"href":"https:\/\/abioniv.com\/de\/wp-json\/wp\/v2\/users\/1"}],"replies":[{"embeddable":true,"href":"https:\/\/abioniv.com\/de\/wp-json\/wp\/v2\/comments?post=11819"}],"version-history":[{"count":22,"href":"https:\/\/abioniv.com\/de\/wp-json\/wp\/v2\/pages\/11819\/revisions"}],"predecessor-version":[{"id":16035,"href":"https:\/\/abioniv.com\/de\/wp-json\/wp\/v2\/pages\/11819\/revisions\/16035"}],"wp:attachment":[{"href":"https:\/\/abioniv.com\/de\/wp-json\/wp\/v2\/media?parent=11819"}],"curies":[{"name":"wp","href":"https:\/\/api.w.org\/{rel}","templated":true}]}}